{"id":281040,"date":"2019-03-06T14:15:27","date_gmt":"2025-06-23T09:33:23","guid":{"rendered":"https:\/\/www.huntersfriend.eu\/product\/buck-gardner-doppelschlaufen-umhaengeband\/"},"modified":"2025-07-19T04:40:10","modified_gmt":"2025-07-19T02:40:10","slug":"buck-gardner-doppelschlaufen-umhaengeband","status":"publish","type":"product","link":"https:\/\/www.huntersfriend.eu\/de\/produkt\/buck-gardner-doppelschlaufen-umhaengeband\/","title":{"rendered":"Buck Gardner Doppelschlaufen-Umh\u00e4ngeband"},"content":{"rendered":"<p>Buck Gardner Doppelschlaufen-Umh\u00e4ngeband &#8211; Hergestellt aus strapazierf\u00e4higem, witterungsbest\u00e4ndigem geflochtenen Nylon mit Edelstahlfedern zur sicheren Befestigung und zum Transport Ihrer Jagdlocker im Feld.<\/p>\n<ul>\n<li>F\u00fcr zwei Jagdlocker<\/li>\n<\/ul>\n<p><strong>Farbe:<\/strong> Tarnmuster<\/p>\n<p><em>Jagdlocker nicht im Lieferumfang enthalten &#8211; dieses Foto dient zur Veranschaulichung der Verwendung des Doppelschlaufen-Umh\u00e4ngebands<\/em><\/p>\n","protected":false},"excerpt":{"rendered":"<p>F\u00fcr zwei Jagdlocker<\/p>\n","protected":false},"featured_media":195894,"comment_status":"open","ping_status":"closed","template":"","meta":[],"product_brand":[],"product_cat":[1184],"product_tag":[2293,2292],"class_list":{"0":"post-281040","1":"product","2":"type-product","3":"status-publish","4":"has-post-thumbnail","6":"product_cat-locker-zubehoer","7":"product_tag-accessoires","8":"product_tag-anrufen","10":"first","11":"outofstock","12":"taxable","13":"shipping-taxable","14":"purchasable","15":"product-type-simple"},"composite_virtual":false,"composite_layout":"","composite_add_to_cart_form_location":"","composite_editable_in_cart":false,"composite_sold_individually_context":"","composite_shop_price_calc":"","composite_components":[],"composite_scenarios":[],"group_of_quantity":0,"min_quantity":0,"max_quantity":"","exclude_order_quantity_value_rules":"no","exclude_category_quantity_rules":"no","combine_variations":"no","exclude_global_add_ons":[],"addons":[],"_links":{"self":[{"href":"https:\/\/www.huntersfriend.eu\/de\/wp-json\/wp\/v2\/product\/281040","targetHints":{"allow":["GET"]}}],"collection":[{"href":"https:\/\/www.huntersfriend.eu\/de\/wp-json\/wp\/v2\/product"}],"about":[{"href":"https:\/\/www.huntersfriend.eu\/de\/wp-json\/wp\/v2\/types\/product"}],"replies":[{"embeddable":true,"href":"https:\/\/www.huntersfriend.eu\/de\/wp-json\/wp\/v2\/comments?post=281040"}],"wp:featuredmedia":[{"embeddable":true,"href":"https:\/\/www.huntersfriend.eu\/de\/wp-json\/wp\/v2\/media\/195894"}],"wp:attachment":[{"href":"https:\/\/www.huntersfriend.eu\/de\/wp-json\/wp\/v2\/media?parent=281040"}],"wp:term":[{"taxonomy":"product_brand","embeddable":true,"href":"https:\/\/www.huntersfriend.eu\/de\/wp-json\/wp\/v2\/product_brand?post=281040"},{"taxonomy":"product_cat","embeddable":true,"href":"https:\/\/www.huntersfriend.eu\/de\/wp-json\/wp\/v2\/product_cat?post=281040"},{"taxonomy":"product_tag","embeddable":true,"href":"https:\/\/www.huntersfriend.eu\/de\/wp-json\/wp\/v2\/product_tag?post=281040"}],"curies":[{"name":"wp","href":"https:\/\/api.w.org\/{rel}","templated":true}]}}