{"id":281032,"date":"2019-03-03T14:20:06","date_gmt":"2025-06-23T09:33:18","guid":{"rendered":"https:\/\/www.huntersfriend.eu\/product\/bowtech-eva-shockey-gen-3\/"},"modified":"2025-06-23T11:33:18","modified_gmt":"2025-06-23T09:33:18","slug":"bowtech-eva-shockey-gen-3","status":"publish","type":"product","link":"https:\/\/www.huntersfriend.eu\/de\/produkt\/bowtech-eva-shockey-gen-3\/","title":{"rendered":"Bowtech Eva Shockey Gen 3"},"content":{"rendered":"<h2>PREMIUM DAMENBOGEN, DEADLOCK-TECHNOLOGIE UND EVA SHOCKEY&#8230; WENN WIR SCHON NAMEN NENNEN.<\/h2>\n<h6>VERBESSERTE EINSTELLBARKEIT, UN\u00dcBERTROFFENER KOMFORT, GRENZENLOSE M\u00d6GLICHKEITEN!<\/h6>\n<ul>\n<li>Konzipiert f\u00fcr \u00fcberlegene Einstellbarkeit, reduziertes Gewicht und einen f\u00fcr Damen optimierten Auszugsl\u00e4ngenbereich, ohne Leistungseinbu\u00dfen.<\/li>\n<li>Ausgestattet mit DeadLock-Technologie; die schnellste und einfachste Methode, um einen perfekten Pfeilflug und wiederholbare Genauigkeit zu erzielen.<\/li>\n<li>Das einzigartige, bogenpress-freie Design von TimeLock erm\u00f6glicht eine schnelle und einfache Anpassung der Nockenposition mit einem einfachen Inbusschl\u00fcssel.<\/li>\n<li>GripLock erm\u00f6glicht eine individuelle Positionierung des Griffwinkels zur Feinabstimmung der Haltung f\u00fcr erh\u00f6hte Genauigkeit.<\/li>\n<li>Verf\u00fcgt \u00fcber das Integrate Mounting System Schwalbenschwanz zur Verwendung mit Pfeilauflagen, die mit IMS ausgestattet sind.<\/li>\n<\/ul>\n<p>Rotierendes Modul zur einfachen Einstellung der Auszugsl\u00e4nge.<\/p>\n<ul>\n<li>Achse-zu-Achse 28&#8243;<\/li>\n<li>Standh\u00f6he 6,125&#8243;<\/li>\n<li>Geschwindigkeit 326 FPS<\/li>\n<li>Auszugsl\u00e4nge 24 &#8211; 29&#8243;<\/li>\n<li>Zuggewicht 40, 50, 60 LBS<\/li>\n<li>Gesamtgewicht 3,9 lbs<\/li>\n<\/ul>\n","protected":false},"excerpt":{"rendered":"<p>Sonder-\/Spezialbestellung &#8211; \u00fcblicherweise 3-10 Wochen &#8211; kontaktieren Sie uns f\u00fcr eine genauere Einsch\u00e4tzung<\/p>\n","protected":false},"featured_media":267388,"comment_status":"open","ping_status":"closed","template":"","meta":[],"product_brand":[],"product_cat":[1125],"product_tag":[],"class_list":{"0":"post-281032","1":"product","2":"type-product","3":"status-publish","4":"has-post-thumbnail","6":"product_cat-compoundbogen-blank","7":"product_shipping_class-big-de","9":"first","10":"onbackorder","11":"taxable","12":"shipping-taxable","13":"product-type-variable"},"composite_virtual":false,"composite_layout":"","composite_add_to_cart_form_location":"","composite_editable_in_cart":false,"composite_sold_individually_context":"","composite_shop_price_calc":"","composite_components":[],"composite_scenarios":[],"group_of_quantity":0,"min_quantity":0,"max_quantity":"","exclude_order_quantity_value_rules":"no","exclude_category_quantity_rules":"no","combine_variations":"no","exclude_global_add_ons":false,"addons":[{"name":"Bogenhand","type":"multiple_choice","position":0,"required":true,"title_format":"label","default":"","description_enable":false,"description":null,"placeholder_enable":false,"placeholder":null,"display":"select","restrictions_type":"any_text","adjust_price":false,"price":"","price_type":"flat_fee","restrictions":false,"min":"0","max":"0","options":[{"label":"Rechte Hand","price":"","price_type":"flat_fee","image":0,"visibility":true},{"label":"Linke Hand","price":"","price_type":"flat_fee","image":0,"visibility":true}]},{"name":"Zuggewicht","type":"multiple_choice","position":1,"required":true,"title_format":"label","default":"","description_enable":false,"description":null,"placeholder_enable":false,"placeholder":null,"display":"select","restrictions_type":"any_text","adjust_price":false,"price":"","price_type":"flat_fee","restrictions":false,"min":"0","max":"0","options":[{"label":"30-40#","price":"","price_type":"flat_fee","image":0,"visibility":true},{"label":"40-50#","price":"","price_type":"flat_fee","image":0,"visibility":true},{"label":"50-60#","price":"","price_type":"flat_fee","image":0,"visibility":true}]},{"name":"Farbe","type":"multiple_choice","position":2,"required":true,"title_format":"label","default":"","description_enable":false,"description":null,"placeholder_enable":false,"placeholder":null,"display":"select","restrictions_type":"any_text","adjust_price":false,"price":"","price_type":"flat_fee","restrictions":false,"min":"0","max":"0","options":[{"label":"Schwarz","price":"","price_type":"flat_fee","image":0,"visibility":true},{"label":"Mossy Oak Country DNA","price":"","price_type":"flat_fee","image":0,"visibility":true},{"label":"Forest","price":"","price_type":"flat_fee","image":0,"visibility":true},{"label":"Smoke Grey","price":"","price_type":"flat_fee","image":0,"visibility":true}]}],"_links":{"self":[{"href":"https:\/\/www.huntersfriend.eu\/de\/wp-json\/wp\/v2\/product\/281032","targetHints":{"allow":["GET"]}}],"collection":[{"href":"https:\/\/www.huntersfriend.eu\/de\/wp-json\/wp\/v2\/product"}],"about":[{"href":"https:\/\/www.huntersfriend.eu\/de\/wp-json\/wp\/v2\/types\/product"}],"replies":[{"embeddable":true,"href":"https:\/\/www.huntersfriend.eu\/de\/wp-json\/wp\/v2\/comments?post=281032"}],"wp:featuredmedia":[{"embeddable":true,"href":"https:\/\/www.huntersfriend.eu\/de\/wp-json\/wp\/v2\/media\/267388"}],"wp:attachment":[{"href":"https:\/\/www.huntersfriend.eu\/de\/wp-json\/wp\/v2\/media?parent=281032"}],"wp:term":[{"taxonomy":"product_brand","embeddable":true,"href":"https:\/\/www.huntersfriend.eu\/de\/wp-json\/wp\/v2\/product_brand?post=281032"},{"taxonomy":"product_cat","embeddable":true,"href":"https:\/\/www.huntersfriend.eu\/de\/wp-json\/wp\/v2\/product_cat?post=281032"},{"taxonomy":"product_tag","embeddable":true,"href":"https:\/\/www.huntersfriend.eu\/de\/wp-json\/wp\/v2\/product_tag?post=281032"}],"curies":[{"name":"wp","href":"https:\/\/api.w.org\/{rel}","templated":true}]}}