{"id":281031,"date":"2019-02-28T18:20:28","date_gmt":"2019-02-28T16:20:28","guid":{"rendered":"https:\/\/www.huntersfriend.eu\/product\/vanetec-v-tough-klebstoff\/"},"modified":"2026-04-10T11:39:39","modified_gmt":"2026-04-10T09:39:39","slug":"vanetec-v-tough-klebstoff","status":"publish","type":"product","link":"https:\/\/www.huntersfriend.eu\/de\/produkt\/vanetec-v-tough-klebstoff\/","title":{"rendered":"Vanetec v tough Klebstoff"},"content":{"rendered":"<p><strong>Beschreibung: <\/strong>V-Tough Insert &amp; Component Adhesive ist ein 0,7 Unzen Fl\u00e4schchen, das sich als erfahrener Veteran im Einsatz bew\u00e4hrt und die Schlagfestigkeit neu definiert. So robust es auch ist, VaneTec stellt es auf Bestellung her, sodass es jedes Mal frisch ist. Dies ist entscheidend f\u00fcr einen spezialisierten Klebstoff, um seine Aufgabe ordnungsgem\u00e4\u00df zu erf\u00fcllen, und es macht V-Tough so einzigartig.  <\/p>\n<p>&nbsp;<\/p>\n<p><strong>Anweisungen:<\/strong> Reinigen Sie Eins\u00e4tze und das Innere der Pfeilsch\u00e4fte mit der warmen 50%igen Simple Green\u00ae-L\u00f6sung, sp\u00fclen Sie sie ab und lassen Sie sie an der Luft trocknen. Pfeile, Eins\u00e4tze und Klebstoff sollten Raumtemperatur haben. <\/p>\n<p>Tragen Sie den Klebstoff um den gesamten Einsatz herum auf und dr\u00fccken Sie ihn schnell ein. Wischen Sie \u00fcbersch\u00fcssigen Klebstoff ab und lassen Sie ihn 24 Stunden aush\u00e4rten. <\/p>\n","protected":false},"excerpt":{"rendered":"<p>20 Gramm<\/p>\n","protected":false},"featured_media":211000,"comment_status":"open","ping_status":"closed","template":"","meta":[],"product_brand":[],"product_cat":[2765,2988,876,1222],"product_tag":[],"class_list":{"0":"post-281031","1":"product","2":"type-product","3":"status-publish","4":"has-post-thumbnail","6":"product_cat-fyndlada-slutrea","7":"product_cat-lim-och-fastmedel","8":"product_cat-bargain-bin-close-outs","9":"product_cat-sonderangebote","11":"first","12":"instock","13":"sale","14":"taxable","15":"shipping-taxable","16":"purchasable","17":"product-type-simple"},"composite_virtual":false,"composite_layout":"","composite_add_to_cart_form_location":"","composite_editable_in_cart":false,"composite_sold_individually_context":"","composite_shop_price_calc":"","composite_components":[],"composite_scenarios":[],"group_of_quantity":0,"min_quantity":0,"max_quantity":"","exclude_order_quantity_value_rules":"no","exclude_category_quantity_rules":"no","combine_variations":"no","exclude_global_add_ons":[],"addons":[],"_links":{"self":[{"href":"https:\/\/www.huntersfriend.eu\/de\/wp-json\/wp\/v2\/product\/281031","targetHints":{"allow":["GET"]}}],"collection":[{"href":"https:\/\/www.huntersfriend.eu\/de\/wp-json\/wp\/v2\/product"}],"about":[{"href":"https:\/\/www.huntersfriend.eu\/de\/wp-json\/wp\/v2\/types\/product"}],"replies":[{"embeddable":true,"href":"https:\/\/www.huntersfriend.eu\/de\/wp-json\/wp\/v2\/comments?post=281031"}],"wp:featuredmedia":[{"embeddable":true,"href":"https:\/\/www.huntersfriend.eu\/de\/wp-json\/wp\/v2\/media\/211000"}],"wp:attachment":[{"href":"https:\/\/www.huntersfriend.eu\/de\/wp-json\/wp\/v2\/media?parent=281031"}],"wp:term":[{"taxonomy":"product_brand","embeddable":true,"href":"https:\/\/www.huntersfriend.eu\/de\/wp-json\/wp\/v2\/product_brand?post=281031"},{"taxonomy":"product_cat","embeddable":true,"href":"https:\/\/www.huntersfriend.eu\/de\/wp-json\/wp\/v2\/product_cat?post=281031"},{"taxonomy":"product_tag","embeddable":true,"href":"https:\/\/www.huntersfriend.eu\/de\/wp-json\/wp\/v2\/product_tag?post=281031"}],"curies":[{"name":"wp","href":"https:\/\/api.w.org\/{rel}","templated":true}]}}