{"id":281010,"date":"2019-02-25T10:27:12","date_gmt":"2019-02-25T08:27:12","guid":{"rendered":"https:\/\/www.huntersfriend.eu\/product\/diamond-infinite-305-werkskit-vorraetig\/"},"modified":"2026-03-26T13:43:49","modified_gmt":"2026-03-26T11:43:49","slug":"diamond-infinite-305-werkskit-vorraetig","status":"publish","type":"product","link":"https:\/\/www.huntersfriend.eu\/de\/produkt\/diamond-infinite-305-werkskit-vorraetig\/","title":{"rendered":"Diamond infinite 305 Werkskit &#8211; vorr\u00e4tig"},"content":{"rendered":"<p><span data-text-color=\"alert\"><strong>Begrenzte Verf\u00fcgbarkeit.<\/strong><\/span><\/p>\n<h3>Das RAK-Paket beinhaltet<\/h3>\n<ul>\n<li>Bogen<\/li>\n<li>Octagon Brush Pfeilauflage<\/li>\n<li>Stryker3 Drei-Pin-Visier<\/li>\n<li>Boost-Stabilisator<\/li>\n<li>Furnace Bogenk\u00f6cher<\/li>\n<li>Peep-Visier und Handschlaufe.<\/li>\n<\/ul>\n<p><em>Bitte beachten Sie, dass Werkspakete, unabh\u00e4ngig vom Hersteller, weder eingestellt noch schussbereit aus der Verpackung kommen.<\/em><\/p>\n<div>\n<p>Beeindruckend! Sie haben den meistverkauften Infinite Edge Pro Bogen noch verbessert!! Maximale Leistung und einfache Verstellbarkeit, ganz zu schweigen von der beeindruckenden Optik. All das bietet der neue Infinite 305 zu einem unerwarteten Preisniveau. Konzipiert f\u00fcr jede Jagdsituation, in jeder Umgebung oder f\u00fcr den Freizeitgebrauch im Garten. Der enorme Auszugsl\u00e4ngenbereich von 30,48 cm und 28,58 kg Zuggewicht l\u00e4sst sich schnell und einfach ohne Bogenpresse einstellen. Mit dem Infinite 305 sind die M\u00f6glichkeiten grenzenlos.      <\/p>\n<h3>Spezifikationen<\/h3>\n<\/div>\n<div>\n<table style=\"height: 55px;\" width=\"1100\" align=\"\">\n<tbody>\n<tr>\n<td><strong>IBO-GESCHWINDIGKEIT<\/strong><br \/>\n305 fps<\/td>\n<td><strong>ACHSABSTAND<\/strong><br \/>\n81,28 cm<\/td>\n<td><strong>STANDH\u00d6HE<\/strong><br \/>\n18,42 cm<\/td>\n<td><strong>ZUGGEWICHTE<\/strong><br \/>\n3,18-31,75 kg<\/td>\n<td><strong>AUSZUGSL\u00c4NGEN<\/strong><br \/>\n48,26 \u201ebis 78,74 cm\u201c<\/td>\n<td><strong>AUSZUG<\/strong><br \/>\n77%<\/td>\n<td><strong>BOGENGEWICHT<\/strong><br \/>\n1,5 kg<\/td>\n<td><strong>OBERFL\u00c4CHE<\/strong><br \/>\nBreak-up Country, Schwarz oder Pink<\/td>\n<\/tr>\n<\/tbody>\n<\/table>\n<\/div>\n<div>Dieser Bogen ist durch die lebenslange Garantie von Diamond abgedeckt.<\/div>\n","protected":false},"excerpt":{"rendered":"<p>Sonderbestellung Bogen &#8211; \u00fcblicherweise 1-5 Wochen \/ Wir empfehlen, uns vor der Bestellung bez\u00fcglich der Verf\u00fcgbarkeit zu kontaktieren<\/p>\n","protected":false},"featured_media":201324,"comment_status":"open","ping_status":"closed","template":"","meta":[],"product_brand":[],"product_cat":[1238],"product_tag":[],"class_list":{"0":"post-281010","1":"product","2":"type-product","3":"status-publish","4":"has-post-thumbnail","6":"product_cat-compound-sets","7":"product_shipping_class-big-de","9":"first","10":"instock","11":"taxable","12":"shipping-taxable","13":"purchasable","14":"product-type-variable","15":"has-default-attributes"},"composite_virtual":false,"composite_layout":"","composite_add_to_cart_form_location":"","composite_editable_in_cart":false,"composite_sold_individually_context":"","composite_shop_price_calc":"","composite_components":[],"composite_scenarios":[],"group_of_quantity":0,"min_quantity":0,"max_quantity":"","exclude_order_quantity_value_rules":"no","exclude_category_quantity_rules":"no","combine_variations":"no","exclude_global_add_ons":[],"addons":[],"_links":{"self":[{"href":"https:\/\/www.huntersfriend.eu\/de\/wp-json\/wp\/v2\/product\/281010","targetHints":{"allow":["GET"]}}],"collection":[{"href":"https:\/\/www.huntersfriend.eu\/de\/wp-json\/wp\/v2\/product"}],"about":[{"href":"https:\/\/www.huntersfriend.eu\/de\/wp-json\/wp\/v2\/types\/product"}],"replies":[{"embeddable":true,"href":"https:\/\/www.huntersfriend.eu\/de\/wp-json\/wp\/v2\/comments?post=281010"}],"wp:featuredmedia":[{"embeddable":true,"href":"https:\/\/www.huntersfriend.eu\/de\/wp-json\/wp\/v2\/media\/201324"}],"wp:attachment":[{"href":"https:\/\/www.huntersfriend.eu\/de\/wp-json\/wp\/v2\/media?parent=281010"}],"wp:term":[{"taxonomy":"product_brand","embeddable":true,"href":"https:\/\/www.huntersfriend.eu\/de\/wp-json\/wp\/v2\/product_brand?post=281010"},{"taxonomy":"product_cat","embeddable":true,"href":"https:\/\/www.huntersfriend.eu\/de\/wp-json\/wp\/v2\/product_cat?post=281010"},{"taxonomy":"product_tag","embeddable":true,"href":"https:\/\/www.huntersfriend.eu\/de\/wp-json\/wp\/v2\/product_tag?post=281010"}],"curies":[{"name":"wp","href":"https:\/\/api.w.org\/{rel}","templated":true}]}}