{"id":281004,"date":"2019-03-06T14:15:45","date_gmt":"2025-06-23T09:32:56","guid":{"rendered":"https:\/\/www.huntersfriend.eu\/product\/gluecklicher-entenschnatterer\/"},"modified":"2025-08-02T03:24:22","modified_gmt":"2025-08-02T01:24:22","slug":"gluecklicher-entenschnatterer","status":"publish","type":"product","link":"https:\/\/www.huntersfriend.eu\/de\/produkt\/gluecklicher-entenschnatterer\/","title":{"rendered":"Gl\u00fccklicher Entenschnatterer"},"content":{"rendered":"<p class=\"p1\"><span class=\"s1\">Bewegung ist der Schl\u00fcssel zur Anlockung von V\u00f6geln an ruhigen Tagen. Der Lucky Dabbler \u00e4hnelt einer fressenden Stockentendrake, deren F\u00fc\u00dfe treten und Wasser aufwirbeln, was Oberfl\u00e4chenunruhe erzeugt. Der Dabbler kann kontinuierlich oder im Timer-Modus (10 Sekunden an und 5 Sekunden aus) betrieben werden. Diese Lockvogel-Attrappe verf\u00fcgt \u00fcber ein \u00e4u\u00dferst realistische Farbgebung und besteht aus widerstandsf\u00e4higem EVA-Kunststoff, der Rissbildung verhindert. Der Dabbler enth\u00e4lt Spritzpaddel, einen 6-Volt-Akku, ein intelligentes Ladeger\u00e4t und einen robusten Schaumstoffschwimmer. Die Attrappe ist ferngesteuert vorbereitet und funktioniert mit dem Lucky HD Fernsteuerungsset (separat erh\u00e4ltlich).     <\/span><\/p>\n<ul>\n<li>\u00c4hnelt einer fressenden Stockente<\/li>\n<li>L\u00e4uft kontinuierlich oder im Timer-Modus (10 Sekunden an und 5 Sekunden aus)<\/li>\n<li>Widerstandsf\u00e4higer EVA-Kunststoffk\u00f6rper<\/li>\n<li>Wasseraktivierter Schalter<\/li>\n<li>HD-Fernsteuerungsset-kompatibel (separat erh\u00e4ltlich)<\/li>\n<li>Inklusive\n<ul>\n<li>Spritzriemen<\/li>\n<li>6-Volt-Akku und intelligentes Ladeger\u00e4t<\/li>\n<li>Robuster Schaumstoffschwimmer<\/li>\n<\/ul>\n<\/li>\n<\/ul>\n<p><strong>Achtung: Online-Bestellungen sind auf einen Karton pro Bestellung begrenzt. F\u00fcr gr\u00f6\u00dfere Mengen kontaktieren Sie bitte direkt den Kundenservice, um Informationen \u00fcber Lieferkosten zu erhalten. <\/strong><\/p>\n","protected":false},"excerpt":{"rendered":"<p><strong>Achtung: Online-Bestellungen sind auf eine Packung pro Bestellung begrenzt. F\u00fcr gr\u00f6\u00dfere Mengen kontaktieren Sie bitte direkt den Kundenservice, um Informationen zu den Lieferkosten zu erhalten. <\/strong><\/p>\n","protected":false},"featured_media":210038,"comment_status":"open","ping_status":"closed","template":"","meta":[],"product_brand":[],"product_cat":[1395],"product_tag":[],"class_list":{"0":"post-281004","1":"product","2":"type-product","3":"status-publish","4":"has-post-thumbnail","6":"product_cat-lockvogel-mit-bewegung","7":"product_shipping_class-medium-de","9":"first","10":"instock","11":"taxable","12":"shipping-taxable","13":"purchasable","14":"product-type-simple"},"composite_virtual":false,"composite_layout":"","composite_add_to_cart_form_location":"","composite_editable_in_cart":false,"composite_sold_individually_context":"","composite_shop_price_calc":"","composite_components":[],"composite_scenarios":[],"group_of_quantity":0,"min_quantity":0,"max_quantity":"","exclude_order_quantity_value_rules":"no","exclude_category_quantity_rules":"no","combine_variations":"no","exclude_global_add_ons":[],"addons":[],"_links":{"self":[{"href":"https:\/\/www.huntersfriend.eu\/de\/wp-json\/wp\/v2\/product\/281004","targetHints":{"allow":["GET"]}}],"collection":[{"href":"https:\/\/www.huntersfriend.eu\/de\/wp-json\/wp\/v2\/product"}],"about":[{"href":"https:\/\/www.huntersfriend.eu\/de\/wp-json\/wp\/v2\/types\/product"}],"replies":[{"embeddable":true,"href":"https:\/\/www.huntersfriend.eu\/de\/wp-json\/wp\/v2\/comments?post=281004"}],"wp:featuredmedia":[{"embeddable":true,"href":"https:\/\/www.huntersfriend.eu\/de\/wp-json\/wp\/v2\/media\/210038"}],"wp:attachment":[{"href":"https:\/\/www.huntersfriend.eu\/de\/wp-json\/wp\/v2\/media?parent=281004"}],"wp:term":[{"taxonomy":"product_brand","embeddable":true,"href":"https:\/\/www.huntersfriend.eu\/de\/wp-json\/wp\/v2\/product_brand?post=281004"},{"taxonomy":"product_cat","embeddable":true,"href":"https:\/\/www.huntersfriend.eu\/de\/wp-json\/wp\/v2\/product_cat?post=281004"},{"taxonomy":"product_tag","embeddable":true,"href":"https:\/\/www.huntersfriend.eu\/de\/wp-json\/wp\/v2\/product_tag?post=281004"}],"curies":[{"name":"wp","href":"https:\/\/api.w.org\/{rel}","templated":true}]}}