{"id":281002,"date":"2019-03-06T14:15:39","date_gmt":"2025-06-23T09:32:55","guid":{"rendered":"https:\/\/www.huntersfriend.eu\/product\/lucky-quiver-duck-hd\/"},"modified":"2025-08-06T05:39:01","modified_gmt":"2025-08-06T03:39:01","slug":"lucky-quiver-duck-hd","status":"publish","type":"product","link":"https:\/\/www.huntersfriend.eu\/de\/produkt\/lucky-quiver-duck-hd\/","title":{"rendered":"Lucky Quiver Duck HD"},"content":{"rendered":"<p>Verleihen Sie Ihrer Aufstellung mehr Lebendigkeit mit dem Quiver Duck HD. Diese Lockattrappe erzeugt realistische Kr\u00e4uselungen in Ihrer gesamten Aufstellung, was besonders an windstillen Tagen oder in Situationen mit stehendem Gew\u00e4sser unerl\u00e4sslich ist. Der Quiver Duck verf\u00fcgt \u00fcber einen wasseraktivierten Schalter, der die Lockattrappe sofort einschaltet, sobald sie das Wasser ber\u00fchrt! Imitieren Sie lebendige Enten, die umherschwimmen und Wasserbewegungen verursachen. Der getriebegesteuerte Zittermechanismus gew\u00e4hrleistet eine l\u00e4ngere Akkulaufzeit und zus\u00e4tzliche Bewegung in Ihrer Aufstellung. Eine Ankervorrichtung (Anker separat erh\u00e4ltlich) stellt sicher, dass die Lockattrappe stets in Position bleibt. Ben\u00f6tigt 4 AA-Batterien (nicht im Lieferumfang enthalten).      <\/p>\n<ul>\n<li>HD-K\u00f6rperform f\u00fcr \u00fcberragenden Realismus<\/li>\n<li>Getriebegesteuerter Zittermechanismus f\u00fcr l\u00e4ngere Akkulaufzeit<\/li>\n<li>F\u00fcgt Ihrer Aufstellung an windstillen Tagen Bewegung hinzu<\/li>\n<li>Wasseraktivierter Schalter<\/li>\n<li>Ben\u00f6tigt 4 AA-Batterien (nicht im Lieferumfang enthalten)<\/li>\n<li>Nur als Stockenten-Erpel erh\u00e4ltlich<\/li>\n<\/ul>\n<p><strong>Achtung: Online-Bestellungen sind auf einen Karton pro Bestellung begrenzt. F\u00fcr gr\u00f6\u00dfere Mengen kontaktieren Sie bitte direkt den Kundenservice, um Informationen \u00fcber Lieferkosten zu erhalten. <\/strong><\/p>\n","protected":false},"excerpt":{"rendered":"<p><strong>Achtung: Online-Bestellungen sind auf eine Packung pro Bestellung begrenzt. F\u00fcr gr\u00f6\u00dfere Mengen kontaktieren Sie bitte direkt den Kundenservice, um Informationen zu den Lieferkosten zu erhalten. <\/strong><\/p>\n","protected":false},"featured_media":208525,"comment_status":"open","ping_status":"closed","template":"","meta":[],"product_brand":[],"product_cat":[1395],"product_tag":[],"class_list":{"0":"post-281002","1":"product","2":"type-product","3":"status-publish","4":"has-post-thumbnail","6":"product_cat-lockvogel-mit-bewegung","7":"product_shipping_class-medium-de","9":"first","10":"instock","11":"taxable","12":"shipping-taxable","13":"purchasable","14":"product-type-simple"},"composite_virtual":false,"composite_layout":"","composite_add_to_cart_form_location":"","composite_editable_in_cart":false,"composite_sold_individually_context":"","composite_shop_price_calc":"","composite_components":[],"composite_scenarios":[],"group_of_quantity":0,"min_quantity":0,"max_quantity":"","exclude_order_quantity_value_rules":"no","exclude_category_quantity_rules":"no","combine_variations":"no","exclude_global_add_ons":[],"addons":[],"_links":{"self":[{"href":"https:\/\/www.huntersfriend.eu\/de\/wp-json\/wp\/v2\/product\/281002","targetHints":{"allow":["GET"]}}],"collection":[{"href":"https:\/\/www.huntersfriend.eu\/de\/wp-json\/wp\/v2\/product"}],"about":[{"href":"https:\/\/www.huntersfriend.eu\/de\/wp-json\/wp\/v2\/types\/product"}],"replies":[{"embeddable":true,"href":"https:\/\/www.huntersfriend.eu\/de\/wp-json\/wp\/v2\/comments?post=281002"}],"wp:featuredmedia":[{"embeddable":true,"href":"https:\/\/www.huntersfriend.eu\/de\/wp-json\/wp\/v2\/media\/208525"}],"wp:attachment":[{"href":"https:\/\/www.huntersfriend.eu\/de\/wp-json\/wp\/v2\/media?parent=281002"}],"wp:term":[{"taxonomy":"product_brand","embeddable":true,"href":"https:\/\/www.huntersfriend.eu\/de\/wp-json\/wp\/v2\/product_brand?post=281002"},{"taxonomy":"product_cat","embeddable":true,"href":"https:\/\/www.huntersfriend.eu\/de\/wp-json\/wp\/v2\/product_cat?post=281002"},{"taxonomy":"product_tag","embeddable":true,"href":"https:\/\/www.huntersfriend.eu\/de\/wp-json\/wp\/v2\/product_tag?post=281002"}],"curies":[{"name":"wp","href":"https:\/\/api.w.org\/{rel}","templated":true}]}}