{"id":281000,"date":"2019-03-06T14:15:25","date_gmt":"2025-06-23T09:32:52","guid":{"rendered":"https:\/\/www.huntersfriend.eu\/product\/ersatzfluegelset-fuer-lucky-duck\/"},"modified":"2025-08-27T14:18:26","modified_gmt":"2025-08-27T12:18:26","slug":"ersatzfluegelset-fuer-lucky-duck","status":"publish","type":"product","link":"https:\/\/www.huntersfriend.eu\/de\/produkt\/ersatzfluegelset-fuer-lucky-duck\/","title":{"rendered":"Ersatzfl\u00fcgelset f\u00fcr Lucky Duck"},"content":{"rendered":"<h3>Magnetisch spritzgegossenes Fl\u00fcgelset<\/h3>\n<ul>\n<li>Langlebige spritzgegossene magnetische Fl\u00fcgel<\/li>\n<li>Naturgetreuer Fl\u00fcgeldruck<\/li>\n<li>Nachweislich haltbarer als jeder gewellte Fl\u00fcgel und erm\u00f6glicht eine l\u00e4ngere Laufzeit mit einer einzigen Aufladung<\/li>\n<li>Beinhaltet linken und rechten Fl\u00fcgel sowie Fl\u00fcgeladapter<\/li>\n<li>Kompatibel mit:\n<ul>\n<li>Lucky waterproof HDi<\/li>\n<li>Lucky HD<\/li>\n<li>Lucky HD hen<\/li>\n<li>Hot shot<\/li>\n<li>FFD scout<\/li>\n<li>Lucky Junior<\/li>\n<\/ul>\n<\/li>\n<\/ul>\n","protected":false},"excerpt":{"rendered":"<p>Ersatzfl\u00fcgel<\/p>\n","protected":false},"featured_media":210009,"comment_status":"open","ping_status":"closed","template":"","meta":[],"product_brand":[],"product_cat":[1213],"product_tag":[],"class_list":{"0":"post-281000","1":"product","2":"type-product","3":"status-publish","4":"has-post-thumbnail","6":"product_cat-locktier-zubehoer","8":"first","9":"instock","10":"taxable","11":"shipping-taxable","12":"purchasable","13":"product-type-simple"},"composite_virtual":false,"composite_layout":"","composite_add_to_cart_form_location":"","composite_editable_in_cart":false,"composite_sold_individually_context":"","composite_shop_price_calc":"","composite_components":[],"composite_scenarios":[],"group_of_quantity":0,"min_quantity":0,"max_quantity":"","exclude_order_quantity_value_rules":"no","exclude_category_quantity_rules":"no","combine_variations":"no","exclude_global_add_ons":[],"addons":[],"_links":{"self":[{"href":"https:\/\/www.huntersfriend.eu\/de\/wp-json\/wp\/v2\/product\/281000","targetHints":{"allow":["GET"]}}],"collection":[{"href":"https:\/\/www.huntersfriend.eu\/de\/wp-json\/wp\/v2\/product"}],"about":[{"href":"https:\/\/www.huntersfriend.eu\/de\/wp-json\/wp\/v2\/types\/product"}],"replies":[{"embeddable":true,"href":"https:\/\/www.huntersfriend.eu\/de\/wp-json\/wp\/v2\/comments?post=281000"}],"wp:featuredmedia":[{"embeddable":true,"href":"https:\/\/www.huntersfriend.eu\/de\/wp-json\/wp\/v2\/media\/210009"}],"wp:attachment":[{"href":"https:\/\/www.huntersfriend.eu\/de\/wp-json\/wp\/v2\/media?parent=281000"}],"wp:term":[{"taxonomy":"product_brand","embeddable":true,"href":"https:\/\/www.huntersfriend.eu\/de\/wp-json\/wp\/v2\/product_brand?post=281000"},{"taxonomy":"product_cat","embeddable":true,"href":"https:\/\/www.huntersfriend.eu\/de\/wp-json\/wp\/v2\/product_cat?post=281000"},{"taxonomy":"product_tag","embeddable":true,"href":"https:\/\/www.huntersfriend.eu\/de\/wp-json\/wp\/v2\/product_tag?post=281000"}],"curies":[{"name":"wp","href":"https:\/\/api.w.org\/{rel}","templated":true}]}}