{"id":280999,"date":"2019-05-08T08:57:27","date_gmt":"2025-06-23T09:32:52","guid":{"rendered":"https:\/\/www.huntersfriend.eu\/product\/sitka-kappe-optifade-elevated-ii\/"},"modified":"2025-06-23T11:32:52","modified_gmt":"2025-06-23T09:32:52","slug":"sitka-kappe-optifade-elevated-ii","status":"publish","type":"product","link":"https:\/\/www.huntersfriend.eu\/de\/produkt\/sitka-kappe-optifade-elevated-ii\/","title":{"rendered":"SITKA Kappe optifade elevated II"},"content":{"rendered":"<p>Sitkas bevorzugte Kappe, gefertigt aus dem gleichen wasserabweisenden, atmungsaktiven und dehnbaren Gewebe wie die Ascent-Serie.<\/p>\n<p><strong>SPEZIFIKATIONEN<\/strong><\/p>\n<div class=\"Grid-cell u-lg-size6of12 u-space--bottomLarge\">\n<ul class=\"HeroSpecs__list\">\n<li>\n<p class=\"Hero-desc\">GORE\u2122 OPTIFADE\u2122 Concealment Subalpine ist f\u00fcr das Pirsch- und Ansitzjagen von Huftieren auf Bodenh\u00f6he in baumbewachsenem und bewachsenem Gel\u00e4nde konzipiert.<\/p>\n<\/li>\n<li>\n<p class=\"Hero-desc\">Gewicht: 90,7 Gramm<\/p>\n<\/li>\n<li>\n<p class=\"Hero-desc\">Die wasserabweisende Ausr\u00fcstung widersteht leichtem Niederschlag und verhindert das Durchn\u00e4ssen des Oberfl\u00e4chenmaterials.<\/p>\n<\/li>\n<\/ul>\n<\/div>\n<div class=\"Grid-cell u-size6of12 u-textRight\">\n<div class=\"Specs\"><\/div>\n<\/div>\n","protected":false},"excerpt":{"rendered":"<p>Sitkas bevorzugte Kappe, gefertigt aus dem gleichen wasserabweisenden, atmungsaktiven und dehnbaren Gewebe wie die Ascent-Serie. SPEZIFIKATIONEN GORE\u2122 OPTIFADE\u2122 Concealment Subalpine ist f\u00fcr das Pirsch- und Ansitzjagen von Huftieren auf Bodenh\u00f6he in baumbewachsenem und bewachsenem Gel\u00e4nde konzipiert. Gewicht: 90,7 Gramm Die wasserabweisende Ausr\u00fcstung widersteht leichtem Niederschlag und verhindert das Durchn\u00e4ssen des Oberfl\u00e4chenmaterials.<\/p>\n","protected":false},"featured_media":208517,"comment_status":"open","ping_status":"closed","template":"","meta":[],"product_brand":[],"product_cat":[1145],"product_tag":[],"class_list":{"0":"post-280999","1":"product","2":"type-product","3":"status-publish","4":"has-post-thumbnail","6":"product_cat-sonstiges","8":"first","9":"outofstock","10":"taxable","11":"shipping-taxable","12":"purchasable","13":"product-type-simple"},"composite_virtual":false,"composite_layout":"","composite_add_to_cart_form_location":"","composite_editable_in_cart":false,"composite_sold_individually_context":"","composite_shop_price_calc":"","composite_components":[],"composite_scenarios":[],"group_of_quantity":0,"min_quantity":0,"max_quantity":"","exclude_order_quantity_value_rules":"no","exclude_category_quantity_rules":"no","combine_variations":"no","exclude_global_add_ons":[],"addons":[],"_links":{"self":[{"href":"https:\/\/www.huntersfriend.eu\/de\/wp-json\/wp\/v2\/product\/280999","targetHints":{"allow":["GET"]}}],"collection":[{"href":"https:\/\/www.huntersfriend.eu\/de\/wp-json\/wp\/v2\/product"}],"about":[{"href":"https:\/\/www.huntersfriend.eu\/de\/wp-json\/wp\/v2\/types\/product"}],"replies":[{"embeddable":true,"href":"https:\/\/www.huntersfriend.eu\/de\/wp-json\/wp\/v2\/comments?post=280999"}],"wp:featuredmedia":[{"embeddable":true,"href":"https:\/\/www.huntersfriend.eu\/de\/wp-json\/wp\/v2\/media\/208517"}],"wp:attachment":[{"href":"https:\/\/www.huntersfriend.eu\/de\/wp-json\/wp\/v2\/media?parent=280999"}],"wp:term":[{"taxonomy":"product_brand","embeddable":true,"href":"https:\/\/www.huntersfriend.eu\/de\/wp-json\/wp\/v2\/product_brand?post=280999"},{"taxonomy":"product_cat","embeddable":true,"href":"https:\/\/www.huntersfriend.eu\/de\/wp-json\/wp\/v2\/product_cat?post=280999"},{"taxonomy":"product_tag","embeddable":true,"href":"https:\/\/www.huntersfriend.eu\/de\/wp-json\/wp\/v2\/product_tag?post=280999"}],"curies":[{"name":"wp","href":"https:\/\/api.w.org\/{rel}","templated":true}]}}