{"id":280997,"date":"2019-03-06T14:16:06","date_gmt":"2025-06-23T09:32:51","guid":{"rendered":"https:\/\/www.huntersfriend.eu\/product\/buck-gardner-weisswedelhirsch-ruf\/"},"modified":"2025-07-12T05:08:22","modified_gmt":"2025-07-12T03:08:22","slug":"buck-gardner-weisswedelhirsch-ruf","status":"publish","type":"product","link":"https:\/\/www.huntersfriend.eu\/de\/produkt\/buck-gardner-weisswedelhirsch-ruf\/","title":{"rendered":"Buck Gardner Wei\u00dfwedelhirsch-Ruf"},"content":{"rendered":"<p>Buck Gardner Hirschruf &#8211; Viele verschiedene Variationen des klassischen Hirschgrunzens sind gekommen und gegangen, aber dieses bew\u00e4hrte Design ist nach wie vor un\u00fcbertroffen. Das ausgekl\u00fcgelte Design simuliert den Aufbau der Kehle eines Wei\u00dfwedelhirsches und erzeugt einen realistischen Klang, der von vielen Hirschgrunzrufen unerreicht bleibt. Dieser sechsfache Buck Gardner Wei\u00dfwedelhirsch-Ruf verf\u00fcgt \u00fcber eine interne O-Ring-Einstellung, die den Ton f\u00fcr verschiedene Hirschvokalisationen ver\u00e4ndert, einschlie\u00dflich Kitzbl\u00f6ken, Ricke-Notbl\u00f6ken, Standard-Rickebl\u00f6ken, Rickegrunzen, junger Bock und reifer Bock.  <\/p>\n","protected":false},"excerpt":{"rendered":"<p>Buck Gardner Hirschruf &#8211; Viele verschiedene Variationen des klassischen Hirschgrunzens sind gekommen und gegangen, aber dieses bew\u00e4hrte Design ist nach wie vor un\u00fcbertroffen. Das ausgekl\u00fcgelte Design simuliert den Aufbau der Kehle eines Wei\u00dfwedelhirsches und erzeugt einen realistischen Klang, der von vielen Hirschgrunzrufen unerreicht bleibt. Dieser sechsfache Buck Gardner Wei\u00dfwedelhirsch-Ruf verf\u00fcgt \u00fcber eine interne O-Ring-Einstellung, die [&#8230;]\n","protected":false},"featured_media":181225,"comment_status":"open","ping_status":"closed","template":"","meta":[],"product_brand":[],"product_cat":[1183],"product_tag":[],"class_list":{"0":"post-280997","1":"product","2":"type-product","3":"status-publish","4":"has-post-thumbnail","6":"product_cat-groswild-locker","8":"first","9":"instock","10":"taxable","11":"shipping-taxable","12":"purchasable","13":"product-type-simple"},"composite_virtual":false,"composite_layout":"","composite_add_to_cart_form_location":"","composite_editable_in_cart":false,"composite_sold_individually_context":"","composite_shop_price_calc":"","composite_components":[],"composite_scenarios":[],"group_of_quantity":0,"min_quantity":0,"max_quantity":"","exclude_order_quantity_value_rules":"no","exclude_category_quantity_rules":"no","combine_variations":"no","exclude_global_add_ons":[],"addons":[],"_links":{"self":[{"href":"https:\/\/www.huntersfriend.eu\/de\/wp-json\/wp\/v2\/product\/280997","targetHints":{"allow":["GET"]}}],"collection":[{"href":"https:\/\/www.huntersfriend.eu\/de\/wp-json\/wp\/v2\/product"}],"about":[{"href":"https:\/\/www.huntersfriend.eu\/de\/wp-json\/wp\/v2\/types\/product"}],"replies":[{"embeddable":true,"href":"https:\/\/www.huntersfriend.eu\/de\/wp-json\/wp\/v2\/comments?post=280997"}],"wp:featuredmedia":[{"embeddable":true,"href":"https:\/\/www.huntersfriend.eu\/de\/wp-json\/wp\/v2\/media\/181225"}],"wp:attachment":[{"href":"https:\/\/www.huntersfriend.eu\/de\/wp-json\/wp\/v2\/media?parent=280997"}],"wp:term":[{"taxonomy":"product_brand","embeddable":true,"href":"https:\/\/www.huntersfriend.eu\/de\/wp-json\/wp\/v2\/product_brand?post=280997"},{"taxonomy":"product_cat","embeddable":true,"href":"https:\/\/www.huntersfriend.eu\/de\/wp-json\/wp\/v2\/product_cat?post=280997"},{"taxonomy":"product_tag","embeddable":true,"href":"https:\/\/www.huntersfriend.eu\/de\/wp-json\/wp\/v2\/product_tag?post=280997"}],"curies":[{"name":"wp","href":"https:\/\/api.w.org\/{rel}","templated":true}]}}