{"id":280992,"date":"2019-05-22T11:20:16","date_gmt":"2025-06-23T09:32:18","guid":{"rendered":"https:\/\/www.huntersfriend.eu\/product\/ams-wave-pfeilauflage\/"},"modified":"2025-06-23T11:32:18","modified_gmt":"2025-06-23T09:32:18","slug":"ams-wave-pfeilauflage","status":"publish","type":"product","link":"https:\/\/www.huntersfriend.eu\/de\/produkt\/ams-wave-pfeilauflage\/","title":{"rendered":"AMS Wave Pfeilauflage"},"content":{"rendered":"<p>Die \u00e4u\u00dferst robuste AMS Pfeilauflage wurde unter Ber\u00fccksichtigung h\u00f6chster Anforderungen an Simplizit\u00e4t und Funktionalit\u00e4t konzipiert. Die erh\u00f6hten Seitenw\u00e4nde gew\u00e4hrleisten eine pr\u00e4zise Kontrolle des Pfeils w\u00e4hrend des Abschussvorgangs, w\u00e4hrend eine rotierende Rolle den Abnutzungsgrad des Pfeilschafts signifikant reduziert. Diese Pfeilauflage ist sowohl f\u00fcr Rechtsh\u00e4nder als auch f\u00fcr Linksh\u00e4nder gleicherma\u00dfen geeignet.  <\/p>\n","protected":false},"excerpt":{"rendered":"<p>Ausschlie\u00dflich f\u00fcr die Verwendung bei der Jagd mittels Bogenfischen konzipiert<\/p>\n","protected":false},"featured_media":211025,"comment_status":"open","ping_status":"closed","template":"","meta":[],"product_brand":[],"product_cat":[1113],"product_tag":[],"class_list":{"0":"post-280992","1":"product","2":"type-product","3":"status-publish","4":"has-post-thumbnail","6":"product_cat-ersatzteile-fuers-bogenfischen","8":"first","9":"instock","10":"taxable","11":"shipping-taxable","12":"purchasable","13":"product-type-simple"},"composite_virtual":false,"composite_layout":"","composite_add_to_cart_form_location":"","composite_editable_in_cart":false,"composite_sold_individually_context":"","composite_shop_price_calc":"","composite_components":[],"composite_scenarios":[],"group_of_quantity":0,"min_quantity":0,"max_quantity":"","exclude_order_quantity_value_rules":"no","exclude_category_quantity_rules":"no","combine_variations":"no","exclude_global_add_ons":[],"addons":[],"_links":{"self":[{"href":"https:\/\/www.huntersfriend.eu\/de\/wp-json\/wp\/v2\/product\/280992","targetHints":{"allow":["GET"]}}],"collection":[{"href":"https:\/\/www.huntersfriend.eu\/de\/wp-json\/wp\/v2\/product"}],"about":[{"href":"https:\/\/www.huntersfriend.eu\/de\/wp-json\/wp\/v2\/types\/product"}],"replies":[{"embeddable":true,"href":"https:\/\/www.huntersfriend.eu\/de\/wp-json\/wp\/v2\/comments?post=280992"}],"wp:featuredmedia":[{"embeddable":true,"href":"https:\/\/www.huntersfriend.eu\/de\/wp-json\/wp\/v2\/media\/211025"}],"wp:attachment":[{"href":"https:\/\/www.huntersfriend.eu\/de\/wp-json\/wp\/v2\/media?parent=280992"}],"wp:term":[{"taxonomy":"product_brand","embeddable":true,"href":"https:\/\/www.huntersfriend.eu\/de\/wp-json\/wp\/v2\/product_brand?post=280992"},{"taxonomy":"product_cat","embeddable":true,"href":"https:\/\/www.huntersfriend.eu\/de\/wp-json\/wp\/v2\/product_cat?post=280992"},{"taxonomy":"product_tag","embeddable":true,"href":"https:\/\/www.huntersfriend.eu\/de\/wp-json\/wp\/v2\/product_tag?post=280992"}],"curies":[{"name":"wp","href":"https:\/\/api.w.org\/{rel}","templated":true}]}}