{"id":280983,"date":"2018-12-21T08:24:35","date_gmt":"2025-06-23T09:17:41","guid":{"rendered":"https:\/\/www.huntersfriend.eu\/product\/aae-schnellhaertungsgel\/"},"modified":"2026-01-29T12:12:16","modified_gmt":"2026-01-29T10:12:16","slug":"aae-schnellhaertungsgel","status":"publish","type":"product","link":"https:\/\/www.huntersfriend.eu\/de\/produkt\/aae-schnellhaertungsgel\/","title":{"rendered":"AAE Schnellh\u00e4rtungsgel"},"content":{"rendered":"<p>3-Gramm- oder 9-Gramm-Tube<\/p>\n<ul>\n<li>Hohe Viskosit\u00e4t f\u00fcr einfachere Anwendung.<\/li>\n<li>Konzipiert f\u00fcr das Befestigen von Befiederungen, Eins\u00e4tzen und Nocken an Carbon- und Aluminiumsch\u00e4ften.<\/li>\n<li>Die Tube kann bei Nichtgebrauch zur Verl\u00e4ngerung der Haltbarkeit gek\u00fchlt gelagert werden.<\/li>\n<li>Klemmzeit &#8211; Sofort<\/li>\n<\/ul>\n","protected":false},"excerpt":{"rendered":"<p>3-Gramm- oder 9-Gramm-Tube Hohe Viskosit\u00e4t f\u00fcr einfachere Anwendung. Konzipiert f\u00fcr das Befestigen von Befiederungen, Eins\u00e4tzen und Nocken an Carbon- und Aluminiumsch\u00e4ften. Die Tube kann bei Nichtgebrauch zur Verl\u00e4ngerung der Haltbarkeit gek\u00fchlt gelagert werden. Klemmzeit &#8211; Sofort<\/p>\n","protected":false},"featured_media":59734,"comment_status":"open","ping_status":"open","template":"","meta":[],"product_brand":[],"product_cat":[1178],"product_tag":[],"class_list":{"0":"post-280983","1":"product","2":"type-product","3":"status-publish","4":"has-post-thumbnail","6":"product_cat-kleber","8":"first","9":"instock","10":"taxable","11":"shipping-taxable","12":"purchasable","13":"product-type-variable"},"composite_virtual":false,"composite_layout":"","composite_add_to_cart_form_location":"","composite_editable_in_cart":false,"composite_sold_individually_context":"","composite_shop_price_calc":"","composite_components":[],"composite_scenarios":[],"group_of_quantity":0,"min_quantity":0,"max_quantity":"","exclude_order_quantity_value_rules":"no","exclude_category_quantity_rules":"no","combine_variations":"no","exclude_global_add_ons":[],"addons":[],"_links":{"self":[{"href":"https:\/\/www.huntersfriend.eu\/de\/wp-json\/wp\/v2\/product\/280983","targetHints":{"allow":["GET"]}}],"collection":[{"href":"https:\/\/www.huntersfriend.eu\/de\/wp-json\/wp\/v2\/product"}],"about":[{"href":"https:\/\/www.huntersfriend.eu\/de\/wp-json\/wp\/v2\/types\/product"}],"replies":[{"embeddable":true,"href":"https:\/\/www.huntersfriend.eu\/de\/wp-json\/wp\/v2\/comments?post=280983"}],"wp:featuredmedia":[{"embeddable":true,"href":"https:\/\/www.huntersfriend.eu\/de\/wp-json\/wp\/v2\/media\/59734"}],"wp:attachment":[{"href":"https:\/\/www.huntersfriend.eu\/de\/wp-json\/wp\/v2\/media?parent=280983"}],"wp:term":[{"taxonomy":"product_brand","embeddable":true,"href":"https:\/\/www.huntersfriend.eu\/de\/wp-json\/wp\/v2\/product_brand?post=280983"},{"taxonomy":"product_cat","embeddable":true,"href":"https:\/\/www.huntersfriend.eu\/de\/wp-json\/wp\/v2\/product_cat?post=280983"},{"taxonomy":"product_tag","embeddable":true,"href":"https:\/\/www.huntersfriend.eu\/de\/wp-json\/wp\/v2\/product_tag?post=280983"}],"curies":[{"name":"wp","href":"https:\/\/api.w.org\/{rel}","templated":true}]}}