{"id":280982,"date":"2018-11-20T08:30:41","date_gmt":"2025-06-23T09:17:41","guid":{"rendered":"https:\/\/www.huntersfriend.eu\/product\/g5-a-s-d-flip-werkzeug\/"},"modified":"2026-04-27T07:25:39","modified_gmt":"2026-04-27T05:25:39","slug":"g5-a-s-d-flip-werkzeug","status":"publish","type":"product","link":"https:\/\/www.huntersfriend.eu\/de\/produkt\/g5-a-s-d-flip-werkzeug\/","title":{"rendered":"G5 a.s.d. Flip Werkzeug"},"content":{"rendered":"<p>Das ASD Flip ist ein Pfeilausrichtungswerkzeug, konzipiert zur Begradigung beider Enden des Pfeilschafts, um die Pr\u00e4zision und Konsistenz \u00fcber weite Distanzen zu erh\u00f6hen. Es stellt die n\u00e4chste Generation des vorherigen G5 ASD Werkzeugs dar. <\/p>\n","protected":false},"excerpt":{"rendered":"<p>Pfeilwerkzeug<\/p>\n","protected":false},"featured_media":211123,"comment_status":"open","ping_status":"closed","template":"","meta":[],"product_brand":[],"product_cat":[1180,1256],"product_tag":[],"class_list":{"0":"post-280982","1":"product","2":"type-product","3":"status-publish","4":"has-post-thumbnail","6":"product_cat-sonstige-pfeilbauwerkzeuge","7":"product_cat-verschiedenes-bogenschiessen","9":"first","10":"onbackorder","11":"taxable","12":"shipping-taxable","13":"purchasable","14":"product-type-simple"},"composite_virtual":false,"composite_layout":"","composite_add_to_cart_form_location":"","composite_editable_in_cart":false,"composite_sold_individually_context":"","composite_shop_price_calc":"","composite_components":[],"composite_scenarios":[],"group_of_quantity":0,"min_quantity":0,"max_quantity":"","exclude_order_quantity_value_rules":"no","exclude_category_quantity_rules":"no","combine_variations":"no","exclude_global_add_ons":[],"addons":[],"_links":{"self":[{"href":"https:\/\/www.huntersfriend.eu\/de\/wp-json\/wp\/v2\/product\/280982","targetHints":{"allow":["GET"]}}],"collection":[{"href":"https:\/\/www.huntersfriend.eu\/de\/wp-json\/wp\/v2\/product"}],"about":[{"href":"https:\/\/www.huntersfriend.eu\/de\/wp-json\/wp\/v2\/types\/product"}],"replies":[{"embeddable":true,"href":"https:\/\/www.huntersfriend.eu\/de\/wp-json\/wp\/v2\/comments?post=280982"}],"wp:featuredmedia":[{"embeddable":true,"href":"https:\/\/www.huntersfriend.eu\/de\/wp-json\/wp\/v2\/media\/211123"}],"wp:attachment":[{"href":"https:\/\/www.huntersfriend.eu\/de\/wp-json\/wp\/v2\/media?parent=280982"}],"wp:term":[{"taxonomy":"product_brand","embeddable":true,"href":"https:\/\/www.huntersfriend.eu\/de\/wp-json\/wp\/v2\/product_brand?post=280982"},{"taxonomy":"product_cat","embeddable":true,"href":"https:\/\/www.huntersfriend.eu\/de\/wp-json\/wp\/v2\/product_cat?post=280982"},{"taxonomy":"product_tag","embeddable":true,"href":"https:\/\/www.huntersfriend.eu\/de\/wp-json\/wp\/v2\/product_tag?post=280982"}],"curies":[{"name":"wp","href":"https:\/\/api.w.org\/{rel}","templated":true}]}}