{"id":280979,"date":"2018-12-21T08:24:35","date_gmt":"2018-12-21T08:24:35","guid":{"rendered":"https:\/\/www.huntersfriend.eu\/product\/ams-retriever-pro\/"},"modified":"2026-03-25T11:06:29","modified_gmt":"2026-03-25T09:06:29","slug":"ams-retriever-pro","status":"publish","type":"product","link":"https:\/\/www.huntersfriend.eu\/de\/produkt\/ams-retriever-pro\/","title":{"rendered":"AMS Retriever Pro"},"content":{"rendered":"<p><strong>Die meistverkaufte Bowfishing-Rolle aller Zeiten!<\/strong><br \/>\n(AUFGRUND IHRER LANGLEBIGKEIT, ZUVERL\u00c4SSIGKEIT UND LEISTUNGSF\u00c4HIGKEIT)<\/p>\n<p>Der AMS Retriever Pro ist die urspr\u00fcngliche flaschenf\u00f6rmige Bowfishing-Rolle \u2013 das Design, das die Pr\u00fcfung der Zeit bestanden hat.<\/p>\n<p><strong>Keine Kn\u00f6pfe, die vor dem Schuss gedr\u00fcckt werden m\u00fcssen<\/strong><br \/>\nIm Gegensatz zu anderen Bowfishing-Rollen m\u00fcssen bei der AMS Retriever-Familie keine Kn\u00f6pfe vor dem Schuss gedr\u00fcckt und keine umst\u00e4ndlichen Spulen per Hand aufgewickelt werden. Die Schnur wird einfach in eine Flasche gestapelt. Beim Schie\u00dfen fliegt die Schnur so schnell aus der Rolle, wie der Pfeil sie mitnehmen kann. Um den Pfeil zur\u00fcckzuholen, ziehen Sie einfach den Abzug und drehen den Griff.   <\/p>\n<p><strong>Integrierte Teleskopklemme und Pfeilk\u00f6cher<\/strong><br \/>\n\u00c4u\u00dferst bequeme Einstellung, Entfernung und Pfeilaufbewahrung!<\/p>\n<p><strong>\u00c4u\u00dferst robuste Konstruktion<\/strong><br \/>\nMit hochbelastbarem Messing-Getriebe und -Ritzel, Aluminium-Abzug, Verbundgeh\u00e4use und Edelstahl-Befestigungselementen ist diese Rolle f\u00fcr eine lange Lebensdauer konzipiert!<\/p>\n<p>Der Retriever Pro verf\u00fcgt \u00fcber die gro\u00dfartigen Eigenschaften, die Bowfischer sch\u00e4tzen. Er ist st\u00e4rker, leichter und noch korrosionsbest\u00e4ndiger, und die schnell verstellbare Teleskopklemme erm\u00f6glicht eine m\u00fchelose Anpassung an verschiedene H\u00e4nde, mehr Freiraum f\u00fcr hervorstehende Pfeilauflagen und einen cleveren neuen Pfeilk\u00f6cher zur Aufbewahrung des Pfeils bei Nichtgebrauch. <\/p>\n<p>Inklusive Befestigungsmaterial, 200# Hi-Vis-Schnur und 2 AMS-Sicherheitsgleiter. <\/p>\n","protected":false},"excerpt":{"rendered":"<p>Die meistverkaufte Bowfishing-Rolle aller Zeiten! (AUFGRUND IHRER LANGLEBIGKEIT, ZUVERL\u00c4SSIGKEIT UND LEISTUNGSF\u00c4HIGKEIT) Der AMS Retriever Pro ist die urspr\u00fcngliche flaschenf\u00f6rmige Bowfishing-Rolle \u2013 das Design, das die Pr\u00fcfung der Zeit bestanden hat. Keine Kn\u00f6pfe, die vor dem Schuss gedr\u00fcckt werden m\u00fcssen Im Gegensatz zu anderen Bowfishing-Rollen m\u00fcssen bei der AMS Retriever-Familie keine Kn\u00f6pfe vor dem Schuss gedr\u00fcckt [&#8230;]\n","protected":false},"featured_media":38889,"comment_status":"open","ping_status":"closed","template":"","meta":[],"product_brand":[],"product_cat":[1201],"product_tag":[],"class_list":{"0":"post-280979","1":"product","2":"type-product","3":"status-publish","4":"has-post-thumbnail","6":"product_cat-rollen-fur-das-bogenfischen","8":"first","9":"instock","10":"taxable","11":"shipping-taxable","12":"purchasable","13":"product-type-variable"},"composite_virtual":false,"composite_layout":"","composite_add_to_cart_form_location":"","composite_editable_in_cart":false,"composite_sold_individually_context":"","composite_shop_price_calc":"","composite_components":[],"composite_scenarios":[],"group_of_quantity":0,"min_quantity":0,"max_quantity":"","exclude_order_quantity_value_rules":"no","exclude_category_quantity_rules":"no","combine_variations":"no","exclude_global_add_ons":[],"addons":[],"_links":{"self":[{"href":"https:\/\/www.huntersfriend.eu\/de\/wp-json\/wp\/v2\/product\/280979","targetHints":{"allow":["GET"]}}],"collection":[{"href":"https:\/\/www.huntersfriend.eu\/de\/wp-json\/wp\/v2\/product"}],"about":[{"href":"https:\/\/www.huntersfriend.eu\/de\/wp-json\/wp\/v2\/types\/product"}],"replies":[{"embeddable":true,"href":"https:\/\/www.huntersfriend.eu\/de\/wp-json\/wp\/v2\/comments?post=280979"}],"wp:featuredmedia":[{"embeddable":true,"href":"https:\/\/www.huntersfriend.eu\/de\/wp-json\/wp\/v2\/media\/38889"}],"wp:attachment":[{"href":"https:\/\/www.huntersfriend.eu\/de\/wp-json\/wp\/v2\/media?parent=280979"}],"wp:term":[{"taxonomy":"product_brand","embeddable":true,"href":"https:\/\/www.huntersfriend.eu\/de\/wp-json\/wp\/v2\/product_brand?post=280979"},{"taxonomy":"product_cat","embeddable":true,"href":"https:\/\/www.huntersfriend.eu\/de\/wp-json\/wp\/v2\/product_cat?post=280979"},{"taxonomy":"product_tag","embeddable":true,"href":"https:\/\/www.huntersfriend.eu\/de\/wp-json\/wp\/v2\/product_tag?post=280979"}],"curies":[{"name":"wp","href":"https:\/\/api.w.org\/{rel}","templated":true}]}}