{"id":280978,"date":"2018-11-20T08:42:46","date_gmt":"2025-06-23T09:17:40","guid":{"rendered":"https:\/\/www.huntersfriend.eu\/product\/hawk-twist-aufzugseil\/"},"modified":"2026-03-26T13:44:07","modified_gmt":"2026-03-26T11:44:07","slug":"hawk-twist-aufzugseil","status":"publish","type":"product","link":"https:\/\/www.huntersfriend.eu\/de\/produkt\/hawk-twist-aufzugseil\/","title":{"rendered":"Hawk Twist Aufzugseil"},"content":{"rendered":"","protected":false},"excerpt":{"rendered":"<p><strong>MIT EINER EINFACHEN DREHUNG!<\/strong><\/p>\n<p>Das Aufzugseil ist jetzt noch intelligenter konzipiert. F\u00fcnfundzwanzig Fu\u00df robustes, verwicklungsfreies Flachseil sind mit dem innovativen GearTie-System kombiniert, welches es Ihnen erm\u00f6glicht, Ihre Ausr\u00fcstung einfach aufzurollen und loszulegen. Bei Nichtgebrauch falten Sie das Flachseil einfach zusammen und sichern es mit dem GearTie f\u00fcr eine problemlose und verwicklungsfreie Aufbewahrung. Die Gummi-GearTie-Drehverbindung ist \u00fcberraschend robust, vollkommen ger\u00e4uschlos und schnell zu bedienen \u2013 ein absolutes Muss in dieser Saison. GearTie ist ein wiederverwendbarer Kabelbinder, der bis zu 40 Pfund tragen kann.    <\/p>\n","protected":false},"featured_media":208429,"comment_status":"open","ping_status":"closed","template":"","meta":[],"product_brand":[],"product_cat":[1171,843],"product_tag":[],"class_list":{"0":"post-280978","1":"product","2":"type-product","3":"status-publish","4":"has-post-thumbnail","6":"product_cat-sitz-und-schirm-zubehoer","7":"product_cat-treestand-and-blind-accessories","9":"first","10":"instock","11":"taxable","12":"shipping-taxable","13":"purchasable","14":"product-type-simple"},"composite_virtual":false,"composite_layout":"","composite_add_to_cart_form_location":"","composite_editable_in_cart":false,"composite_sold_individually_context":"","composite_shop_price_calc":"","composite_components":[],"composite_scenarios":[],"group_of_quantity":0,"min_quantity":0,"max_quantity":"","exclude_order_quantity_value_rules":"no","exclude_category_quantity_rules":"no","combine_variations":"no","exclude_global_add_ons":[],"addons":[],"_links":{"self":[{"href":"https:\/\/www.huntersfriend.eu\/de\/wp-json\/wp\/v2\/product\/280978","targetHints":{"allow":["GET"]}}],"collection":[{"href":"https:\/\/www.huntersfriend.eu\/de\/wp-json\/wp\/v2\/product"}],"about":[{"href":"https:\/\/www.huntersfriend.eu\/de\/wp-json\/wp\/v2\/types\/product"}],"replies":[{"embeddable":true,"href":"https:\/\/www.huntersfriend.eu\/de\/wp-json\/wp\/v2\/comments?post=280978"}],"wp:featuredmedia":[{"embeddable":true,"href":"https:\/\/www.huntersfriend.eu\/de\/wp-json\/wp\/v2\/media\/208429"}],"wp:attachment":[{"href":"https:\/\/www.huntersfriend.eu\/de\/wp-json\/wp\/v2\/media?parent=280978"}],"wp:term":[{"taxonomy":"product_brand","embeddable":true,"href":"https:\/\/www.huntersfriend.eu\/de\/wp-json\/wp\/v2\/product_brand?post=280978"},{"taxonomy":"product_cat","embeddable":true,"href":"https:\/\/www.huntersfriend.eu\/de\/wp-json\/wp\/v2\/product_cat?post=280978"},{"taxonomy":"product_tag","embeddable":true,"href":"https:\/\/www.huntersfriend.eu\/de\/wp-json\/wp\/v2\/product_tag?post=280978"}],"curies":[{"name":"wp","href":"https:\/\/api.w.org\/{rel}","templated":true}]}}