{"id":280977,"date":"2018-11-19T16:04:56","date_gmt":"2025-06-23T09:17:35","guid":{"rendered":"https:\/\/www.huntersfriend.eu\/product\/hha-blaulichtakzentuierung-fuer-zielvorrichtungen\/"},"modified":"2025-07-13T05:44:26","modified_gmt":"2025-07-13T03:44:26","slug":"hha-blaulichtakzentuierung-fuer-zielvorrichtungen","status":"publish","type":"product","link":"https:\/\/www.huntersfriend.eu\/de\/produkt\/hha-blaulichtakzentuierung-fuer-zielvorrichtungen\/","title":{"rendered":"HHA Blaulichtakzentuierung f\u00fcr Zielvorrichtungen"},"content":{"rendered":"<p>Die Blaulichtakzentuierungen sind mit allen HHA-Zielvorrichtungen kompatibel, mit Ausnahme der 3000er-Serie. Die beiliegende Befestigungshalterung wird so an der Zielvorrichtung montiert, dass das Licht ausschlie\u00dflich auf die Faseroptik-Umwicklung gerichtet ist und nicht in das Geh\u00e4use der Zielvorrichtung eindringt. Ein Rheostat erm\u00f6glicht die Regulierung der Lichtintensit\u00e4t, um optimale Sichtverh\u00e4ltnisse unter allen Lichtbedingungen zu gew\u00e4hrleisten.  <\/p>\n","protected":false},"excerpt":{"rendered":"<p>Die Blaulichtakzentuierungen sind mit allen HHA-Zielvorrichtungen kompatibel, mit Ausnahme der 3000er-Serie. Die beiliegende Befestigungshalterung wird so an der Zielvorrichtung montiert, dass das Licht ausschlie\u00dflich auf die Faseroptik-Umwicklung gerichtet ist und nicht in das Geh\u00e4use der Zielvorrichtung eindringt. Ein Rheostat erm\u00f6glicht die Regulierung der Lichtintensit\u00e4t, um optimale Sichtverh\u00e4ltnisse unter allen Lichtbedingungen zu gew\u00e4hrleisten.<\/p>\n","protected":false},"featured_media":210937,"comment_status":"open","ping_status":"closed","template":"","meta":[],"product_brand":[],"product_cat":[1237],"product_tag":[],"class_list":{"0":"post-280977","1":"product","2":"type-product","3":"status-publish","4":"has-post-thumbnail","6":"product_cat-teile-fuer-visiere","8":"first","9":"instock","10":"taxable","11":"shipping-taxable","12":"purchasable","13":"product-type-simple"},"composite_virtual":false,"composite_layout":"","composite_add_to_cart_form_location":"","composite_editable_in_cart":false,"composite_sold_individually_context":"","composite_shop_price_calc":"","composite_components":[],"composite_scenarios":[],"group_of_quantity":0,"min_quantity":0,"max_quantity":"","exclude_order_quantity_value_rules":"no","exclude_category_quantity_rules":"no","combine_variations":"no","exclude_global_add_ons":[],"addons":[],"_links":{"self":[{"href":"https:\/\/www.huntersfriend.eu\/de\/wp-json\/wp\/v2\/product\/280977","targetHints":{"allow":["GET"]}}],"collection":[{"href":"https:\/\/www.huntersfriend.eu\/de\/wp-json\/wp\/v2\/product"}],"about":[{"href":"https:\/\/www.huntersfriend.eu\/de\/wp-json\/wp\/v2\/types\/product"}],"replies":[{"embeddable":true,"href":"https:\/\/www.huntersfriend.eu\/de\/wp-json\/wp\/v2\/comments?post=280977"}],"wp:featuredmedia":[{"embeddable":true,"href":"https:\/\/www.huntersfriend.eu\/de\/wp-json\/wp\/v2\/media\/210937"}],"wp:attachment":[{"href":"https:\/\/www.huntersfriend.eu\/de\/wp-json\/wp\/v2\/media?parent=280977"}],"wp:term":[{"taxonomy":"product_brand","embeddable":true,"href":"https:\/\/www.huntersfriend.eu\/de\/wp-json\/wp\/v2\/product_brand?post=280977"},{"taxonomy":"product_cat","embeddable":true,"href":"https:\/\/www.huntersfriend.eu\/de\/wp-json\/wp\/v2\/product_cat?post=280977"},{"taxonomy":"product_tag","embeddable":true,"href":"https:\/\/www.huntersfriend.eu\/de\/wp-json\/wp\/v2\/product_tag?post=280977"}],"curies":[{"name":"wp","href":"https:\/\/api.w.org\/{rel}","templated":true}]}}