{"id":280976,"date":"2018-11-19T16:16:00","date_gmt":"2025-06-23T09:17:34","guid":{"rendered":"https:\/\/www.huntersfriend.eu\/product\/scott-archery-wildcat-2-ausloeser\/"},"modified":"2025-06-23T11:17:34","modified_gmt":"2025-06-23T09:17:34","slug":"scott-archery-wildcat-2-ausloeser","status":"publish","type":"product","link":"https:\/\/www.huntersfriend.eu\/de\/produkt\/scott-archery-wildcat-2-ausloeser\/","title":{"rendered":"Scott Archery Wildcat 2 Ausl\u00f6ser"},"content":{"rendered":"<p>Der WildCat 2 baut auf dem beliebten Design des urspr\u00fcnglichen Scott WildCat auf. Es verf\u00fcgt \u00fcber dasselbe vorw\u00e4rts gerichtete Ausl\u00f6serdesign und Scotts pr\u00e4zise Rollensicherung. Der WildCat 2 zeichnet sich durch einen ergonomischen Kopf aus, der Komfort und Leistung bietet, wenn Sie es am dringendsten ben\u00f6tigen.  <\/p>\n<ul>\n<li>Mit dem neuen Cam-Lock-Verbindungsgurt zum Zur\u00fcckklappen f\u00fcr freie H\u00e4nde<\/li>\n<li>Einzelbacke aus rostfreiem Stahl<\/li>\n<li>Vorw\u00e4rts gerichtetes, ger\u00e4ndeltes Ausl\u00f6serdesign maximiert die Auszugsl\u00e4nge und Bogengeschwindigkeiten<\/li>\n<li>Einstellbarer Abzugsweg<\/li>\n<li>Bew\u00e4hrtes Scott Single Caliper Roller Sear Konstruktion<\/li>\n<li>Ergonomischer Kopf<\/li>\n<\/ul>\n","protected":false},"excerpt":{"rendered":"<p>Freiheitsriemen, schwarz<\/p>\n","protected":false},"featured_media":210769,"comment_status":"open","ping_status":"closed","template":"","meta":[],"product_brand":[],"product_cat":[1095],"product_tag":[],"class_list":{"0":"post-280976","1":"product","2":"type-product","3":"status-publish","4":"has-post-thumbnail","6":"product_cat-handgelenks-release","8":"first","9":"instock","10":"taxable","11":"shipping-taxable","12":"purchasable","13":"product-type-simple"},"composite_virtual":false,"composite_layout":"","composite_add_to_cart_form_location":"","composite_editable_in_cart":false,"composite_sold_individually_context":"","composite_shop_price_calc":"","composite_components":[],"composite_scenarios":[],"group_of_quantity":0,"min_quantity":0,"max_quantity":"","exclude_order_quantity_value_rules":"no","exclude_category_quantity_rules":"no","combine_variations":"no","exclude_global_add_ons":[],"addons":[],"_links":{"self":[{"href":"https:\/\/www.huntersfriend.eu\/de\/wp-json\/wp\/v2\/product\/280976","targetHints":{"allow":["GET"]}}],"collection":[{"href":"https:\/\/www.huntersfriend.eu\/de\/wp-json\/wp\/v2\/product"}],"about":[{"href":"https:\/\/www.huntersfriend.eu\/de\/wp-json\/wp\/v2\/types\/product"}],"replies":[{"embeddable":true,"href":"https:\/\/www.huntersfriend.eu\/de\/wp-json\/wp\/v2\/comments?post=280976"}],"wp:featuredmedia":[{"embeddable":true,"href":"https:\/\/www.huntersfriend.eu\/de\/wp-json\/wp\/v2\/media\/210769"}],"wp:attachment":[{"href":"https:\/\/www.huntersfriend.eu\/de\/wp-json\/wp\/v2\/media?parent=280976"}],"wp:term":[{"taxonomy":"product_brand","embeddable":true,"href":"https:\/\/www.huntersfriend.eu\/de\/wp-json\/wp\/v2\/product_brand?post=280976"},{"taxonomy":"product_cat","embeddable":true,"href":"https:\/\/www.huntersfriend.eu\/de\/wp-json\/wp\/v2\/product_cat?post=280976"},{"taxonomy":"product_tag","embeddable":true,"href":"https:\/\/www.huntersfriend.eu\/de\/wp-json\/wp\/v2\/product_tag?post=280976"}],"curies":[{"name":"wp","href":"https:\/\/api.w.org\/{rel}","templated":true}]}}