{"id":280972,"date":"2018-11-19T14:22:01","date_gmt":"2025-06-23T09:17:29","guid":{"rendered":"https:\/\/www.huntersfriend.eu\/product\/tru-fire-patriot-jr-ausloeser\/"},"modified":"2026-03-17T15:37:17","modified_gmt":"2026-03-17T13:37:17","slug":"tru-fire-patriot-jr-ausloeser","status":"publish","type":"product","link":"https:\/\/www.huntersfriend.eu\/de\/produkt\/tru-fire-patriot-jr-ausloeser\/","title":{"rendered":"Tru-fire Patriot Jr. Ausl\u00f6ser"},"content":{"rendered":"<p>Die gleichen hervorragenden Eigenschaften wie der Patriot in voller Gr\u00f6\u00dfe, nur f\u00fcr kleinere H\u00e4nde und k\u00fcrzere Finger skaliert. Der Trufire Patriot ist einer der feinsten nicht rotierenden Ausl\u00f6ser auf dem Markt. Angefangen bei dem unverw\u00fcstlichen, geh\u00e4rteten und teflonbeschichteten Abzug und den Backen, \u00fcber den CNC-gefr\u00e4sten K\u00f6rper bis hin zum hochwertigen Klettverschluss, wird der Trufire Patriot jahrelang harte Dienste leisten.  <\/p>\n<p>Lassen Sie sich vom Preis nicht t\u00e4uschen, der Patriot ist ein seri\u00f6ser Ausl\u00f6ser f\u00fcr ernsthaftes Schie\u00dfen. Tausende unserer Kunden, die GenericProductName-B\u00f6gen gekauft haben, k\u00f6nnen sich nicht irren &#8211; dieser Ausl\u00f6ser ist von h\u00f6chster Qualit\u00e4t. <\/p>\n","protected":false},"excerpt":{"rendered":"<p>Nylon, Klettverschluss, Juniormodell f\u00fcr kleinere H\u00e4nde<\/p>\n","protected":false},"featured_media":210870,"comment_status":"open","ping_status":"open","template":"","meta":[],"product_brand":[],"product_cat":[2680,1095],"product_tag":[],"class_list":{"0":"post-280972","1":"product","2":"type-product","3":"status-publish","4":"has-post-thumbnail","6":"product_cat-handledsutlosare","7":"product_cat-handgelenks-release","9":"first","10":"instock","11":"taxable","12":"shipping-taxable","13":"purchasable","14":"product-type-simple"},"composite_virtual":false,"composite_layout":"","composite_add_to_cart_form_location":"","composite_editable_in_cart":false,"composite_sold_individually_context":"","composite_shop_price_calc":"","composite_components":[],"composite_scenarios":[],"group_of_quantity":0,"min_quantity":0,"max_quantity":"","exclude_order_quantity_value_rules":"no","exclude_category_quantity_rules":"no","combine_variations":"no","exclude_global_add_ons":[],"addons":[],"_links":{"self":[{"href":"https:\/\/www.huntersfriend.eu\/de\/wp-json\/wp\/v2\/product\/280972","targetHints":{"allow":["GET"]}}],"collection":[{"href":"https:\/\/www.huntersfriend.eu\/de\/wp-json\/wp\/v2\/product"}],"about":[{"href":"https:\/\/www.huntersfriend.eu\/de\/wp-json\/wp\/v2\/types\/product"}],"replies":[{"embeddable":true,"href":"https:\/\/www.huntersfriend.eu\/de\/wp-json\/wp\/v2\/comments?post=280972"}],"wp:featuredmedia":[{"embeddable":true,"href":"https:\/\/www.huntersfriend.eu\/de\/wp-json\/wp\/v2\/media\/210870"}],"wp:attachment":[{"href":"https:\/\/www.huntersfriend.eu\/de\/wp-json\/wp\/v2\/media?parent=280972"}],"wp:term":[{"taxonomy":"product_brand","embeddable":true,"href":"https:\/\/www.huntersfriend.eu\/de\/wp-json\/wp\/v2\/product_brand?post=280972"},{"taxonomy":"product_cat","embeddable":true,"href":"https:\/\/www.huntersfriend.eu\/de\/wp-json\/wp\/v2\/product_cat?post=280972"},{"taxonomy":"product_tag","embeddable":true,"href":"https:\/\/www.huntersfriend.eu\/de\/wp-json\/wp\/v2\/product_tag?post=280972"}],"curies":[{"name":"wp","href":"https:\/\/api.w.org\/{rel}","templated":true}]}}