{"id":280966,"date":"2018-11-19T14:19:27","date_gmt":"2025-06-23T09:17:17","guid":{"rendered":"https:\/\/www.huntersfriend.eu\/product\/saunders-armschutz-2\/"},"modified":"2025-08-27T14:08:54","modified_gmt":"2025-08-27T12:08:54","slug":"saunders-armschutz-2","status":"publish","type":"product","link":"https:\/\/www.huntersfriend.eu\/de\/produkt\/saunders-armschutz-2\/","title":{"rendered":"Saunders Armschutz"},"content":{"rendered":"<p>Ein unverzichtbares Zubeh\u00f6r f\u00fcr jeden ernsthaften Bogensch\u00fctzen. Sch\u00fctzen Sie Ihren Arm vor einem Schuss bei inkorrekter Haltung oder halten Sie Ihre Kleidung bei der Jagd Ihres Lebens fern. Der verwendete Kunststoff absorbiert keinen menschlichen Geruch.  <\/p>\n","protected":false},"excerpt":{"rendered":"<p>schwarzer Kunststoff &#8211; gro\u00df<\/p>\n","protected":false},"featured_media":210571,"comment_status":"open","ping_status":"closed","template":"","meta":[],"product_brand":[],"product_cat":[1146],"product_tag":[],"class_list":{"0":"post-280966","1":"product","2":"type-product","3":"status-publish","4":"has-post-thumbnail","6":"product_cat-jagd-und-scheiben-armschutz","8":"first","9":"instock","10":"taxable","11":"shipping-taxable","12":"purchasable","13":"product-type-simple"},"composite_virtual":false,"composite_layout":"","composite_add_to_cart_form_location":"","composite_editable_in_cart":false,"composite_sold_individually_context":"","composite_shop_price_calc":"","composite_components":[],"composite_scenarios":[],"group_of_quantity":0,"min_quantity":0,"max_quantity":"","exclude_order_quantity_value_rules":"no","exclude_category_quantity_rules":"no","combine_variations":"no","exclude_global_add_ons":[],"addons":[],"_links":{"self":[{"href":"https:\/\/www.huntersfriend.eu\/de\/wp-json\/wp\/v2\/product\/280966","targetHints":{"allow":["GET"]}}],"collection":[{"href":"https:\/\/www.huntersfriend.eu\/de\/wp-json\/wp\/v2\/product"}],"about":[{"href":"https:\/\/www.huntersfriend.eu\/de\/wp-json\/wp\/v2\/types\/product"}],"replies":[{"embeddable":true,"href":"https:\/\/www.huntersfriend.eu\/de\/wp-json\/wp\/v2\/comments?post=280966"}],"wp:featuredmedia":[{"embeddable":true,"href":"https:\/\/www.huntersfriend.eu\/de\/wp-json\/wp\/v2\/media\/210571"}],"wp:attachment":[{"href":"https:\/\/www.huntersfriend.eu\/de\/wp-json\/wp\/v2\/media?parent=280966"}],"wp:term":[{"taxonomy":"product_brand","embeddable":true,"href":"https:\/\/www.huntersfriend.eu\/de\/wp-json\/wp\/v2\/product_brand?post=280966"},{"taxonomy":"product_cat","embeddable":true,"href":"https:\/\/www.huntersfriend.eu\/de\/wp-json\/wp\/v2\/product_cat?post=280966"},{"taxonomy":"product_tag","embeddable":true,"href":"https:\/\/www.huntersfriend.eu\/de\/wp-json\/wp\/v2\/product_tag?post=280966"}],"curies":[{"name":"wp","href":"https:\/\/api.w.org\/{rel}","templated":true}]}}