{"id":280962,"date":"2018-12-21T08:24:56","date_gmt":"2018-12-21T06:24:56","guid":{"rendered":"https:\/\/www.huntersfriend.eu\/product\/hha-optimizer-lite-3019\/"},"modified":"2026-04-10T11:39:24","modified_gmt":"2026-04-10T09:39:24","slug":"hha-optimizer-lite-3019","status":"publish","type":"product","link":"https:\/\/www.huntersfriend.eu\/de\/produkt\/hha-optimizer-lite-3019\/","title":{"rendered":"HHA Optimizer Lite 3019"},"content":{"rendered":"<p>20 Jahre nach seiner Einf\u00fchrung ist der Optimizer Lite nach wie vor das meistverkaufte einstellbare Single-Pin-Visier auf dem Markt. Der Optimizer Lite, der von Bowhunting World 14 Jahre in Folge zum besten Einzelstift gew\u00e4hlt wurde, ist mit Funktionen ausgestattet, die ihn von der Konkurrenz abheben.<\/p>\n<p>Der weiche und feine H\u00f6heneinstellung wird mit den genauesten Meterskalen der Branche kombiniert, um J\u00e4gern und 3D-Sch\u00fctzen eine unerreichte Leistung zu bieten. Einschie\u00dfen auf 20 und 60 Meter, um festzustellen, welche der vorgedruckten Meterskalen auf Ihrem Bogen funktioniert. Sie k\u00f6nnen dann zwischen 20m und 80m in Schritten von 5 Metern schie\u00dfen. Die werkzeuglosen Einstellungen, die vollst\u00e4ndig gesch\u00fctzte Glasfaser und die solide Konstruktion machen das Visier zum robustesten und zuverl\u00e4ssigsten einstellbaren Visier, das derzeit erh\u00e4ltlich ist.<\/p>\n<p>OL-3019 Merkmale:<\/p>\n<p>1 5\/8 \u201eScope Housing<br \/>\n0,019\u201c Pin-Gr\u00f6\u00dfe<br \/>\n2 Fu\u00df lichtsammelnde Faser<br \/>\nLibelle<br \/>\nDer gefr\u00e4ste Aluminium-Pin-Tr\u00e4ger bietet un\u00fcbertroffenen Faserschutz<br \/>\nSeiten- und H\u00f6heneinstellungen<br \/>\nSeitenschieber mit Messingzeiger<br \/>\nWasserabweisendes Yardage-Band<br \/>\nHergestellt in den USA.<br \/>\n100 % lebenslange Garantie<\/p>\n<p>Kontaktieren Sie uns f\u00fcr die Verf\u00fcgbarkeit aller anderen HHA-Modelle<\/p>\n<p>&nbsp;<\/p>\n","protected":false},"excerpt":{"rendered":"<p>20 Jahre nach seiner Einf\u00fchrung ist der Optimizer Lite nach wie vor das meistverkaufte einstellbare Single-Pin-Visier auf dem Markt. Der Optimizer Lite, der von Bowhunting World 14 Jahre in Folge zum besten Einzelstift gew\u00e4hlt wurde, ist mit Funktionen ausgestattet, die ihn von der Konkurrenz abheben. Der weiche und feine H\u00f6heneinstellung wird mit den genauesten Meterskalen [&#8230;]\n","protected":false},"featured_media":284701,"comment_status":"open","ping_status":"closed","template":"","meta":[],"product_brand":[],"product_cat":[1119],"product_tag":[],"class_list":{"0":"post-280962","1":"product","2":"type-product","3":"status-publish","4":"has-post-thumbnail","6":"product_cat-jagd-visiere","8":"first","9":"outofstock","10":"taxable","11":"shipping-taxable","12":"purchasable","13":"product-type-variable"},"composite_virtual":false,"composite_layout":"","composite_add_to_cart_form_location":"","composite_editable_in_cart":false,"composite_sold_individually_context":"","composite_shop_price_calc":"","composite_components":[],"composite_scenarios":[],"group_of_quantity":0,"min_quantity":0,"max_quantity":"","exclude_order_quantity_value_rules":"no","exclude_category_quantity_rules":"no","combine_variations":"no","exclude_global_add_ons":[],"addons":[],"_links":{"self":[{"href":"https:\/\/www.huntersfriend.eu\/de\/wp-json\/wp\/v2\/product\/280962","targetHints":{"allow":["GET"]}}],"collection":[{"href":"https:\/\/www.huntersfriend.eu\/de\/wp-json\/wp\/v2\/product"}],"about":[{"href":"https:\/\/www.huntersfriend.eu\/de\/wp-json\/wp\/v2\/types\/product"}],"replies":[{"embeddable":true,"href":"https:\/\/www.huntersfriend.eu\/de\/wp-json\/wp\/v2\/comments?post=280962"}],"wp:featuredmedia":[{"embeddable":true,"href":"https:\/\/www.huntersfriend.eu\/de\/wp-json\/wp\/v2\/media\/284701"}],"wp:attachment":[{"href":"https:\/\/www.huntersfriend.eu\/de\/wp-json\/wp\/v2\/media?parent=280962"}],"wp:term":[{"taxonomy":"product_brand","embeddable":true,"href":"https:\/\/www.huntersfriend.eu\/de\/wp-json\/wp\/v2\/product_brand?post=280962"},{"taxonomy":"product_cat","embeddable":true,"href":"https:\/\/www.huntersfriend.eu\/de\/wp-json\/wp\/v2\/product_cat?post=280962"},{"taxonomy":"product_tag","embeddable":true,"href":"https:\/\/www.huntersfriend.eu\/de\/wp-json\/wp\/v2\/product_tag?post=280962"}],"curies":[{"name":"wp","href":"https:\/\/api.w.org\/{rel}","templated":true}]}}