{"id":280950,"date":"2018-12-21T08:24:55","date_gmt":"2018-12-21T08:24:55","guid":{"rendered":"https:\/\/www.huntersfriend.eu\/product\/hamskea-hybrid-hunter-pro-micro-adjust\/"},"modified":"2026-03-18T22:00:47","modified_gmt":"2026-03-18T20:00:47","slug":"hamskea-hybrid-hunter-pro-micro-adjust","status":"publish","type":"product","link":"https:\/\/www.huntersfriend.eu\/de\/produkt\/hamskea-hybrid-hunter-pro-micro-adjust\/","title":{"rendered":"Hamskea hybrid Hunter pro micro adjust"},"content":{"rendered":"<p><span lang=\"EN-US\">Hier pr\u00e4sentieren wir einen vollst\u00e4ndig eingefassten, bogen- oder seilgetriebenen Pfeilauflage, die sich ideal f\u00fcr Bogenj\u00e4ger eignet, die eine mikroeinstellbare Auflage bevorzugen, welche ebenso pr\u00e4zise ist wie jede Zielauflage. Die V-f\u00f6rmige Auflagekante gew\u00e4hrleistet, dass der Pfeil stets mittig positioniert ist. <\/span><\/p>\n<p>\u2022 \u00dcbernimmt Designelemente der bew\u00e4hrten VersaRest\u2122-Plattform in einer schlankeren Ausf\u00fchrung, die 20% leichter ist<br \/>\n\u2022 Vollst\u00e4ndige Mikroeinstellung f\u00fcr Seitenverstellung und H\u00f6henverstellung<br \/>\n\u2022 Die Zero Tolerance Technology\u2122 stellt sicher, dass keinerlei seitliches Spiel im Schaft vorhanden ist und die Rotation au\u00dferordentlich geschmeidig verl\u00e4uft<br \/>\n\u2022 \u00dcberspritzter Containment-B\u00fcgel mit 3\/4-Lade\u00f6ffnung gew\u00e4hrleistet leises und effizientes Pfeileinlegen<br \/>\n\u2022 Der Launcher verf\u00fcgt \u00fcber eine propriet\u00e4re Beschichtung zur Minimierung von Ger\u00e4uschen und eliminiert die Notwendigkeit, Filz aufzutragen<br \/>\n\u2022 Die Launcherwelle l\u00e4uft auf zwei \u00fcbergro\u00dfen, versiegelten Edelstahlkugellagern, die Schuss f\u00fcr Schuss reibungslos rotieren<br \/>\n\u2022 Die Zero Stop Technology\u2122 gew\u00e4hrleistet wiederholbare obere und untere Launcherpositionen<br \/>\n\u2022 Der Federknopf bietet multiple interne Torsionsfeder-Einstellpositionen<br \/>\n\u2022 8-seitiges, rutschfestes Kompressionsklemmdesign mit in-line D\u00e4mpfungsspule eliminiert den Launcher-R\u00fcckschlag<br \/>\n\u2022 Universelles, rutschfestes Wurfarmpolster, hochbelastbares, dehnungsfreies Seil und leicht einstellbare Seilklemme<br \/>\n\u2022 Die universelle Wurfarmklemmen-Baugruppe kann auf vielf\u00e4ltige Weise konfiguriert werden: ober- oder unterwurfarmaktiviert, seilaktiviert oder Seil-Fallaway<br \/>\n\u2022 Werkseitig als wurfarmaktivierte Auflage konfiguriert<\/p>\n","protected":false},"excerpt":{"rendered":"<p>Schwarze Ausf\u00fchrung<\/p>\n","protected":false},"featured_media":214248,"comment_status":"open","ping_status":"closed","template":"","meta":[],"product_brand":[],"product_cat":[1228],"product_tag":[],"class_list":{"0":"post-280950","1":"product","2":"type-product","3":"status-publish","4":"has-post-thumbnail","6":"product_cat-compound","8":"first","9":"instock","10":"taxable","11":"shipping-taxable","12":"purchasable","13":"product-type-variable"},"composite_virtual":false,"composite_layout":"","composite_add_to_cart_form_location":"","composite_editable_in_cart":false,"composite_sold_individually_context":"","composite_shop_price_calc":"","composite_components":[],"composite_scenarios":[],"group_of_quantity":0,"min_quantity":0,"max_quantity":"","exclude_order_quantity_value_rules":"no","exclude_category_quantity_rules":"no","combine_variations":"no","exclude_global_add_ons":[],"addons":[],"_links":{"self":[{"href":"https:\/\/www.huntersfriend.eu\/de\/wp-json\/wp\/v2\/product\/280950","targetHints":{"allow":["GET"]}}],"collection":[{"href":"https:\/\/www.huntersfriend.eu\/de\/wp-json\/wp\/v2\/product"}],"about":[{"href":"https:\/\/www.huntersfriend.eu\/de\/wp-json\/wp\/v2\/types\/product"}],"replies":[{"embeddable":true,"href":"https:\/\/www.huntersfriend.eu\/de\/wp-json\/wp\/v2\/comments?post=280950"}],"wp:featuredmedia":[{"embeddable":true,"href":"https:\/\/www.huntersfriend.eu\/de\/wp-json\/wp\/v2\/media\/214248"}],"wp:attachment":[{"href":"https:\/\/www.huntersfriend.eu\/de\/wp-json\/wp\/v2\/media?parent=280950"}],"wp:term":[{"taxonomy":"product_brand","embeddable":true,"href":"https:\/\/www.huntersfriend.eu\/de\/wp-json\/wp\/v2\/product_brand?post=280950"},{"taxonomy":"product_cat","embeddable":true,"href":"https:\/\/www.huntersfriend.eu\/de\/wp-json\/wp\/v2\/product_cat?post=280950"},{"taxonomy":"product_tag","embeddable":true,"href":"https:\/\/www.huntersfriend.eu\/de\/wp-json\/wp\/v2\/product_tag?post=280950"}],"curies":[{"name":"wp","href":"https:\/\/api.w.org\/{rel}","templated":true}]}}