{"id":280945,"date":"2018-12-21T08:24:53","date_gmt":"2018-12-21T08:24:53","guid":{"rendered":"https:\/\/www.huntersfriend.eu\/product\/garmin-xero-visier\/"},"modified":"2025-06-23T10:23:56","modified_gmt":"2025-06-23T08:23:56","slug":"garmin-xero-visier","status":"publish","type":"product","link":"https:\/\/www.huntersfriend.eu\/de\/produkt\/garmin-xero-visier\/","title":{"rendered":"Garmin xero Visier"},"content":{"rendered":"<p>&nbsp;<\/p>\n<table>\n<tbody>\n<tr class=\"title\">\n<td colspan=\"2\">\n<h3>Allgemeine Beschreibung von Garmin A1i und A1<\/h3>\n<\/td>\n<\/tr>\n<tr>\n<th scope=\"row\">Physische Abmessungen<\/th>\n<td>3,9&#8243; x 3,1&#8243; x 3,8&#8243; (100,3 x 79,4 x 97,1 mm)<\/td>\n<\/tr>\n<tr>\n<th scope=\"row\">Displaygr\u00f6\u00dfe<\/th>\n<td>1,00&#8243;B x 0,42&#8243;H (2,5 x 1,1 cm); 2,0&#8243; Diagonale (5,0 cm)<\/td>\n<\/tr>\n<tr>\n<th scope=\"row\">Displayaufl\u00f6sung<\/th>\n<td>160 x 68 Pixel<\/td>\n<\/tr>\n<tr>\n<th scope=\"row\">Displaytyp<\/th>\n<td>Bei Sonnenlicht sichtbar, transflektives Memory-in-Pixel (MIP)<\/td>\n<\/tr>\n<tr>\n<th scope=\"row\">Gewicht<\/th>\n<td>14,7 oz (418,0 g)<\/td>\n<\/tr>\n<tr>\n<th scope=\"row\">Akkuleistung<\/th>\n<td>2 Lithium-AAA-Batterien (nicht im Lieferumfang enthalten)<\/td>\n<\/tr>\n<tr>\n<th scope=\"row\">Akkulaufzeit<\/th>\n<td>Bis zu 1 Jahr<\/td>\n<\/tr>\n<tr>\n<th scope=\"row\"><a href=\"http:\/\/www.garmin.com\/waterrating\" target=\"_blank\" rel=\"noopener\">Wasserdichtigkeitsklasse<\/a><\/th>\n<td>IPX7<\/td>\n<\/tr>\n<tr>\n<th scope=\"row\">Schnittstelle<\/th>\n<td>USB<\/td>\n<\/tr>\n<\/tbody>\n<\/table>\n<p><strong>Zus\u00e4tzliche Informationen zum Garmin xero A1i<\/strong><\/p>\n<ul>\n<li>LED-Pins: 2 Farben (rot und gr\u00fcn)<\/li>\n<li>Pin-Durchmesser = 0,007 \u201eund gr\u00f6\u00dfer f\u00fcr rot, 0,009\u201c und gr\u00f6\u00dfer f\u00fcr gr\u00fcn<\/li>\n<li>Reichweite: 91,44 Meter zu Wild; 274,32 Meter zu reflektierenden Zielen<\/li>\n<li>Betriebstemperaturbereich: -20\u00b0C bis 60\u00b0C mit zwei AAA-Lithiumbatterien<\/li>\n<li>Glasbeschichtung:<br \/>\nZielseite ist antireflektierend, wasserabweisend und leicht zu reinigen<br \/>\nSch\u00fctzenseite ist 20% reflektierend, wasserabweisend und leicht zu reinigen<\/li>\n<li>Lichtprojektion: Es wird kein sichtbares Licht zum Ziel projiziert<\/li>\n<li>Vergr\u00f6\u00dferung: keine<\/li>\n<li>Pin-Helligkeit: Durch Umgebungslichtsensor gesteuert oder manuell<\/li>\n<li>Ger\u00e4uschloser Knopfausl\u00f6ser<\/li>\n<li>Anpassbare feste Pins<\/li>\n<li>Laser Locate\u2122-Funktion<\/li>\n<li>Mehrere Pfeilprofile<\/li>\n<li>Schussdynamik<\/li>\n<li>Schussz\u00e4hler<\/li>\n<li>Kompatibel mit Garmin GPS-Ger\u00e4ten: ja (siehe Registerkarte &#8218;Kompatible Ger\u00e4te&#8216;)<strong>Zus\u00e4tzliche Informationen zum Garmin Xero A1<\/strong><\/li>\n<\/ul>\n<ul>\n<li>LED-Pins: 1 Farbe (rot)<\/li>\n<li>Pin-Durchmesser = 0,007&#8243; und gr\u00f6\u00dfer<\/li>\n<li>Reichweite: 91,44 Meter zu Wild; 274,32 Meter zu reflektierenden Zielen<\/li>\n<li>Betriebstemperaturbereich: -20\u00b0C bis 60\u00b0C mit zwei AAA-Lithiumbatterien<\/li>\n<li>Glasbeschichtung:<br \/>\nZielseite ist antireflektierend, wasserabweisend und leicht zu reinigen<br \/>\nSch\u00fctzenseite ist 20% reflektierend, wasserabweisend und leicht zu reinigen<\/li>\n<li>Lichtprojektion: Es wird kein sichtbares Licht zum Ziel projiziert<\/li>\n<li>Vergr\u00f6\u00dferung: keine<\/li>\n<li>Pin-Helligkeit: Durch Umgebungslichtsensor gesteuert oder manuell<\/li>\n<li>Ger\u00e4uschloser Knopfausl\u00f6ser<\/li>\n<li>Schussz\u00e4hler<\/li>\n<li>Anpassbare feste Pins<\/li>\n<\/ul>\n","protected":false},"excerpt":{"rendered":"<p>&nbsp; Allgemeine Beschreibung von Garmin A1i und A1 Physische Abmessungen 3,9&#8243; x 3,1&#8243; x 3,8&#8243; (100,3 x 79,4 x 97,1 mm) Displaygr\u00f6\u00dfe 1,00&#8243;B x 0,42&#8243;H (2,5 x 1,1 cm); 2,0&#8243; Diagonale (5,0 cm) Displayaufl\u00f6sung 160 x 68 Pixel Displaytyp Bei Sonnenlicht sichtbar, transflektives Memory-in-Pixel (MIP) Gewicht 14,7 oz (418,0 g) Akkuleistung 2 Lithium-AAA-Batterien (nicht im [&#8230;]\n","protected":false},"featured_media":59888,"comment_status":"open","ping_status":"closed","template":"","meta":[],"product_brand":[],"product_cat":[1145],"product_tag":[],"class_list":{"0":"post-280945","1":"product","2":"type-product","3":"status-publish","4":"has-post-thumbnail","6":"product_cat-sonstiges","8":"first","9":"outofstock","10":"taxable","11":"shipping-taxable","12":"purchasable","13":"product-type-variable"},"composite_virtual":false,"composite_layout":"","composite_add_to_cart_form_location":"","composite_editable_in_cart":false,"composite_sold_individually_context":"","composite_shop_price_calc":"","composite_components":[],"composite_scenarios":[],"group_of_quantity":0,"min_quantity":0,"max_quantity":"","exclude_order_quantity_value_rules":"no","exclude_category_quantity_rules":"no","combine_variations":"no","exclude_global_add_ons":[],"addons":[],"_links":{"self":[{"href":"https:\/\/www.huntersfriend.eu\/de\/wp-json\/wp\/v2\/product\/280945","targetHints":{"allow":["GET"]}}],"collection":[{"href":"https:\/\/www.huntersfriend.eu\/de\/wp-json\/wp\/v2\/product"}],"about":[{"href":"https:\/\/www.huntersfriend.eu\/de\/wp-json\/wp\/v2\/types\/product"}],"replies":[{"embeddable":true,"href":"https:\/\/www.huntersfriend.eu\/de\/wp-json\/wp\/v2\/comments?post=280945"}],"wp:featuredmedia":[{"embeddable":true,"href":"https:\/\/www.huntersfriend.eu\/de\/wp-json\/wp\/v2\/media\/59888"}],"wp:attachment":[{"href":"https:\/\/www.huntersfriend.eu\/de\/wp-json\/wp\/v2\/media?parent=280945"}],"wp:term":[{"taxonomy":"product_brand","embeddable":true,"href":"https:\/\/www.huntersfriend.eu\/de\/wp-json\/wp\/v2\/product_brand?post=280945"},{"taxonomy":"product_cat","embeddable":true,"href":"https:\/\/www.huntersfriend.eu\/de\/wp-json\/wp\/v2\/product_cat?post=280945"},{"taxonomy":"product_tag","embeddable":true,"href":"https:\/\/www.huntersfriend.eu\/de\/wp-json\/wp\/v2\/product_tag?post=280945"}],"curies":[{"name":"wp","href":"https:\/\/api.w.org\/{rel}","templated":true}]}}