{"id":280927,"date":"2018-12-21T08:24:49","date_gmt":"2018-12-21T08:24:49","guid":{"rendered":"https:\/\/www.huntersfriend.eu\/product\/easton-ez-fletch-multi-kit\/"},"modified":"2026-03-05T12:42:23","modified_gmt":"2026-03-05T10:42:23","slug":"easton-ez-fletch-multi-kit","status":"publish","type":"product","link":"https:\/\/www.huntersfriend.eu\/de\/produkt\/easton-ez-fletch-multi-kit\/","title":{"rendered":"Easton EZ fletch Multi Kit"},"content":{"rendered":"<p>Befiedern Sie Ihre eigenen Pfeile stets konsistent, wie die Profis.<\/p>\n<h3>Kleine Vorrichtung:<\/h3>\n<ul>\n<li><span style=\"display: inline !important; float: none; background-color: transparent; color: #0a0a0a; font-family: 'Open Sans',sans-serif; font-size: 14px; font-size-adjust: none; font-stretch: 100%; font-style: normal; font-variant: normal; font-weight: 400; letter-spacing: normal; line-height: 25.2px; orphans: 2; text-align: left; text-decoration: none; text-indent: 0px; text-shadow: none; text-transform: none; -webkit-text-stroke-width: 0px; white-space: normal; word-spacing: 0px;\">Beinhaltet ein 2-Zoll Mini-Helical-Werkzeug und einen zus\u00e4tzlichen Satz gerader Versatzarme<\/span><\/li>\n<li><span style=\"display: inline !important; float: none; background-color: transparent; color: #0a0a0a; font-family: 'Open Sans',sans-serif; font-size: 14px; font-size-adjust: none; font-stretch: 100%; font-style: normal; font-variant: normal; font-weight: 400; letter-spacing: normal; line-height: 25.2px; orphans: 2; text-align: left; text-decoration: none; text-indent: 0px; text-shadow: none; text-transform: none; -webkit-text-stroke-width: 0px; white-space: normal; word-spacing: 0px;\">F\u00fcr alle Pfeilmaterialien und Durchmesser kleiner als 20\/64 Zoll<\/span><\/li>\n<\/ul>\n<h3>Gro\u00dfe Vorrichtung:<\/h3>\n<ul>\n<li><span style=\"display: inline !important; float: none; background-color: transparent; color: #0a0a0a; font-family: 'Open Sans',sans-serif; font-size: 14px; font-size-adjust: none; font-stretch: 100%; font-style: normal; font-variant: normal; font-weight: 400; letter-spacing: normal; line-height: 25.2px; orphans: 2; text-align: left; text-decoration: none; text-indent: 0px; text-shadow: none; text-transform: none; -webkit-text-stroke-width: 0px; white-space: normal; word-spacing: 0px;\">Beinhaltet eine 5 \u201eStraight-O-Set-Vorrichtung und einen zus\u00e4tzlichen Satz 2\u201c Mini-Helical-Arme<\/span><\/li>\n<li><span style=\"display: inline !important; float: none; background-color: transparent; color: #0a0a0a; font-family: 'Open Sans',sans-serif; font-size: 14px; font-size-adjust: none; font-stretch: 100%; font-style: normal; font-variant: normal; font-weight: 400; letter-spacing: normal; line-height: 25.2px; orphans: 2; text-align: left; text-decoration: none; text-indent: 0px; text-shadow: none; text-transform: none; -webkit-text-stroke-width: 0px; white-space: normal; word-spacing: 0px;\">F\u00fcr alle Pfeilmaterialien und Durchmesser gr\u00f6\u00dfer als 20\/64 Zoll<\/span><\/li>\n<\/ul>\n","protected":false},"excerpt":{"rendered":"<p>Befiedern Sie Ihre eigenen Pfeile stets konsistent, wie die Profis. Kleine Vorrichtung: Beinhaltet ein 2-Zoll Mini-Helical-Werkzeug und einen zus\u00e4tzlichen Satz gerader Versatzarme F\u00fcr alle Pfeilmaterialien und Durchmesser kleiner als 20\/64 Zoll Gro\u00dfe Vorrichtung: Beinhaltet eine 5 \u201eStraight-O-Set-Vorrichtung und einen zus\u00e4tzlichen Satz 2\u201c Mini-Helical-Arme F\u00fcr alle Pfeilmaterialien und Durchmesser gr\u00f6\u00dfer als 20\/64 Zoll<\/p>\n","protected":false},"featured_media":280932,"comment_status":"open","ping_status":"closed","template":"","meta":[],"product_brand":[],"product_cat":[1176],"product_tag":[],"class_list":{"0":"post-280927","1":"product","2":"type-product","3":"status-publish","4":"has-post-thumbnail","6":"product_cat-befiederungsgeraete","8":"first","9":"instock","10":"taxable","11":"shipping-taxable","12":"purchasable","13":"product-type-variable","14":"has-default-attributes"},"composite_virtual":false,"composite_layout":"","composite_add_to_cart_form_location":"","composite_editable_in_cart":false,"composite_sold_individually_context":"","composite_shop_price_calc":"","composite_components":[],"composite_scenarios":[],"group_of_quantity":0,"min_quantity":0,"max_quantity":"","exclude_order_quantity_value_rules":"no","exclude_category_quantity_rules":"no","combine_variations":"no","exclude_global_add_ons":[],"addons":[],"_links":{"self":[{"href":"https:\/\/www.huntersfriend.eu\/de\/wp-json\/wp\/v2\/product\/280927","targetHints":{"allow":["GET"]}}],"collection":[{"href":"https:\/\/www.huntersfriend.eu\/de\/wp-json\/wp\/v2\/product"}],"about":[{"href":"https:\/\/www.huntersfriend.eu\/de\/wp-json\/wp\/v2\/types\/product"}],"replies":[{"embeddable":true,"href":"https:\/\/www.huntersfriend.eu\/de\/wp-json\/wp\/v2\/comments?post=280927"}],"wp:featuredmedia":[{"embeddable":true,"href":"https:\/\/www.huntersfriend.eu\/de\/wp-json\/wp\/v2\/media\/280932"}],"wp:attachment":[{"href":"https:\/\/www.huntersfriend.eu\/de\/wp-json\/wp\/v2\/media?parent=280927"}],"wp:term":[{"taxonomy":"product_brand","embeddable":true,"href":"https:\/\/www.huntersfriend.eu\/de\/wp-json\/wp\/v2\/product_brand?post=280927"},{"taxonomy":"product_cat","embeddable":true,"href":"https:\/\/www.huntersfriend.eu\/de\/wp-json\/wp\/v2\/product_cat?post=280927"},{"taxonomy":"product_tag","embeddable":true,"href":"https:\/\/www.huntersfriend.eu\/de\/wp-json\/wp\/v2\/product_tag?post=280927"}],"curies":[{"name":"wp","href":"https:\/\/api.w.org\/{rel}","templated":true}]}}