{"id":280908,"date":"2018-12-21T08:24:40","date_gmt":"2025-06-23T08:23:46","guid":{"rendered":"https:\/\/www.huntersfriend.eu\/product\/bohning-blazer-2\/"},"modified":"2026-04-09T19:41:56","modified_gmt":"2026-04-09T17:41:56","slug":"bohning-blazer-2","status":"publish","type":"product","link":"https:\/\/www.huntersfriend.eu\/de\/produkt\/bohning-blazer-2\/","title":{"rendered":"Bohning blazer 2&#8243;"},"content":{"rendered":"<p>Die weltweit beliebteste Jagdbefiederung.<\/p>\n<p>Die Blazer-Befiederung, konzipiert zur Steuerung von feststehenden Jagdspitzen, ist seit \u00fcber einem Jahrzehnt die f\u00fchrende Jagdbefiederung! Sie misst 2 \u201e(50,8 mm) in der L\u00e4nge, 0,57\u201c (14,5 mm) in der H\u00f6he und wiegt durchschnittlich 6,0 Grains (388,8 mg). In Echtfarbe gedruckte Blazer wiegen durchschnittlich 6,3 Grains (408,2 mg). Wie bei allen Bohning-Befiederungen ist die Basis der Blazer-Befiederung f\u00fcr optimale Haftung vorgrundiert. Die Blazer\u00ae-Befiederung hat mehr Kinnladen fallen lassen, mehr Troph\u00e4en aufgeh\u00e4ngt, mehr Skeptiker \u00fcberzeugt und mehr gro\u00dfe, alberne Grinsen hervorgerufen als alle \u201eNachahmer-\u201c, \u201em\u00f6chtegern-\u201c, \u201eKopie-\u201c Befiederungen zusammen! Dies ist die Befiederung, die zweifellos alle anderen \u00fcbertrifft! Sie ist f\u00fcr feststehende Jagdspitzen konzipiert, aber auch perfekt f\u00fcr Armbr\u00fcste und 3D-Bogenschie\u00dfen geeignet. Die Blazer-Befiederung mit ihrem einzigartigen Design beginnt sofort zu steuern und zu korrigieren &#8211; und \u00fcberzeugt damit sowohl Bogenj\u00e4ger als auch Zielsch\u00fctzen! Die Kombination aus dem steilen Anstellwinkel der Vorderkante und ihren Materialeigenschaften erm\u00f6glicht es der Luft, so \u00fcber die Befiederung zu str\u00f6men, dass tats\u00e4chlich Auftrieb erzeugt wird. Dies l\u00e4sst die Spitze jeder Befiederung in ungest\u00f6rter Luft, \u00e4hnlich dem im Autorennsport verwendeten Windschatteneffekt. Dieser Luftstrom l\u00e4sst auch die Spitze jeder Befiederung wie ein Ruder wirken, was bei gr\u00f6\u00dferen Entfernungen durch die flachere Flugbahn der Blazer-Befiederungen bemerkbar ist. Wir empfehlen, Blazer-Befiederungen f\u00fcr perfekte Ergebnisse mit einer Spiralbefiederung anzubringen. Was ist in Ihrem K\u00f6cher? Wenn dort nicht Blazer steht und das Bohning-Logo tr\u00e4gt, ist es kein ECHTER BLAZER. Nur Bohning stellt die Blazer-Befiederung her, und wir drucken stolz unseren Namen auf jede einzelne. Es ist nicht nur das Profil, das uns von Nachahmungen unterscheidet, unser propriet\u00e4res Material wurde unter extremen Bedingungen getestet, um sicherzustellen, dass es Sie nicht im Stich l\u00e4sst, wenn es wirklich darauf ankommt. Lassen Sie sich nicht von Nachahmern t\u00e4uschen. Wenn nicht Bohning darauf steht, ist es kein Blazer und wird auch nicht wie einer funktionieren.                 <\/p>\n","protected":false},"excerpt":{"rendered":"<p>Die weltweit beliebteste Jagdbefiederung. Die Blazer-Befiederung, konzipiert zur Steuerung von feststehenden Jagdspitzen, ist seit \u00fcber einem Jahrzehnt die f\u00fchrende Jagdbefiederung! Sie misst 2 \u201e(50,8 mm) in der L\u00e4nge, 0,57\u201c (14,5 mm) in der H\u00f6he und wiegt durchschnittlich 6,0 Grains (388,8 mg). In Echtfarbe gedruckte Blazer wiegen durchschnittlich 6,3 Grains (408,2 mg). Wie bei allen Bohning-Befiederungen [&#8230;]\n","protected":false},"featured_media":246844,"comment_status":"open","ping_status":"closed","template":"","meta":[],"product_brand":[],"product_cat":[1097],"product_tag":[],"class_list":{"0":"post-280908","1":"product","2":"type-product","3":"status-publish","4":"has-post-thumbnail","6":"product_cat-fletching-de","8":"first","9":"instock","10":"taxable","11":"shipping-taxable","12":"purchasable","13":"product-type-variable"},"composite_virtual":false,"composite_layout":"","composite_add_to_cart_form_location":"","composite_editable_in_cart":false,"composite_sold_individually_context":"","composite_shop_price_calc":"","composite_components":[],"composite_scenarios":[],"group_of_quantity":0,"min_quantity":0,"max_quantity":"","exclude_order_quantity_value_rules":"no","exclude_category_quantity_rules":"no","combine_variations":"no","exclude_global_add_ons":[],"addons":[],"_links":{"self":[{"href":"https:\/\/www.huntersfriend.eu\/de\/wp-json\/wp\/v2\/product\/280908","targetHints":{"allow":["GET"]}}],"collection":[{"href":"https:\/\/www.huntersfriend.eu\/de\/wp-json\/wp\/v2\/product"}],"about":[{"href":"https:\/\/www.huntersfriend.eu\/de\/wp-json\/wp\/v2\/types\/product"}],"replies":[{"embeddable":true,"href":"https:\/\/www.huntersfriend.eu\/de\/wp-json\/wp\/v2\/comments?post=280908"}],"wp:featuredmedia":[{"embeddable":true,"href":"https:\/\/www.huntersfriend.eu\/de\/wp-json\/wp\/v2\/media\/246844"}],"wp:attachment":[{"href":"https:\/\/www.huntersfriend.eu\/de\/wp-json\/wp\/v2\/media?parent=280908"}],"wp:term":[{"taxonomy":"product_brand","embeddable":true,"href":"https:\/\/www.huntersfriend.eu\/de\/wp-json\/wp\/v2\/product_brand?post=280908"},{"taxonomy":"product_cat","embeddable":true,"href":"https:\/\/www.huntersfriend.eu\/de\/wp-json\/wp\/v2\/product_cat?post=280908"},{"taxonomy":"product_tag","embeddable":true,"href":"https:\/\/www.huntersfriend.eu\/de\/wp-json\/wp\/v2\/product_tag?post=280908"}],"curies":[{"name":"wp","href":"https:\/\/api.w.org\/{rel}","templated":true}]}}