{"id":280907,"date":"2018-11-20T06:42:29","date_gmt":"2025-06-23T08:23:46","guid":{"rendered":"https:\/\/www.huntersfriend.eu\/product\/hawk-ausfahrbarer-bogenarm\/"},"modified":"2025-06-23T10:23:46","modified_gmt":"2025-06-23T08:23:46","slug":"hawk-ausfahrbarer-bogenarm","status":"publish","type":"product","link":"https:\/\/www.huntersfriend.eu\/de\/produkt\/hawk-ausfahrbarer-bogenarm\/","title":{"rendered":"Hawk ausfahrbarer Bogenarm"},"content":{"rendered":"<p><b><span style=\"color: #979a9b; font-family: Arial;\">RAGT \u00dcBER IHRE SEITE HINAUS<br \/>\n<\/span><\/b>Wir haben unseren beliebtesten Baumarm verst\u00e4rkt und vielseitiger gestaltet. Der MEGA Xtendible ist im zusammengeklappten Zustand nur 12 \u201elang, l\u00e4sst sich jedoch auf bis zu 25,5\u201c ausfahren, um eine gr\u00f6\u00dfere Reichweite und bessere Waffenpositionierung im Baum zu erm\u00f6glichen. Er besteht aus luftfahrttauglichem Aluminium f\u00fcr leichte Tragbarkeit und verf\u00fcgt \u00fcber unsere exklusive Anti-Spin TreeCam f\u00fcr eine absolut stabile Leistung. Die doppelten, drehbaren Silent-Grip-Haken eignen sich hervorragend zum Aufh\u00e4ngen von Armbr\u00fcsten oder zus\u00e4tzlicher Ausr\u00fcstung an Ihrer Seite. Die scharfen Auger-Tip-Gewinde lassen sich m\u00fchelos in jeden Baum einschrauben.    <\/p>\n","protected":false},"excerpt":{"rendered":"<p>RAGT \u00dcBER IHRE SEITE HINAUS Wir haben unseren beliebtesten Baumarm verst\u00e4rkt und vielseitiger gestaltet. Der MEGA Xtendible ist im zusammengeklappten Zustand nur 12 \u201elang, l\u00e4sst sich jedoch auf bis zu 25,5\u201c ausfahren, um eine gr\u00f6\u00dfere Reichweite und bessere Waffenpositionierung im Baum zu erm\u00f6glichen. Er besteht aus luftfahrttauglichem Aluminium f\u00fcr leichte Tragbarkeit und verf\u00fcgt \u00fcber unsere [&#8230;]\n","protected":false},"featured_media":210700,"comment_status":"open","ping_status":"closed","template":"","meta":[],"product_brand":[],"product_cat":[1171],"product_tag":[],"class_list":{"0":"post-280907","1":"product","2":"type-product","3":"status-publish","4":"has-post-thumbnail","6":"product_cat-sitz-und-schirm-zubehoer","8":"first","9":"outofstock","10":"taxable","11":"shipping-taxable","12":"purchasable","13":"product-type-simple"},"composite_virtual":false,"composite_layout":"","composite_add_to_cart_form_location":"","composite_editable_in_cart":false,"composite_sold_individually_context":"","composite_shop_price_calc":"","composite_components":[],"composite_scenarios":[],"group_of_quantity":0,"min_quantity":0,"max_quantity":"","exclude_order_quantity_value_rules":"no","exclude_category_quantity_rules":"no","combine_variations":"no","exclude_global_add_ons":[],"addons":[],"_links":{"self":[{"href":"https:\/\/www.huntersfriend.eu\/de\/wp-json\/wp\/v2\/product\/280907","targetHints":{"allow":["GET"]}}],"collection":[{"href":"https:\/\/www.huntersfriend.eu\/de\/wp-json\/wp\/v2\/product"}],"about":[{"href":"https:\/\/www.huntersfriend.eu\/de\/wp-json\/wp\/v2\/types\/product"}],"replies":[{"embeddable":true,"href":"https:\/\/www.huntersfriend.eu\/de\/wp-json\/wp\/v2\/comments?post=280907"}],"wp:featuredmedia":[{"embeddable":true,"href":"https:\/\/www.huntersfriend.eu\/de\/wp-json\/wp\/v2\/media\/210700"}],"wp:attachment":[{"href":"https:\/\/www.huntersfriend.eu\/de\/wp-json\/wp\/v2\/media?parent=280907"}],"wp:term":[{"taxonomy":"product_brand","embeddable":true,"href":"https:\/\/www.huntersfriend.eu\/de\/wp-json\/wp\/v2\/product_brand?post=280907"},{"taxonomy":"product_cat","embeddable":true,"href":"https:\/\/www.huntersfriend.eu\/de\/wp-json\/wp\/v2\/product_cat?post=280907"},{"taxonomy":"product_tag","embeddable":true,"href":"https:\/\/www.huntersfriend.eu\/de\/wp-json\/wp\/v2\/product_tag?post=280907"}],"curies":[{"name":"wp","href":"https:\/\/api.w.org\/{rel}","templated":true}]}}