{"id":280893,"date":"2018-12-21T08:24:36","date_gmt":"2025-06-23T08:23:43","guid":{"rendered":"https:\/\/www.huntersfriend.eu\/product\/fletcher-stil-tru-peep\/"},"modified":"2026-03-05T12:42:19","modified_gmt":"2026-03-05T10:42:19","slug":"fletcher-stil-tru-peep","status":"publish","type":"product","link":"https:\/\/www.huntersfriend.eu\/de\/produkt\/fletcher-stil-tru-peep\/","title":{"rendered":"Fletcher-Stil Tru-Peep"},"content":{"rendered":"<div class=\"jsx-3661784036 description\">Der weltweit beliebteste Stil eines Peep Sights und das weltweit erste Peep Sight, der Fletcher Tru-Peep, ist vollst\u00e4ndig aus Aluminium gefertigt und verf\u00fcgt \u00fcber ein legend\u00e4res Design, das bei vollem Auszug ein perfekt rundes, schattiertes Loch erm\u00f6glicht. Der Tru-Peep macht vorstehende Blenden \u00fcberfl\u00fcssig und wird durch eine zuverl\u00e4ssige Sicherungsbindungsrille in Position gehalten. <\/div>\n<ul class=\"jsx-3661784036 bullets\">\n<li class=\"jsx-3661784036\">Geniales Design macht vorstehende Blenden \u00fcberfl\u00fcssig<\/li>\n<li class=\"jsx-3661784036\">Erzeugt bei vollem Auszug ein perfekt rundes, schattiertes Loch<\/li>\n<li class=\"jsx-3661784036\">Sicherungsbindungsrille h\u00e4lt das Peep in Position<\/li>\n<li class=\"jsx-3661784036\">F\u00fcr die Installation werden keine Werkzeuge ben\u00f6tigt<\/li>\n<\/ul>\n","protected":false},"excerpt":{"rendered":"<p>Der weltweit beliebteste Stil eines Peep Sights und das weltweit erste Peep Sight, der Fletcher Tru-Peep, ist vollst\u00e4ndig aus Aluminium gefertigt und verf\u00fcgt \u00fcber ein legend\u00e4res Design, das bei vollem Auszug ein perfekt rundes, schattiertes Loch erm\u00f6glicht. Der Tru-Peep macht vorstehende Blenden \u00fcberfl\u00fcssig und wird durch eine zuverl\u00e4ssige Sicherungsbindungsrille in Position gehalten. Geniales Design macht [&#8230;]\n","protected":false},"featured_media":59478,"comment_status":"open","ping_status":"closed","template":"","meta":[],"product_brand":[],"product_cat":[1137],"product_tag":[],"class_list":{"0":"post-280893","1":"product","2":"type-product","3":"status-publish","4":"has-post-thumbnail","6":"product_cat-peeps-nocken-kisserbottons-und-zubehoer","8":"first","9":"instock","10":"taxable","11":"shipping-taxable","12":"purchasable","13":"product-type-variable"},"composite_virtual":false,"composite_layout":"","composite_add_to_cart_form_location":"","composite_editable_in_cart":false,"composite_sold_individually_context":"","composite_shop_price_calc":"","composite_components":[],"composite_scenarios":[],"group_of_quantity":0,"min_quantity":0,"max_quantity":"","exclude_order_quantity_value_rules":"no","exclude_category_quantity_rules":"no","combine_variations":"no","exclude_global_add_ons":[],"addons":[],"_links":{"self":[{"href":"https:\/\/www.huntersfriend.eu\/de\/wp-json\/wp\/v2\/product\/280893","targetHints":{"allow":["GET"]}}],"collection":[{"href":"https:\/\/www.huntersfriend.eu\/de\/wp-json\/wp\/v2\/product"}],"about":[{"href":"https:\/\/www.huntersfriend.eu\/de\/wp-json\/wp\/v2\/types\/product"}],"replies":[{"embeddable":true,"href":"https:\/\/www.huntersfriend.eu\/de\/wp-json\/wp\/v2\/comments?post=280893"}],"wp:featuredmedia":[{"embeddable":true,"href":"https:\/\/www.huntersfriend.eu\/de\/wp-json\/wp\/v2\/media\/59478"}],"wp:attachment":[{"href":"https:\/\/www.huntersfriend.eu\/de\/wp-json\/wp\/v2\/media?parent=280893"}],"wp:term":[{"taxonomy":"product_brand","embeddable":true,"href":"https:\/\/www.huntersfriend.eu\/de\/wp-json\/wp\/v2\/product_brand?post=280893"},{"taxonomy":"product_cat","embeddable":true,"href":"https:\/\/www.huntersfriend.eu\/de\/wp-json\/wp\/v2\/product_cat?post=280893"},{"taxonomy":"product_tag","embeddable":true,"href":"https:\/\/www.huntersfriend.eu\/de\/wp-json\/wp\/v2\/product_tag?post=280893"}],"curies":[{"name":"wp","href":"https:\/\/api.w.org\/{rel}","templated":true}]}}