{"id":280891,"date":"2018-11-19T14:58:45","date_gmt":"2025-06-23T08:23:41","guid":{"rendered":"https:\/\/www.huntersfriend.eu\/product\/bohning-pro-class-befiederungsvorrichtung\/"},"modified":"2025-07-10T03:54:17","modified_gmt":"2025-07-10T01:54:17","slug":"bohning-pro-class-befiederungsvorrichtung","status":"publish","type":"product","link":"https:\/\/www.huntersfriend.eu\/de\/produkt\/bohning-pro-class-befiederungsvorrichtung\/","title":{"rendered":"Bohning Pro Class &#8211; Befiederungsvorrichtung"},"content":{"rendered":"<ul>\n<li>Vorrichtung mit Klemme, konzipiert f\u00fcr spiralf\u00f6rmige, \u201erechtsl\u00e4ufige\u201c Befiederung<\/li>\n<li>Alternative Klemmen sind separat erh\u00e4ltlich, um allen Ihren Pfeiloptionen gerecht zu werden (siehe verwandte Produkte unten)<\/li>\n<li>Kann f\u00fcr alle Schaftgr\u00f6\u00dfen eingestellt werden (nicht geeignet f\u00fcr Sch\u00e4fte mit Keilende ohne Nocke)<\/li>\n<li>Stellen Sie Ihren eigenen Versatzgrad ein<\/li>\n<li>Geeignet f\u00fcr Kunststoff- oder Federbefiederungen bis zu 5,5 Zoll<\/li>\n<li>Kann je nach Pr\u00e4ferenz f\u00fcr Drei- oder Vier-Fl\u00fcgel-Optionen verwendet werden, mit pr\u00e4ziser \u201eEinrast\u201c-Indexierung<\/li>\n<\/ul>\n","protected":false},"excerpt":{"rendered":"<p>Rechts-helikale Anordung (spiralf\u00f6rmig)<\/p>\n","protected":false},"featured_media":210462,"comment_status":"open","ping_status":"open","template":"","meta":[],"product_brand":[],"product_cat":[1176],"product_tag":[],"class_list":{"0":"post-280891","1":"product","2":"type-product","3":"status-publish","4":"has-post-thumbnail","6":"product_cat-befiederungsgeraete","8":"first","9":"instock","10":"taxable","11":"shipping-taxable","12":"purchasable","13":"product-type-simple"},"composite_virtual":false,"composite_layout":"","composite_add_to_cart_form_location":"","composite_editable_in_cart":false,"composite_sold_individually_context":"","composite_shop_price_calc":"","composite_components":[],"composite_scenarios":[],"group_of_quantity":0,"min_quantity":0,"max_quantity":"","exclude_order_quantity_value_rules":"no","exclude_category_quantity_rules":"no","combine_variations":"no","exclude_global_add_ons":[],"addons":[],"_links":{"self":[{"href":"https:\/\/www.huntersfriend.eu\/de\/wp-json\/wp\/v2\/product\/280891","targetHints":{"allow":["GET"]}}],"collection":[{"href":"https:\/\/www.huntersfriend.eu\/de\/wp-json\/wp\/v2\/product"}],"about":[{"href":"https:\/\/www.huntersfriend.eu\/de\/wp-json\/wp\/v2\/types\/product"}],"replies":[{"embeddable":true,"href":"https:\/\/www.huntersfriend.eu\/de\/wp-json\/wp\/v2\/comments?post=280891"}],"wp:featuredmedia":[{"embeddable":true,"href":"https:\/\/www.huntersfriend.eu\/de\/wp-json\/wp\/v2\/media\/210462"}],"wp:attachment":[{"href":"https:\/\/www.huntersfriend.eu\/de\/wp-json\/wp\/v2\/media?parent=280891"}],"wp:term":[{"taxonomy":"product_brand","embeddable":true,"href":"https:\/\/www.huntersfriend.eu\/de\/wp-json\/wp\/v2\/product_brand?post=280891"},{"taxonomy":"product_cat","embeddable":true,"href":"https:\/\/www.huntersfriend.eu\/de\/wp-json\/wp\/v2\/product_cat?post=280891"},{"taxonomy":"product_tag","embeddable":true,"href":"https:\/\/www.huntersfriend.eu\/de\/wp-json\/wp\/v2\/product_tag?post=280891"}],"curies":[{"name":"wp","href":"https:\/\/api.w.org\/{rel}","templated":true}]}}