{"id":280890,"date":"2018-11-19T14:23:06","date_gmt":"2018-11-19T12:23:06","guid":{"rendered":"https:\/\/www.huntersfriend.eu\/product\/scott-archery-sigma-3-ausloeser\/"},"modified":"2025-07-10T03:54:24","modified_gmt":"2025-07-10T01:54:24","slug":"scott-archery-sigma-3-ausloeser","status":"publish","type":"product","link":"https:\/\/www.huntersfriend.eu\/de\/produkt\/scott-archery-sigma-3-ausloeser\/","title":{"rendered":"Scott Archery Sigma 3 Ausl\u00f6ser"},"content":{"rendered":"<p>Der Sigma bietet ein angenehmeres Gef\u00fchl durch einen neuen, ergonomischeren Griff. Sie k\u00f6nnen den Unterschied bei vollem Auszug sp\u00fcren, was Ihnen erlaubt, entspannt und selbstsicher zu sein. Der Sigma positioniert Ihre Finger in optimale Leistungspositionen \u2013 wir bezeichnen dies als \u201eFinger-Ergonomie\u201c. Letztendlich zeigt sich der Beweis auf dem Siegerpodest.   <\/p>\n<div class=\"bullet-points\">\n<ul>\n<li>Hochentwickelt f\u00fcr maximale Pr\u00e4zision<\/li>\n<li>Ergonomische Form f\u00fcr optimales Gef\u00fchl<\/li>\n<li>Geschlossener, vollst\u00e4ndig abgerundeter konischer Griff f\u00fcr konsistente Handposition<\/li>\n<li>Vollst\u00e4ndig einstellbarer Abzug und Ausl\u00f6seweg<\/li>\n<li>Aus 440 Edelstahl gefertigte interne Komponenten<\/li>\n<\/ul>\n<\/div>\n","protected":false},"excerpt":{"rendered":"<p>Der Sigma bietet ein angenehmeres Gef\u00fchl durch einen neuen, ergonomischeren Griff. Sie k\u00f6nnen den Unterschied bei vollem Auszug sp\u00fcren, was Ihnen erlaubt, entspannt und selbstsicher zu sein. Der Sigma positioniert Ihre Finger in optimale Leistungspositionen \u2013 wir bezeichnen dies als \u201eFinger-Ergonomie\u201c. Letztendlich zeigt sich der Beweis auf dem Siegerpodest. Hochentwickelt f\u00fcr maximale Pr\u00e4zision Ergonomische Form [&#8230;]\n","protected":false},"featured_media":211031,"comment_status":"open","ping_status":"closed","template":"","meta":[],"product_brand":[],"product_cat":[1094,1222],"product_tag":[],"class_list":{"0":"post-280890","1":"product","2":"type-product","3":"status-publish","4":"has-post-thumbnail","6":"product_cat-hand-release","7":"product_cat-sonderangebote","9":"first","10":"instock","11":"sale","12":"taxable","13":"shipping-taxable","14":"purchasable","15":"product-type-simple"},"composite_virtual":false,"composite_layout":"","composite_add_to_cart_form_location":"","composite_editable_in_cart":false,"composite_sold_individually_context":"","composite_shop_price_calc":"","composite_components":[],"composite_scenarios":[],"group_of_quantity":0,"min_quantity":0,"max_quantity":"","exclude_order_quantity_value_rules":"no","exclude_category_quantity_rules":"no","combine_variations":"no","exclude_global_add_ons":[],"addons":[],"_links":{"self":[{"href":"https:\/\/www.huntersfriend.eu\/de\/wp-json\/wp\/v2\/product\/280890","targetHints":{"allow":["GET"]}}],"collection":[{"href":"https:\/\/www.huntersfriend.eu\/de\/wp-json\/wp\/v2\/product"}],"about":[{"href":"https:\/\/www.huntersfriend.eu\/de\/wp-json\/wp\/v2\/types\/product"}],"replies":[{"embeddable":true,"href":"https:\/\/www.huntersfriend.eu\/de\/wp-json\/wp\/v2\/comments?post=280890"}],"wp:featuredmedia":[{"embeddable":true,"href":"https:\/\/www.huntersfriend.eu\/de\/wp-json\/wp\/v2\/media\/211031"}],"wp:attachment":[{"href":"https:\/\/www.huntersfriend.eu\/de\/wp-json\/wp\/v2\/media?parent=280890"}],"wp:term":[{"taxonomy":"product_brand","embeddable":true,"href":"https:\/\/www.huntersfriend.eu\/de\/wp-json\/wp\/v2\/product_brand?post=280890"},{"taxonomy":"product_cat","embeddable":true,"href":"https:\/\/www.huntersfriend.eu\/de\/wp-json\/wp\/v2\/product_cat?post=280890"},{"taxonomy":"product_tag","embeddable":true,"href":"https:\/\/www.huntersfriend.eu\/de\/wp-json\/wp\/v2\/product_tag?post=280890"}],"curies":[{"name":"wp","href":"https:\/\/api.w.org\/{rel}","templated":true}]}}