{"id":280887,"date":"2018-11-19T14:22:47","date_gmt":"2018-11-19T12:22:47","guid":{"rendered":"https:\/\/www.huntersfriend.eu\/product\/iq-mikro-visier-rh-5-pin\/"},"modified":"2026-05-01T08:19:59","modified_gmt":"2026-05-01T06:19:59","slug":"iq-mikro-visier-rh-5-pin","status":"publish","type":"product","link":"https:\/\/www.huntersfriend.eu\/de\/produkt\/iq-mikro-visier-rh-5-pin\/","title":{"rendered":"IQ Mikro-Visier RH 5 Pin"},"content":{"rendered":"<p>Das <strong>IQ MICRO BOWSIGHT<\/strong> bietet RETINA LOCK TECHNOLOGIE, die sofortiges Feedback liefert und selbst die geringste Torsion oder \u00c4nderung des Ankerpunkts identifiziert, welche Ihre Zielgenauigkeit auf weite Distanzen beeinflussen kann. Mikroeinstellkn\u00f6pfe erm\u00f6glichen eine schnelle und einfache Justierung der H\u00f6hen- und Seitenverstellung auf pr\u00e4zise Positionen. Die zweifache Montagem\u00f6glichkeit gibt Ihnen die Flexibilit\u00e4t, das Visier an Ihren individuellen Schie\u00dfstil anzupassen. Werkzeuglose Feststellkn\u00f6pfe erm\u00f6glichen es Ihnen, Ihre Seiten- und H\u00f6heneinstellungen ohne den Einsatz von Werkzeugen zu fixieren.   <\/p>\n<h3><strong>Eigenschaften:<\/strong><\/h3>\n<ul>\n<li>Retina Lock Technologie<\/li>\n<li>Mikroeinstellkn\u00f6pfe f\u00fcr Seiten- und H\u00f6henverstellung<\/li>\n<li>Eng gestapelte Pins<\/li>\n<li>Integrierte Visierwasserwage<\/li>\n<li>Werkzeuglose Feststellkn\u00f6pfe<\/li>\n<li>Justierbare zweite Achse<\/li>\n<li>Rheostat-Visierbeleuchtung (separat erh\u00e4ltlich)<\/li>\n<li>.019 Glasfaser-Pins<\/li>\n<li>Gewicht: 210 g<\/li>\n<\/ul>\n","protected":false},"excerpt":{"rendered":"<p>5 Pins, nur f\u00fcr Rechtsh\u00e4nder<\/p>\n","protected":false},"featured_media":210926,"comment_status":"open","ping_status":"closed","template":"","meta":[],"product_brand":[],"product_cat":[1145],"product_tag":[],"class_list":{"0":"post-280887","1":"product","2":"type-product","3":"status-publish","4":"has-post-thumbnail","6":"product_cat-sonstiges","8":"first","9":"outofstock","10":"sale","11":"taxable","12":"shipping-taxable","13":"purchasable","14":"product-type-simple"},"composite_virtual":false,"composite_layout":"","composite_add_to_cart_form_location":"","composite_editable_in_cart":false,"composite_sold_individually_context":"","composite_shop_price_calc":"","composite_components":[],"composite_scenarios":[],"group_of_quantity":0,"min_quantity":0,"max_quantity":"","exclude_order_quantity_value_rules":"no","exclude_category_quantity_rules":"no","combine_variations":"no","exclude_global_add_ons":[],"addons":[],"_links":{"self":[{"href":"https:\/\/www.huntersfriend.eu\/de\/wp-json\/wp\/v2\/product\/280887","targetHints":{"allow":["GET"]}}],"collection":[{"href":"https:\/\/www.huntersfriend.eu\/de\/wp-json\/wp\/v2\/product"}],"about":[{"href":"https:\/\/www.huntersfriend.eu\/de\/wp-json\/wp\/v2\/types\/product"}],"replies":[{"embeddable":true,"href":"https:\/\/www.huntersfriend.eu\/de\/wp-json\/wp\/v2\/comments?post=280887"}],"wp:featuredmedia":[{"embeddable":true,"href":"https:\/\/www.huntersfriend.eu\/de\/wp-json\/wp\/v2\/media\/210926"}],"wp:attachment":[{"href":"https:\/\/www.huntersfriend.eu\/de\/wp-json\/wp\/v2\/media?parent=280887"}],"wp:term":[{"taxonomy":"product_brand","embeddable":true,"href":"https:\/\/www.huntersfriend.eu\/de\/wp-json\/wp\/v2\/product_brand?post=280887"},{"taxonomy":"product_cat","embeddable":true,"href":"https:\/\/www.huntersfriend.eu\/de\/wp-json\/wp\/v2\/product_cat?post=280887"},{"taxonomy":"product_tag","embeddable":true,"href":"https:\/\/www.huntersfriend.eu\/de\/wp-json\/wp\/v2\/product_tag?post=280887"}],"curies":[{"name":"wp","href":"https:\/\/api.w.org\/{rel}","templated":true}]}}