{"id":280883,"date":"2018-11-19T14:22:41","date_gmt":"2025-06-23T08:23:30","guid":{"rendered":"https:\/\/www.huntersfriend.eu\/product\/heisser-schuss-dampf-handausloeser\/"},"modified":"2025-08-27T14:10:09","modified_gmt":"2025-08-27T12:10:09","slug":"heisser-schuss-dampf-handausloeser","status":"publish","type":"product","link":"https:\/\/www.huntersfriend.eu\/de\/produkt\/heisser-schuss-dampf-handausloeser\/","title":{"rendered":"Hei\u00dfer Schuss Dampf-Handausl\u00f6ser"},"content":{"rendered":"<p>Hot Shot Vapor ist ein Daumenausl\u00f6ser, der f\u00fcr die Jagd konzipiert wurde, sich aber auch auf der 3D-Strecke zu Hause f\u00fchlt. <span title=\"\">M\u00f6glicherweise werden die pr\u00e4zisesten Sch\u00fcsse mit Daumenausl\u00f6sern abgegeben. <\/span><span title=\"\">Viele Personen, die Daumenausl\u00f6ser ausprobiert haben, werden niemals zu Zeigefingerausl\u00f6sern zur\u00fcckkehren.<\/span> <span title=\"\">Hotshot ist ein qualitativ hochwertiger Ausl\u00f6ser zu einem ansprechenden Preisniveau!<\/span><\/p>\n","protected":false},"excerpt":{"rendered":"<p>3 oder 4 Finger<\/p>\n","protected":false},"featured_media":210911,"comment_status":"open","ping_status":"closed","template":"","meta":[],"product_brand":[],"product_cat":[1145],"product_tag":[],"class_list":{"0":"post-280883","1":"product","2":"type-product","3":"status-publish","4":"has-post-thumbnail","6":"product_cat-sonstiges","8":"first","9":"instock","10":"taxable","11":"shipping-taxable","12":"product-type-simple"},"composite_virtual":false,"composite_layout":"","composite_add_to_cart_form_location":"","composite_editable_in_cart":false,"composite_sold_individually_context":"","composite_shop_price_calc":"","composite_components":[],"composite_scenarios":[],"group_of_quantity":0,"min_quantity":0,"max_quantity":"","exclude_order_quantity_value_rules":"no","exclude_category_quantity_rules":"no","combine_variations":"no","exclude_global_add_ons":[],"addons":[],"_links":{"self":[{"href":"https:\/\/www.huntersfriend.eu\/de\/wp-json\/wp\/v2\/product\/280883","targetHints":{"allow":["GET"]}}],"collection":[{"href":"https:\/\/www.huntersfriend.eu\/de\/wp-json\/wp\/v2\/product"}],"about":[{"href":"https:\/\/www.huntersfriend.eu\/de\/wp-json\/wp\/v2\/types\/product"}],"replies":[{"embeddable":true,"href":"https:\/\/www.huntersfriend.eu\/de\/wp-json\/wp\/v2\/comments?post=280883"}],"wp:featuredmedia":[{"embeddable":true,"href":"https:\/\/www.huntersfriend.eu\/de\/wp-json\/wp\/v2\/media\/210911"}],"wp:attachment":[{"href":"https:\/\/www.huntersfriend.eu\/de\/wp-json\/wp\/v2\/media?parent=280883"}],"wp:term":[{"taxonomy":"product_brand","embeddable":true,"href":"https:\/\/www.huntersfriend.eu\/de\/wp-json\/wp\/v2\/product_brand?post=280883"},{"taxonomy":"product_cat","embeddable":true,"href":"https:\/\/www.huntersfriend.eu\/de\/wp-json\/wp\/v2\/product_cat?post=280883"},{"taxonomy":"product_tag","embeddable":true,"href":"https:\/\/www.huntersfriend.eu\/de\/wp-json\/wp\/v2\/product_tag?post=280883"}],"curies":[{"name":"wp","href":"https:\/\/api.w.org\/{rel}","templated":true}]}}