{"id":280881,"date":"2018-11-19T14:22:18","date_gmt":"2025-06-23T08:23:28","guid":{"rendered":"https:\/\/www.huntersfriend.eu\/product\/bohning-tex-tite-bogensehnen-wachs\/"},"modified":"2025-08-27T14:09:41","modified_gmt":"2025-08-27T12:09:41","slug":"bohning-tex-tite-bogensehnen-wachs","status":"publish","type":"product","link":"https:\/\/www.huntersfriend.eu\/de\/produkt\/bohning-tex-tite-bogensehnen-wachs\/","title":{"rendered":"Bohning Tex-tite Bogensehnen-Wachs"},"content":{"rendered":"<p><b><span style=\"color: #6a6a6a; font-family: Arial; font-size: small;\">Bohning Tex<\/span><\/b>&#8211;<em>Tite<\/em> nat\u00fcrliches <em>Bogensehnen-Wachs<\/em> f\u00fcr Compound-, Recurve- und Langb\u00f6gen verl\u00e4ngert die Lebensdauer der <em>Bogensehne<\/em> und hilft, Ausfransen und Austrocknen der Sehne zu verhindern.<\/p>\n<p><span style=\"float: none; background-color: transparent; color: #3e3629; font-family: 'Arial',Helvetica,sans-serif; font-size: 13px; font-style: normal; font-variant: normal; font-weight: 400; letter-spacing: normal; text-align: left; text-decoration: none; text-indent: 0px;\">\u2022 Wachs auf nat\u00fcrlicher Basis <\/span><br \/>\n<span style=\"float: none; background-color: transparent; color: #3e3629; font-family: 'Arial',Helvetica,sans-serif; font-size: 13px; font-style: normal; font-variant: normal; font-weight: 400; letter-spacing: normal; text-align: left; text-decoration: none; text-indent: 0px;\"> \u2022 Sch\u00fctzt Sehne &amp; Wicklung vor Witterungseinfl\u00fcssen <\/span><br \/>\n<span style=\"float: none; background-color: transparent; color: #3e3629; font-family: 'Arial',Helvetica,sans-serif; font-size: 13px; font-style: normal; font-variant: normal; font-weight: 400; letter-spacing: normal; text-align: left; text-decoration: none; text-indent: 0px;\"> \u2022 Geruchlos &amp; wasserdicht <\/span><br \/>\n<span style=\"float: none; background-color: transparent; color: #3e3629; font-family: 'Arial',Helvetica,sans-serif; font-size: 13px; font-style: normal; font-variant: normal; font-weight: 400; letter-spacing: normal; text-align: left; text-decoration: none; text-indent: 0px;\"> \u2022 Tex-Tite\u00ae auf Gewinden hilft, ein Lockern von Schraubspitzen zu verhindern <\/span><br \/>\n<span style=\"float: none; background-color: transparent; color: #3e3629; font-family: 'Arial',Helvetica,sans-serif; font-size: 13px; font-style: normal; font-variant: normal; font-weight: 400; letter-spacing: normal; text-align: left; text-decoration: none; text-indent: 0px;\"> \u2022 28 Gramm Tube<\/span><\/p>\n","protected":false},"excerpt":{"rendered":"<p>Bohning Tex&#8211;Tite nat\u00fcrliches Bogensehnen-Wachs f\u00fcr Compound-, Recurve- und Langb\u00f6gen verl\u00e4ngert die Lebensdauer der Bogensehne und hilft, Ausfransen und Austrocknen der Sehne zu verhindern. \u2022 Wachs auf nat\u00fcrlicher Basis \u2022 Sch\u00fctzt Sehne &amp; Wicklung vor Witterungseinfl\u00fcssen \u2022 Geruchlos &amp; wasserdicht \u2022 Tex-Tite\u00ae auf Gewinden hilft, ein Lockern von Schraubspitzen zu verhindern \u2022 28 Gramm Tube<\/p>\n","protected":false},"featured_media":208576,"comment_status":"open","ping_status":"closed","template":"","meta":[],"product_brand":[],"product_cat":[1253],"product_tag":[],"class_list":{"0":"post-280881","1":"product","2":"type-product","3":"status-publish","4":"has-post-thumbnail","6":"product_cat-sehnenwachs-und-gleitmittel","8":"first","9":"instock","10":"taxable","11":"shipping-taxable","12":"purchasable","13":"product-type-simple"},"composite_virtual":false,"composite_layout":"","composite_add_to_cart_form_location":"","composite_editable_in_cart":false,"composite_sold_individually_context":"","composite_shop_price_calc":"","composite_components":[],"composite_scenarios":[],"group_of_quantity":0,"min_quantity":0,"max_quantity":"","exclude_order_quantity_value_rules":"no","exclude_category_quantity_rules":"no","combine_variations":"no","exclude_global_add_ons":[],"addons":[],"_links":{"self":[{"href":"https:\/\/www.huntersfriend.eu\/de\/wp-json\/wp\/v2\/product\/280881","targetHints":{"allow":["GET"]}}],"collection":[{"href":"https:\/\/www.huntersfriend.eu\/de\/wp-json\/wp\/v2\/product"}],"about":[{"href":"https:\/\/www.huntersfriend.eu\/de\/wp-json\/wp\/v2\/types\/product"}],"replies":[{"embeddable":true,"href":"https:\/\/www.huntersfriend.eu\/de\/wp-json\/wp\/v2\/comments?post=280881"}],"wp:featuredmedia":[{"embeddable":true,"href":"https:\/\/www.huntersfriend.eu\/de\/wp-json\/wp\/v2\/media\/208576"}],"wp:attachment":[{"href":"https:\/\/www.huntersfriend.eu\/de\/wp-json\/wp\/v2\/media?parent=280881"}],"wp:term":[{"taxonomy":"product_brand","embeddable":true,"href":"https:\/\/www.huntersfriend.eu\/de\/wp-json\/wp\/v2\/product_brand?post=280881"},{"taxonomy":"product_cat","embeddable":true,"href":"https:\/\/www.huntersfriend.eu\/de\/wp-json\/wp\/v2\/product_cat?post=280881"},{"taxonomy":"product_tag","embeddable":true,"href":"https:\/\/www.huntersfriend.eu\/de\/wp-json\/wp\/v2\/product_tag?post=280881"}],"curies":[{"name":"wp","href":"https:\/\/api.w.org\/{rel}","templated":true}]}}