{"id":280879,"date":"2018-11-19T14:22:08","date_gmt":"2025-06-23T08:23:24","guid":{"rendered":"https:\/\/www.huntersfriend.eu\/product\/field-logic-medium-buck\/"},"modified":"2026-03-19T15:00:10","modified_gmt":"2026-03-19T13:00:10","slug":"field-logic-medium-buck","status":"publish","type":"product","link":"https:\/\/www.huntersfriend.eu\/de\/produkt\/field-logic-medium-buck\/","title":{"rendered":"Field Logic Medium Buck"},"content":{"rendered":"<p>* 125 \u201e-Geweih\u201c<br \/>\n* Stoppt jede Pfeilspitze!<br \/>\n* 31\u201c Schulterh\u00f6he<br \/>\n* Bodenhalterungen enthalten<br \/>\n* Ersatzeins\u00e4tze verf\u00fcgbar<br \/>\n* 25% gr\u00f6\u00dferer Einsatz als vergleichbare 3D-Ziele<\/p>\n<p><strong>Achtung! Online-Bestellungen sind auf ein Exemplar pro Bestellung beschr\u00e4nkt. Bei gr\u00f6\u00dferen Mengen wenden Sie sich bitte direkt an den Kundenservice, um die Lieferkosten zu erfragen.<\/strong><\/p>\n","protected":false},"excerpt":{"rendered":"<p><strong>Achtung! Online-Bestellungen sind auf ein Exemplar pro Bestellung beschr\u00e4nkt. Bei gr\u00f6\u00dferen Mengen wenden Sie sich bitte direkt an den Kundenservice, um die Lieferkosten zu erfragen.<\/strong><\/p>\n","protected":false},"featured_media":210874,"comment_status":"open","ping_status":"closed","template":"","meta":[],"product_brand":[],"product_cat":[1145],"product_tag":[],"class_list":{"0":"post-280879","1":"product","2":"type-product","3":"status-publish","4":"has-post-thumbnail","6":"product_cat-sonstiges","7":"product_shipping_class-big-de","9":"first","10":"outofstock","11":"taxable","12":"shipping-taxable","13":"purchasable","14":"product-type-simple"},"composite_virtual":false,"composite_layout":"","composite_add_to_cart_form_location":"","composite_editable_in_cart":false,"composite_sold_individually_context":"","composite_shop_price_calc":"","composite_components":[],"composite_scenarios":[],"group_of_quantity":0,"min_quantity":0,"max_quantity":"","exclude_order_quantity_value_rules":"no","exclude_category_quantity_rules":"no","combine_variations":"no","exclude_global_add_ons":[],"addons":[],"_links":{"self":[{"href":"https:\/\/www.huntersfriend.eu\/de\/wp-json\/wp\/v2\/product\/280879","targetHints":{"allow":["GET"]}}],"collection":[{"href":"https:\/\/www.huntersfriend.eu\/de\/wp-json\/wp\/v2\/product"}],"about":[{"href":"https:\/\/www.huntersfriend.eu\/de\/wp-json\/wp\/v2\/types\/product"}],"replies":[{"embeddable":true,"href":"https:\/\/www.huntersfriend.eu\/de\/wp-json\/wp\/v2\/comments?post=280879"}],"wp:featuredmedia":[{"embeddable":true,"href":"https:\/\/www.huntersfriend.eu\/de\/wp-json\/wp\/v2\/media\/210874"}],"wp:attachment":[{"href":"https:\/\/www.huntersfriend.eu\/de\/wp-json\/wp\/v2\/media?parent=280879"}],"wp:term":[{"taxonomy":"product_brand","embeddable":true,"href":"https:\/\/www.huntersfriend.eu\/de\/wp-json\/wp\/v2\/product_brand?post=280879"},{"taxonomy":"product_cat","embeddable":true,"href":"https:\/\/www.huntersfriend.eu\/de\/wp-json\/wp\/v2\/product_cat?post=280879"},{"taxonomy":"product_tag","embeddable":true,"href":"https:\/\/www.huntersfriend.eu\/de\/wp-json\/wp\/v2\/product_tag?post=280879"}],"curies":[{"name":"wp","href":"https:\/\/api.w.org\/{rel}","templated":true}]}}