{"id":280878,"date":"2018-11-19T14:18:59","date_gmt":"2025-06-23T08:23:18","guid":{"rendered":"https:\/\/www.huntersfriend.eu\/product\/apex-covert-micro-1-leuchtpunkt-19-visier\/"},"modified":"2025-06-23T10:23:18","modified_gmt":"2025-06-23T08:23:18","slug":"apex-covert-micro-1-leuchtpunkt-19-visier","status":"publish","type":"product","link":"https:\/\/www.huntersfriend.eu\/de\/produkt\/apex-covert-micro-1-leuchtpunkt-19-visier\/","title":{"rendered":"Apex Covert Micro 1 Leuchtpunkt 19 Visier"},"content":{"rendered":"<p>Dieses Visier verf\u00fcgt \u00fcber eine mikroverstellbare Seitenverstellung, \u00fcber 120 vorgedruckte Entfernungsskalen f\u00fcr pr\u00e4zise Kalibrierung, <b>VERSA\u2022PIN\u2122 Technologie<\/b>, eine optionale abnehmbare Halterung und eine neue Getriebe-H\u00f6henverstellung f\u00fcr eine sanfte Justierung. Weniger Pins bedeuten mehr Leistung als je zuvor. <\/p>\n<p><strong>Hauptmerkmale:<\/strong><\/p>\n<ul>\n<li>Das Aperturgeh\u00e4use beinhaltet zudem vertikale und horizontale Neigungseinstellungen.<\/li>\n<li>Einstellbare beleuchtete Libelle f\u00fcr die zweite und dritte Achse.<\/li>\n<li>Mikroverstellbare Seiten- und H\u00f6henverstellung.<\/li>\n<li>Die Apertur hat einen Innendurchmesser von 4,57 cm.<\/li>\n<li>Nimmt 4,75 cm Objektivlinsen auf (separat erh\u00e4ltlich).<\/li>\n<li>Im Dunkeln leuchtender Sch\u00fctzenring zur Ausrichtung des Visiergeh\u00e4uses mit der Kimme.<\/li>\n<li>Enth\u00e4lt \u00fcber 60 vormarkierte Entfernungsskalen zur Vereinfachung der Einrichtung.<\/li>\n<li>Nach hinten gerichtete, leicht ablesbare Positionierung der Entfernungsskala.<\/li>\n<li>Kompaktes \/ leichtes Design &#8211; wiegt ca. 241 g.<\/li>\n<li>Pr\u00e4zisionsgefertigte Aluminiumkonstruktion.<\/li>\n<li>Einstellbare Mikrodruckknopf-Beleuchtung inklusive.<\/li>\n<li>Edelstahlbeschl\u00e4ge.<\/li>\n<li>Die Halterung verf\u00fcgt \u00fcber ged\u00e4mpfte Endanschl\u00e4ge.<\/li>\n<li>Einstellbarer Langstrecken-Entfernungsanschlag zur Anpassung der maximalen Entfernungseinstellung.<\/li>\n<li>Verstellbarer Entfernungszeiger.<\/li>\n<li>Nur f\u00fcr Rechtsh\u00e4nder geeignet.<\/li>\n<li>Der K\u00f6cher kann direkt an der Halterung montiert werden.<\/li>\n<\/ul>\n","protected":false},"excerpt":{"rendered":"<p>1 Pin, Rechtsh\u00e4nder Modell AG2321B<\/p>\n","protected":false},"featured_media":208550,"comment_status":"open","ping_status":"closed","template":"","meta":[],"product_brand":[],"product_cat":[1145],"product_tag":[],"class_list":{"0":"post-280878","1":"product","2":"type-product","3":"status-publish","4":"has-post-thumbnail","6":"product_cat-sonstiges","8":"first","9":"outofstock","10":"taxable","11":"shipping-taxable","12":"purchasable","13":"product-type-simple"},"composite_virtual":false,"composite_layout":"","composite_add_to_cart_form_location":"","composite_editable_in_cart":false,"composite_sold_individually_context":"","composite_shop_price_calc":"","composite_components":[],"composite_scenarios":[],"group_of_quantity":0,"min_quantity":0,"max_quantity":"","exclude_order_quantity_value_rules":"no","exclude_category_quantity_rules":"no","combine_variations":"no","exclude_global_add_ons":[],"addons":[],"_links":{"self":[{"href":"https:\/\/www.huntersfriend.eu\/de\/wp-json\/wp\/v2\/product\/280878","targetHints":{"allow":["GET"]}}],"collection":[{"href":"https:\/\/www.huntersfriend.eu\/de\/wp-json\/wp\/v2\/product"}],"about":[{"href":"https:\/\/www.huntersfriend.eu\/de\/wp-json\/wp\/v2\/types\/product"}],"replies":[{"embeddable":true,"href":"https:\/\/www.huntersfriend.eu\/de\/wp-json\/wp\/v2\/comments?post=280878"}],"wp:featuredmedia":[{"embeddable":true,"href":"https:\/\/www.huntersfriend.eu\/de\/wp-json\/wp\/v2\/media\/208550"}],"wp:attachment":[{"href":"https:\/\/www.huntersfriend.eu\/de\/wp-json\/wp\/v2\/media?parent=280878"}],"wp:term":[{"taxonomy":"product_brand","embeddable":true,"href":"https:\/\/www.huntersfriend.eu\/de\/wp-json\/wp\/v2\/product_brand?post=280878"},{"taxonomy":"product_cat","embeddable":true,"href":"https:\/\/www.huntersfriend.eu\/de\/wp-json\/wp\/v2\/product_cat?post=280878"},{"taxonomy":"product_tag","embeddable":true,"href":"https:\/\/www.huntersfriend.eu\/de\/wp-json\/wp\/v2\/product_tag?post=280878"}],"curies":[{"name":"wp","href":"https:\/\/api.w.org\/{rel}","templated":true}]}}