{"id":280876,"date":"2018-11-19T14:18:58","date_gmt":"2025-06-23T08:23:18","guid":{"rendered":"https:\/\/www.huntersfriend.eu\/product\/cartel-zielvorrichtung\/"},"modified":"2025-06-23T10:23:18","modified_gmt":"2025-06-23T08:23:18","slug":"cartel-zielvorrichtung","status":"publish","type":"product","link":"https:\/\/www.huntersfriend.eu\/de\/produkt\/cartel-zielvorrichtung\/","title":{"rendered":"Cartel Zielvorrichtung"},"content":{"rendered":"<p>Anf\u00e4ngerzielvorrichtung von Cartel<\/p>\n<p><strong>Hauptmerkmale:<\/strong><\/p>\n<ul>\n<li>Einfaches Design, ideal f\u00fcr Anf\u00e4nger<\/li>\n<li>Vorderseite mit grundlegender Skala f\u00fcr einfache, gef\u00fchrte Einstellung markiert<\/li>\n<li>Standardisierte Befestigung, passend f\u00fcr die meisten B\u00f6gen<\/li>\n<li>Kann sowohl f\u00fcr Rechts- als auch f\u00fcr Linksh\u00e4nder verwendet werden, indem man einfach die vordere Zielstifthalterung umdreht<\/li>\n<\/ul>\n","protected":false},"excerpt":{"rendered":"<p>1 Stift, rechts-\/linksh\u00e4ndig<\/p>\n","protected":false},"featured_media":210433,"comment_status":"open","ping_status":"closed","template":"","meta":[],"product_brand":[],"product_cat":[1235],"product_tag":[],"class_list":{"0":"post-280876","1":"product","2":"type-product","3":"status-publish","4":"has-post-thumbnail","6":"product_cat-anfaenger-visier","8":"first","9":"instock","10":"taxable","11":"shipping-taxable","12":"purchasable","13":"product-type-simple"},"composite_virtual":false,"composite_layout":"","composite_add_to_cart_form_location":"","composite_editable_in_cart":false,"composite_sold_individually_context":"","composite_shop_price_calc":"","composite_components":[],"composite_scenarios":[],"group_of_quantity":0,"min_quantity":0,"max_quantity":"","exclude_order_quantity_value_rules":"no","exclude_category_quantity_rules":"no","combine_variations":"no","exclude_global_add_ons":[],"addons":[],"_links":{"self":[{"href":"https:\/\/www.huntersfriend.eu\/de\/wp-json\/wp\/v2\/product\/280876","targetHints":{"allow":["GET"]}}],"collection":[{"href":"https:\/\/www.huntersfriend.eu\/de\/wp-json\/wp\/v2\/product"}],"about":[{"href":"https:\/\/www.huntersfriend.eu\/de\/wp-json\/wp\/v2\/types\/product"}],"replies":[{"embeddable":true,"href":"https:\/\/www.huntersfriend.eu\/de\/wp-json\/wp\/v2\/comments?post=280876"}],"wp:featuredmedia":[{"embeddable":true,"href":"https:\/\/www.huntersfriend.eu\/de\/wp-json\/wp\/v2\/media\/210433"}],"wp:attachment":[{"href":"https:\/\/www.huntersfriend.eu\/de\/wp-json\/wp\/v2\/media?parent=280876"}],"wp:term":[{"taxonomy":"product_brand","embeddable":true,"href":"https:\/\/www.huntersfriend.eu\/de\/wp-json\/wp\/v2\/product_brand?post=280876"},{"taxonomy":"product_cat","embeddable":true,"href":"https:\/\/www.huntersfriend.eu\/de\/wp-json\/wp\/v2\/product_cat?post=280876"},{"taxonomy":"product_tag","embeddable":true,"href":"https:\/\/www.huntersfriend.eu\/de\/wp-json\/wp\/v2\/product_tag?post=280876"}],"curies":[{"name":"wp","href":"https:\/\/api.w.org\/{rel}","templated":true}]}}