{"id":280874,"date":"2018-11-19T14:18:49","date_gmt":"2025-06-23T08:23:16","guid":{"rendered":"https:\/\/www.huntersfriend.eu\/product\/scott-bogenschiessen-messschieber-ausloeser\/"},"modified":"2025-08-27T14:08:30","modified_gmt":"2025-08-27T12:08:30","slug":"scott-bogenschiessen-messschieber-ausloeser","status":"publish","type":"product","link":"https:\/\/www.huntersfriend.eu\/de\/produkt\/scott-bogenschiessen-messschieber-ausloeser\/","title":{"rendered":"Scott Bogenschie\u00dfen Messschieber-Ausl\u00f6ser"},"content":{"rendered":"<p>Der Messschieber ist der urspr\u00fcngliche duale Messschieber-Ausl\u00f6ser von SCOTT und hat den Test der Zeit bestanden.<\/p>\n<ul class=\"special\">\n<li>Der originale duale Messschieber-Ausl\u00f6ser von SCOTT.<\/li>\n<li>Solider Drehverbinder<\/li>\n<li>Ger\u00e4ndelte Ausl\u00f6sevorrichtung f\u00fcr \u00fcberlegenen Griff und Vielseitigkeit<\/li>\n<\/ul>\n","protected":false},"excerpt":{"rendered":"<p>NCS-Riemenverbinder, Schnalle, schwarz<\/p>\n","protected":false},"featured_media":210423,"comment_status":"open","ping_status":"closed","template":"","meta":[],"product_brand":[],"product_cat":[1095],"product_tag":[],"class_list":{"0":"post-280874","1":"product","2":"type-product","3":"status-publish","4":"has-post-thumbnail","6":"product_cat-handgelenks-release","8":"first","9":"instock","10":"taxable","11":"shipping-taxable","12":"purchasable","13":"product-type-simple"},"composite_virtual":false,"composite_layout":"","composite_add_to_cart_form_location":"","composite_editable_in_cart":false,"composite_sold_individually_context":"","composite_shop_price_calc":"","composite_components":[],"composite_scenarios":[],"group_of_quantity":0,"min_quantity":0,"max_quantity":"","exclude_order_quantity_value_rules":"no","exclude_category_quantity_rules":"no","combine_variations":"no","exclude_global_add_ons":[],"addons":[],"_links":{"self":[{"href":"https:\/\/www.huntersfriend.eu\/de\/wp-json\/wp\/v2\/product\/280874","targetHints":{"allow":["GET"]}}],"collection":[{"href":"https:\/\/www.huntersfriend.eu\/de\/wp-json\/wp\/v2\/product"}],"about":[{"href":"https:\/\/www.huntersfriend.eu\/de\/wp-json\/wp\/v2\/types\/product"}],"replies":[{"embeddable":true,"href":"https:\/\/www.huntersfriend.eu\/de\/wp-json\/wp\/v2\/comments?post=280874"}],"wp:featuredmedia":[{"embeddable":true,"href":"https:\/\/www.huntersfriend.eu\/de\/wp-json\/wp\/v2\/media\/210423"}],"wp:attachment":[{"href":"https:\/\/www.huntersfriend.eu\/de\/wp-json\/wp\/v2\/media?parent=280874"}],"wp:term":[{"taxonomy":"product_brand","embeddable":true,"href":"https:\/\/www.huntersfriend.eu\/de\/wp-json\/wp\/v2\/product_brand?post=280874"},{"taxonomy":"product_cat","embeddable":true,"href":"https:\/\/www.huntersfriend.eu\/de\/wp-json\/wp\/v2\/product_cat?post=280874"},{"taxonomy":"product_tag","embeddable":true,"href":"https:\/\/www.huntersfriend.eu\/de\/wp-json\/wp\/v2\/product_tag?post=280874"}],"curies":[{"name":"wp","href":"https:\/\/api.w.org\/{rel}","templated":true}]}}