{"id":280869,"date":"2018-11-19T14:19:03","date_gmt":"2025-06-23T08:23:15","guid":{"rendered":"https:\/\/www.huntersfriend.eu\/product\/trophy-ridge-joker-visier-rh-lh\/"},"modified":"2025-06-23T10:23:15","modified_gmt":"2025-06-23T08:23:15","slug":"trophy-ridge-joker-visier-rh-lh","status":"publish","type":"product","link":"https:\/\/www.huntersfriend.eu\/de\/produkt\/trophy-ridge-joker-visier-rh-lh\/","title":{"rendered":"Trophy Ridge Joker Visier RH\/LH"},"content":{"rendered":"<p>BESTSELLER: Das neue Trophy Ridge Joker bietet das klarste m\u00f6gliche Visierungssystem &#8211; mit vier feinen .019&#8243; geraden Pins und einem hellen Zielring f\u00fcr schnelle Zielerfassung. Dieses Visier beweist, dass man ein qualitativ hochwertiges Visier erhalten kann, ohne daf\u00fcr den gesamten Gehaltsscheck aufwenden zu m\u00fcssen. Das Joker 4-Pin-Visier ist seit Jahren ein Favorit in Fachgesch\u00e4ften, da es dank seines universellen, f\u00fcr Rechts- und Linksh\u00e4nder umkehrbaren Designs f\u00fcr jeden geeignet ist. Die lasergravierten Seitenverstellungen erm\u00f6glichen eine unkomplizierte Einrichtung. Inklusive Visierwasserwaage und Visierbeleuchtung.   <\/p>\n","protected":false},"excerpt":{"rendered":"<p>4-Pin 0,029 RH\/LH<\/p>\n","protected":false},"featured_media":210445,"comment_status":"open","ping_status":"closed","template":"","meta":[],"product_brand":[],"product_cat":[1145],"product_tag":[],"class_list":{"0":"post-280869","1":"product","2":"type-product","3":"status-publish","4":"has-post-thumbnail","6":"product_cat-sonstiges","8":"first","9":"outofstock","10":"taxable","11":"shipping-taxable","12":"purchasable","13":"product-type-simple"},"composite_virtual":false,"composite_layout":"","composite_add_to_cart_form_location":"","composite_editable_in_cart":false,"composite_sold_individually_context":"","composite_shop_price_calc":"","composite_components":[],"composite_scenarios":[],"group_of_quantity":0,"min_quantity":0,"max_quantity":"","exclude_order_quantity_value_rules":"no","exclude_category_quantity_rules":"no","combine_variations":"no","exclude_global_add_ons":[],"addons":[],"_links":{"self":[{"href":"https:\/\/www.huntersfriend.eu\/de\/wp-json\/wp\/v2\/product\/280869","targetHints":{"allow":["GET"]}}],"collection":[{"href":"https:\/\/www.huntersfriend.eu\/de\/wp-json\/wp\/v2\/product"}],"about":[{"href":"https:\/\/www.huntersfriend.eu\/de\/wp-json\/wp\/v2\/types\/product"}],"replies":[{"embeddable":true,"href":"https:\/\/www.huntersfriend.eu\/de\/wp-json\/wp\/v2\/comments?post=280869"}],"wp:featuredmedia":[{"embeddable":true,"href":"https:\/\/www.huntersfriend.eu\/de\/wp-json\/wp\/v2\/media\/210445"}],"wp:attachment":[{"href":"https:\/\/www.huntersfriend.eu\/de\/wp-json\/wp\/v2\/media?parent=280869"}],"wp:term":[{"taxonomy":"product_brand","embeddable":true,"href":"https:\/\/www.huntersfriend.eu\/de\/wp-json\/wp\/v2\/product_brand?post=280869"},{"taxonomy":"product_cat","embeddable":true,"href":"https:\/\/www.huntersfriend.eu\/de\/wp-json\/wp\/v2\/product_cat?post=280869"},{"taxonomy":"product_tag","embeddable":true,"href":"https:\/\/www.huntersfriend.eu\/de\/wp-json\/wp\/v2\/product_tag?post=280869"}],"curies":[{"name":"wp","href":"https:\/\/api.w.org\/{rel}","templated":true}]}}