{"id":280866,"date":"2018-11-19T14:18:40","date_gmt":"2025-06-23T08:23:12","guid":{"rendered":"https:\/\/www.huntersfriend.eu\/product\/scott-bogensport-schnellschussausloeser\/"},"modified":"2025-08-27T14:08:27","modified_gmt":"2025-08-27T12:08:27","slug":"scott-bogensport-schnellschussausloeser","status":"publish","type":"product","link":"https:\/\/www.huntersfriend.eu\/de\/produkt\/scott-bogensport-schnellschussausloeser\/","title":{"rendered":"Scott Bogensport-Schnellschussausl\u00f6ser"},"content":{"rendered":"<p>Der neue Scott Quick-Shot-Ausl\u00f6ser bietet un\u00fcbertroffene Pr\u00e4zision und Zuverl\u00e4ssigkeit in einem erschwinglichen Design. Dieser Einbacken-Zangenausl\u00f6ser verf\u00fcgt \u00fcber unser charakteristisches Rollensperren-Design f\u00fcr eine \u00e4u\u00dferst pr\u00e4zise Ausl\u00f6sung. Der Quick-Shot wird standardm\u00e4\u00dfig mit unserem Leder-Schnallengurt geliefert und verf\u00fcgt \u00fcber einen Seilverbinder, der stufenlos einstellbar ist, um sich jeder Bogensch\u00fctzengr\u00f6\u00dfe anzupassen.  <\/p>\n","protected":false},"excerpt":{"rendered":"<p>Schnalle, schwarz<\/p>\n","protected":false},"featured_media":210357,"comment_status":"open","ping_status":"open","template":"","meta":[],"product_brand":[],"product_cat":[1095],"product_tag":[],"class_list":{"0":"post-280866","1":"product","2":"type-product","3":"status-publish","4":"has-post-thumbnail","6":"product_cat-handgelenks-release","8":"first","9":"instock","10":"taxable","11":"shipping-taxable","12":"purchasable","13":"product-type-simple"},"composite_virtual":false,"composite_layout":"","composite_add_to_cart_form_location":"","composite_editable_in_cart":false,"composite_sold_individually_context":"","composite_shop_price_calc":"","composite_components":[],"composite_scenarios":[],"group_of_quantity":0,"min_quantity":0,"max_quantity":"","exclude_order_quantity_value_rules":"no","exclude_category_quantity_rules":"no","combine_variations":"no","exclude_global_add_ons":[],"addons":[],"_links":{"self":[{"href":"https:\/\/www.huntersfriend.eu\/de\/wp-json\/wp\/v2\/product\/280866","targetHints":{"allow":["GET"]}}],"collection":[{"href":"https:\/\/www.huntersfriend.eu\/de\/wp-json\/wp\/v2\/product"}],"about":[{"href":"https:\/\/www.huntersfriend.eu\/de\/wp-json\/wp\/v2\/types\/product"}],"replies":[{"embeddable":true,"href":"https:\/\/www.huntersfriend.eu\/de\/wp-json\/wp\/v2\/comments?post=280866"}],"wp:featuredmedia":[{"embeddable":true,"href":"https:\/\/www.huntersfriend.eu\/de\/wp-json\/wp\/v2\/media\/210357"}],"wp:attachment":[{"href":"https:\/\/www.huntersfriend.eu\/de\/wp-json\/wp\/v2\/media?parent=280866"}],"wp:term":[{"taxonomy":"product_brand","embeddable":true,"href":"https:\/\/www.huntersfriend.eu\/de\/wp-json\/wp\/v2\/product_brand?post=280866"},{"taxonomy":"product_cat","embeddable":true,"href":"https:\/\/www.huntersfriend.eu\/de\/wp-json\/wp\/v2\/product_cat?post=280866"},{"taxonomy":"product_tag","embeddable":true,"href":"https:\/\/www.huntersfriend.eu\/de\/wp-json\/wp\/v2\/product_tag?post=280866"}],"curies":[{"name":"wp","href":"https:\/\/api.w.org\/{rel}","templated":true}]}}