{"id":280860,"date":"2018-11-19T12:20:41","date_gmt":"2025-06-23T08:23:11","guid":{"rendered":"https:\/\/www.huntersfriend.eu\/product\/gold-tip-velocity-carbonschaefte-300\/"},"modified":"2025-06-23T10:23:11","modified_gmt":"2025-06-23T08:23:11","slug":"gold-tip-velocity-carbonschaefte-300","status":"publish","type":"product","link":"https:\/\/www.huntersfriend.eu\/de\/produkt\/gold-tip-velocity-carbonschaefte-300\/","title":{"rendered":"Gold Tip Velocity Carbonsch\u00e4fte 300"},"content":{"rendered":"<p>Gold Tip Velocity macht langsame B\u00f6gen schnell und schnelle B\u00f6gen schneller. Die Velocity ist der kosteng\u00fcnstige Weg zur Geschwindigkeit. Hergestellt mit Gold Tips Smart Carbon Technology f\u00fcr un\u00fcbertroffene Haltbarkeit und Geradheitsretention.  <\/p>\n<h3 class=\"components\">Enthaltene Komponenten<\/h3>\n<div class=\"copy\">\n<ul>\n<li>Accu-lite Nocke<\/li>\n<li>Accu-Lite Einsatz (300-400 Spine)<\/li>\n<\/ul>\n<ul>\n<li>Geradheitstoleranz: +\/- 0,006&#8243;<\/li>\n<li>Gewichtstoleranz: +\/- 2 gr<\/li>\n<\/ul>\n<\/div>\n","protected":false},"excerpt":{"rendered":"<p>12 St\u00fcck pro Packung, inklusive Nocke und Einsatz, Spine 300. Bitte kontaktieren Sie uns direkt bez\u00fcglich weiterer Spine-Optionen oder anderer Gold Tip Produkte.  <\/p>\n","protected":false},"featured_media":280864,"comment_status":"open","ping_status":"closed","template":"","meta":[],"product_brand":[],"product_cat":[1105,1220],"product_tag":[],"class_list":{"0":"post-280860","1":"product","2":"type-product","3":"status-publish","4":"has-post-thumbnail","6":"product_cat-karbon-jagd-schaefte","7":"product_cat-karbonschaefte-fuer-das-scheibenschiessen","9":"first","10":"instock","11":"taxable","12":"shipping-taxable","13":"purchasable","14":"product-type-variable"},"composite_virtual":false,"composite_layout":"","composite_add_to_cart_form_location":"","composite_editable_in_cart":false,"composite_sold_individually_context":"","composite_shop_price_calc":"","composite_components":[],"composite_scenarios":[],"group_of_quantity":0,"min_quantity":0,"max_quantity":"","exclude_order_quantity_value_rules":"no","exclude_category_quantity_rules":"no","combine_variations":"no","exclude_global_add_ons":[],"addons":[],"_links":{"self":[{"href":"https:\/\/www.huntersfriend.eu\/de\/wp-json\/wp\/v2\/product\/280860","targetHints":{"allow":["GET"]}}],"collection":[{"href":"https:\/\/www.huntersfriend.eu\/de\/wp-json\/wp\/v2\/product"}],"about":[{"href":"https:\/\/www.huntersfriend.eu\/de\/wp-json\/wp\/v2\/types\/product"}],"replies":[{"embeddable":true,"href":"https:\/\/www.huntersfriend.eu\/de\/wp-json\/wp\/v2\/comments?post=280860"}],"wp:featuredmedia":[{"embeddable":true,"href":"https:\/\/www.huntersfriend.eu\/de\/wp-json\/wp\/v2\/media\/280864"}],"wp:attachment":[{"href":"https:\/\/www.huntersfriend.eu\/de\/wp-json\/wp\/v2\/media?parent=280860"}],"wp:term":[{"taxonomy":"product_brand","embeddable":true,"href":"https:\/\/www.huntersfriend.eu\/de\/wp-json\/wp\/v2\/product_brand?post=280860"},{"taxonomy":"product_cat","embeddable":true,"href":"https:\/\/www.huntersfriend.eu\/de\/wp-json\/wp\/v2\/product_cat?post=280860"},{"taxonomy":"product_tag","embeddable":true,"href":"https:\/\/www.huntersfriend.eu\/de\/wp-json\/wp\/v2\/product_tag?post=280860"}],"curies":[{"name":"wp","href":"https:\/\/api.w.org\/{rel}","templated":true}]}}