{"id":280858,"date":"2018-11-19T14:18:36","date_gmt":"2025-06-23T08:23:10","guid":{"rendered":"https:\/\/www.huntersfriend.eu\/product\/ams-chaos-fx-bogenfischpfeil\/"},"modified":"2026-04-28T09:22:10","modified_gmt":"2026-04-28T07:22:10","slug":"ams-chaos-fx-bogenfischpfeil","status":"publish","type":"product","link":"https:\/\/www.huntersfriend.eu\/de\/produkt\/ams-chaos-fx-bogenfischpfeil\/","title":{"rendered":"AMS Chaos FX Bogenfischpfeil"},"content":{"rendered":"<p>Chaos FX Spitze<br \/>\nDie von AMS entwickelte und hergestellte, meistverkaufte Chaos FX Spitze ist un\u00fcbertroffen! Mit ihrer vibrationsd\u00e4mpfenden AMS Cyclone-Spitze, dem extrem kurzen K\u00f6rper, den Widerhaken aus Starkdraht und der Edelstahlkonstruktion gew\u00e4hrleistet die Chaos FX eine lebenslange Haltbarkeit und Robustheit. Die Chaos FX Spitze eignet sich hervorragend f\u00fcr alle Fischarten, flaches Wasser und alle Arten von Sch\u00fctzen, einschlie\u00dflich jener mit geringerer Zugkraft. Ihre kurze L\u00e4nge und schmalen Widerhaken erfordern nur minimale Penetration, um die Widerhaken im Fisch zu verankern. Die Widerhaken schwenken zur Seite, um den Fisch zu halten, und l\u00f6sen sich durch Lockern der Spitze.    <\/p>\n<p>Solide Pfeile aus hochwertigem Glasfaser mit vorinstallierter Gar-Spitze f\u00fcr schnelles L\u00f6sen. Trokarspitze f\u00fcr widerstandsf\u00e4hige Haut. Inklusive AMS-Sicherheitsgleitsystem.  <\/p>\n<p>5\/16 Zoll<\/p>\n","protected":false},"excerpt":{"rendered":"<p>Glasfaser-Bogenfischpfeile 5\/16 Zoll<\/p>\n<div id=\"agendescription\">\n<p>&nbsp;<\/p>\n<\/div>\n","protected":false},"featured_media":210150,"comment_status":"open","ping_status":"closed","template":"","meta":[],"product_brand":[],"product_cat":[1112],"product_tag":[],"class_list":{"0":"post-280858","1":"product","2":"type-product","3":"status-publish","4":"has-post-thumbnail","6":"product_cat-bogenfischenset-und-pfeile","8":"first","9":"instock","10":"taxable","11":"shipping-taxable","12":"purchasable","13":"product-type-simple"},"composite_virtual":false,"composite_layout":"","composite_add_to_cart_form_location":"","composite_editable_in_cart":false,"composite_sold_individually_context":"","composite_shop_price_calc":"","composite_components":[],"composite_scenarios":[],"group_of_quantity":0,"min_quantity":0,"max_quantity":"","exclude_order_quantity_value_rules":"no","exclude_category_quantity_rules":"no","combine_variations":"no","exclude_global_add_ons":[],"addons":[],"_links":{"self":[{"href":"https:\/\/www.huntersfriend.eu\/de\/wp-json\/wp\/v2\/product\/280858","targetHints":{"allow":["GET"]}}],"collection":[{"href":"https:\/\/www.huntersfriend.eu\/de\/wp-json\/wp\/v2\/product"}],"about":[{"href":"https:\/\/www.huntersfriend.eu\/de\/wp-json\/wp\/v2\/types\/product"}],"replies":[{"embeddable":true,"href":"https:\/\/www.huntersfriend.eu\/de\/wp-json\/wp\/v2\/comments?post=280858"}],"wp:featuredmedia":[{"embeddable":true,"href":"https:\/\/www.huntersfriend.eu\/de\/wp-json\/wp\/v2\/media\/210150"}],"wp:attachment":[{"href":"https:\/\/www.huntersfriend.eu\/de\/wp-json\/wp\/v2\/media?parent=280858"}],"wp:term":[{"taxonomy":"product_brand","embeddable":true,"href":"https:\/\/www.huntersfriend.eu\/de\/wp-json\/wp\/v2\/product_brand?post=280858"},{"taxonomy":"product_cat","embeddable":true,"href":"https:\/\/www.huntersfriend.eu\/de\/wp-json\/wp\/v2\/product_cat?post=280858"},{"taxonomy":"product_tag","embeddable":true,"href":"https:\/\/www.huntersfriend.eu\/de\/wp-json\/wp\/v2\/product_tag?post=280858"}],"curies":[{"name":"wp","href":"https:\/\/api.w.org\/{rel}","templated":true}]}}