{"id":280857,"date":"2018-11-19T12:19:53","date_gmt":"2025-06-23T08:23:10","guid":{"rendered":"https:\/\/www.huntersfriend.eu\/product\/genericproductname-verfolgungsfeder-12-stueck\/"},"modified":"2026-03-26T13:44:06","modified_gmt":"2026-03-26T11:44:06","slug":"genericproductname-verfolgungsfeder-12-stueck","status":"publish","type":"product","link":"https:\/\/www.huntersfriend.eu\/de\/produkt\/genericproductname-verfolgungsfeder-12-stueck\/","title":{"rendered":"GenericProductName Verfolgungsfeder 12 St\u00fcck"},"content":{"rendered":"<p>Gelb &#8211; GenericProductName Pfeil-Verfolgungsfedern sind zw\u00f6lf 5,08 cm lange Streifen aus weichen, flauschigen Federn, die zur Erh\u00f6hung der Sichtbarkeit Ihrer Pfeile verwendet werden.<\/p>\n","protected":false},"excerpt":{"rendered":"<p>Verfolgungsfeder wei\u00df 12 St\u00fcck<\/p>\n","protected":false},"featured_media":210597,"comment_status":"open","ping_status":"closed","template":"","meta":[],"product_brand":[],"product_cat":[1097],"product_tag":[],"class_list":{"0":"post-280857","1":"product","2":"type-product","3":"status-publish","4":"has-post-thumbnail","6":"product_cat-fletching-de","8":"first","9":"instock","10":"taxable","11":"shipping-taxable","12":"purchasable","13":"product-type-simple"},"composite_virtual":false,"composite_layout":"","composite_add_to_cart_form_location":"","composite_editable_in_cart":false,"composite_sold_individually_context":"","composite_shop_price_calc":"","composite_components":[],"composite_scenarios":[],"group_of_quantity":0,"min_quantity":0,"max_quantity":"","exclude_order_quantity_value_rules":"no","exclude_category_quantity_rules":"no","combine_variations":"no","exclude_global_add_ons":[],"addons":[],"_links":{"self":[{"href":"https:\/\/www.huntersfriend.eu\/de\/wp-json\/wp\/v2\/product\/280857","targetHints":{"allow":["GET"]}}],"collection":[{"href":"https:\/\/www.huntersfriend.eu\/de\/wp-json\/wp\/v2\/product"}],"about":[{"href":"https:\/\/www.huntersfriend.eu\/de\/wp-json\/wp\/v2\/types\/product"}],"replies":[{"embeddable":true,"href":"https:\/\/www.huntersfriend.eu\/de\/wp-json\/wp\/v2\/comments?post=280857"}],"wp:featuredmedia":[{"embeddable":true,"href":"https:\/\/www.huntersfriend.eu\/de\/wp-json\/wp\/v2\/media\/210597"}],"wp:attachment":[{"href":"https:\/\/www.huntersfriend.eu\/de\/wp-json\/wp\/v2\/media?parent=280857"}],"wp:term":[{"taxonomy":"product_brand","embeddable":true,"href":"https:\/\/www.huntersfriend.eu\/de\/wp-json\/wp\/v2\/product_brand?post=280857"},{"taxonomy":"product_cat","embeddable":true,"href":"https:\/\/www.huntersfriend.eu\/de\/wp-json\/wp\/v2\/product_cat?post=280857"},{"taxonomy":"product_tag","embeddable":true,"href":"https:\/\/www.huntersfriend.eu\/de\/wp-json\/wp\/v2\/product_tag?post=280857"}],"curies":[{"name":"wp","href":"https:\/\/api.w.org\/{rel}","templated":true}]}}