{"id":280854,"date":"2024-01-04T12:29:26","date_gmt":"2024-01-04T10:29:26","guid":{"rendered":"https:\/\/www.huntersfriend.eu\/product\/acme-hundepfeifenset-211-5\/"},"modified":"2025-06-23T10:23:06","modified_gmt":"2025-06-23T08:23:06","slug":"acme-hundepfeifenset-211-5","status":"publish","type":"product","link":"https:\/\/www.huntersfriend.eu\/de\/produkt\/acme-hundepfeifenset-211-5\/","title":{"rendered":"Acme Hundepfeifenset 211.5"},"content":{"rendered":"<p><span class=\"jCAhz ChMk0b\"><span class=\"ryNqvb\">Die Acme Hundepfeife ist eine frequenzstabile und langlebige Hundepfeife.<\/span><\/span> <span class=\"jCAhz ChMk0b\"><span class=\"ryNqvb\">Die Pfeife verf\u00fcgt \u00fcber einen klaren Ton und eine gro\u00dfe Reichweite.<\/span><\/span> <span class=\"jCAhz ChMk0b\"><span class=\"ryNqvb\">Aufgrund des standardisierten Klangs erzeugt die Pfeife einen konsistenten Ton, selbst wenn es sich um verschiedene Pfeifen handelt.<\/span><\/span> <span class=\"jCAhz ChMk0b\"><span class=\"ryNqvb\">Aus diesem Grund kann sie von mehreren Familienmitgliedern verwendet werden, und der Hund erkennt den Klang der Pfeife wieder.<\/span><\/span> <span class=\"jCAhz ChMk0b\"><span class=\"ryNqvb\">Die Acme Hundepfeife ist von hoher Qualit\u00e4t und beh\u00e4lt denselben Klang \u00fcber mehrere Jahre hinweg bei.<\/span><\/span><\/p>\n","protected":false},"excerpt":{"rendered":"<p>Die Acme Hundepfeife ist eine frequenzstabile und langlebige Hundepfeife. Die Pfeife verf\u00fcgt \u00fcber einen klaren Ton und eine gro\u00dfe Reichweite. Aufgrund des standardisierten Klangs erzeugt die Pfeife einen konsistenten Ton, selbst wenn es sich um verschiedene Pfeifen handelt. Aus diesem Grund kann sie von mehreren Familienmitgliedern verwendet werden, und der Hund erkennt den Klang der [&#8230;]\n","protected":false},"featured_media":260227,"comment_status":"open","ping_status":"closed","template":"","meta":[],"product_brand":[],"product_cat":[1145],"product_tag":[],"class_list":{"0":"post-280854","1":"product","2":"type-product","3":"status-publish","4":"has-post-thumbnail","6":"product_cat-sonstiges","8":"first","9":"outofstock","10":"taxable","11":"shipping-taxable","12":"purchasable","13":"product-type-simple"},"composite_virtual":false,"composite_layout":"","composite_add_to_cart_form_location":"","composite_editable_in_cart":false,"composite_sold_individually_context":"","composite_shop_price_calc":"","composite_components":[],"composite_scenarios":[],"group_of_quantity":0,"min_quantity":0,"max_quantity":"","exclude_order_quantity_value_rules":"no","exclude_category_quantity_rules":"no","combine_variations":"no","exclude_global_add_ons":[],"addons":[],"_links":{"self":[{"href":"https:\/\/www.huntersfriend.eu\/de\/wp-json\/wp\/v2\/product\/280854","targetHints":{"allow":["GET"]}}],"collection":[{"href":"https:\/\/www.huntersfriend.eu\/de\/wp-json\/wp\/v2\/product"}],"about":[{"href":"https:\/\/www.huntersfriend.eu\/de\/wp-json\/wp\/v2\/types\/product"}],"replies":[{"embeddable":true,"href":"https:\/\/www.huntersfriend.eu\/de\/wp-json\/wp\/v2\/comments?post=280854"}],"wp:featuredmedia":[{"embeddable":true,"href":"https:\/\/www.huntersfriend.eu\/de\/wp-json\/wp\/v2\/media\/260227"}],"wp:attachment":[{"href":"https:\/\/www.huntersfriend.eu\/de\/wp-json\/wp\/v2\/media?parent=280854"}],"wp:term":[{"taxonomy":"product_brand","embeddable":true,"href":"https:\/\/www.huntersfriend.eu\/de\/wp-json\/wp\/v2\/product_brand?post=280854"},{"taxonomy":"product_cat","embeddable":true,"href":"https:\/\/www.huntersfriend.eu\/de\/wp-json\/wp\/v2\/product_cat?post=280854"},{"taxonomy":"product_tag","embeddable":true,"href":"https:\/\/www.huntersfriend.eu\/de\/wp-json\/wp\/v2\/product_tag?post=280854"}],"curies":[{"name":"wp","href":"https:\/\/api.w.org\/{rel}","templated":true}]}}