{"id":280850,"date":"2024-01-04T12:29:21","date_gmt":"2025-06-23T08:23:03","guid":{"rendered":"https:\/\/www.huntersfriend.eu\/product\/hagopur-fuchs-marder-wildschwein-lockstoff\/"},"modified":"2026-02-25T10:35:33","modified_gmt":"2026-02-25T08:35:33","slug":"hagopur-fuchs-marder-wildschwein-lockstoff","status":"publish","type":"product","link":"https:\/\/www.huntersfriend.eu\/de\/produkt\/hagopur-fuchs-marder-wildschwein-lockstoff\/","title":{"rendered":"Hagopur Fuchs-\/Marder-\/Wildschwein-Lockstoff"},"content":{"rendered":"<p>Lockstoff auf Basis von ger\u00e4uchertem Fischkonzentrat mit nat\u00fcrlichen Aromastoffen f\u00fcr Fuchs, Wildschwein und Marder. Mit Depoteffekt durch \u00f6lige Konsistenz. Inhalt: 250 ml.  <\/p>\n","protected":false},"excerpt":{"rendered":"<p>Lockstoff auf Basis von ger\u00e4uchertem Fischkonzentrat mit nat\u00fcrlichen Aromastoffen f\u00fcr Fuchs, Wildschwein und Marder. Mit Depoteffekt durch \u00f6lige Konsistenz. Inhalt: 250 ml.<\/p>\n","protected":false},"featured_media":260505,"comment_status":"open","ping_status":"closed","template":"","meta":[],"product_brand":[],"product_cat":[2856,1200],"product_tag":[],"class_list":{"0":"post-280850","1":"product","2":"type-product","3":"status-publish","4":"has-post-thumbnail","6":"product_cat-lockmedel-och-mineraler","7":"product_cat-lockstoffe-und-mineralien","9":"first","10":"instock","11":"taxable","12":"shipping-taxable","13":"purchasable","14":"product-type-simple"},"composite_virtual":false,"composite_layout":"","composite_add_to_cart_form_location":"","composite_editable_in_cart":false,"composite_sold_individually_context":"","composite_shop_price_calc":"","composite_components":[],"composite_scenarios":[],"group_of_quantity":0,"min_quantity":0,"max_quantity":"","exclude_order_quantity_value_rules":"no","exclude_category_quantity_rules":"no","combine_variations":"no","exclude_global_add_ons":[],"addons":[],"_links":{"self":[{"href":"https:\/\/www.huntersfriend.eu\/de\/wp-json\/wp\/v2\/product\/280850","targetHints":{"allow":["GET"]}}],"collection":[{"href":"https:\/\/www.huntersfriend.eu\/de\/wp-json\/wp\/v2\/product"}],"about":[{"href":"https:\/\/www.huntersfriend.eu\/de\/wp-json\/wp\/v2\/types\/product"}],"replies":[{"embeddable":true,"href":"https:\/\/www.huntersfriend.eu\/de\/wp-json\/wp\/v2\/comments?post=280850"}],"wp:featuredmedia":[{"embeddable":true,"href":"https:\/\/www.huntersfriend.eu\/de\/wp-json\/wp\/v2\/media\/260505"}],"wp:attachment":[{"href":"https:\/\/www.huntersfriend.eu\/de\/wp-json\/wp\/v2\/media?parent=280850"}],"wp:term":[{"taxonomy":"product_brand","embeddable":true,"href":"https:\/\/www.huntersfriend.eu\/de\/wp-json\/wp\/v2\/product_brand?post=280850"},{"taxonomy":"product_cat","embeddable":true,"href":"https:\/\/www.huntersfriend.eu\/de\/wp-json\/wp\/v2\/product_cat?post=280850"},{"taxonomy":"product_tag","embeddable":true,"href":"https:\/\/www.huntersfriend.eu\/de\/wp-json\/wp\/v2\/product_tag?post=280850"}],"curies":[{"name":"wp","href":"https:\/\/api.w.org\/{rel}","templated":true}]}}