{"id":280849,"date":"2024-01-04T12:29:32","date_gmt":"2025-06-23T08:23:03","guid":{"rendered":"https:\/\/www.huntersfriend.eu\/product\/hagopur-premium-waschbaeren-lockstoff\/"},"modified":"2026-02-25T10:35:35","modified_gmt":"2026-02-25T08:35:35","slug":"hagopur-premium-waschbaeren-lockstoff","status":"publish","type":"product","link":"https:\/\/www.huntersfriend.eu\/de\/produkt\/hagopur-premium-waschbaeren-lockstoff\/","title":{"rendered":"Hagopur Premium-Waschb\u00e4ren-Lockstoff"},"content":{"rendered":"<p><span class=\"a-list-item\">Applizieren Sie an der gew\u00fcnschten Stelle, z.B. an B\u00e4umen, Str\u00e4uchern und\/oder in der N\u00e4he von Futterstellen, indem Sie die Flasche sanft und sparsam andr\u00fccken. Nach ca. einer Woche wiederholen Sie die Anwendung. Eine ganzj\u00e4hrige Anwendung ist m\u00f6glich.   <\/span><\/p>\n<p>Hauptmerkmale:<\/p>\n<ul class=\"a-unordered-list a-vertical a-spacing-mini\">\n<li class=\"a-spacing-mini\"><span class=\"a-list-item\">Keine synthetischen Duftstoffe, alles auf nat\u00fcrlicher Basis.<\/span><\/li>\n<li class=\"a-spacing-mini\"><span class=\"a-list-item\">Lockstoff f\u00fcr Waschb\u00e4ren \/ 250 ml Flasche<\/span><\/li>\n<li class=\"a-spacing-mini\"><span class=\"a-list-item\">Waschb\u00e4ren werden das ganze Jahr \u00fcber magisch angezogen<\/span><\/li>\n<li class=\"a-spacing-mini\"><span class=\"a-list-item\">Zusammensetzung aus Fischfetten, Fetts\u00e4uren und nat\u00fcrlichen S\u00fc\u00dfungskomponenten<\/span><\/li>\n<\/ul>\n","protected":false},"excerpt":{"rendered":"<p>Applizieren Sie an der gew\u00fcnschten Stelle, z.B. an B\u00e4umen, Str\u00e4uchern und\/oder in der N\u00e4he von Futterstellen, indem Sie die Flasche sanft und sparsam andr\u00fccken. Nach ca. einer Woche wiederholen Sie die Anwendung. Eine ganzj\u00e4hrige Anwendung ist m\u00f6glich. Hauptmerkmale: Keine synthetischen Duftstoffe, alles auf nat\u00fcrlicher Basis. Lockstoff f\u00fcr Waschb\u00e4ren \/ 250 ml Flasche Waschb\u00e4ren werden das [&#8230;]\n","protected":false},"featured_media":260497,"comment_status":"open","ping_status":"closed","template":"","meta":[],"product_brand":[],"product_cat":[2856],"product_tag":[],"class_list":{"0":"post-280849","1":"product","2":"type-product","3":"status-publish","4":"has-post-thumbnail","6":"product_cat-lockmedel-och-mineraler","8":"first","9":"instock","10":"taxable","11":"shipping-taxable","12":"purchasable","13":"product-type-simple"},"composite_virtual":false,"composite_layout":"","composite_add_to_cart_form_location":"","composite_editable_in_cart":false,"composite_sold_individually_context":"","composite_shop_price_calc":"","composite_components":[],"composite_scenarios":[],"group_of_quantity":0,"min_quantity":0,"max_quantity":"","exclude_order_quantity_value_rules":"no","exclude_category_quantity_rules":"no","combine_variations":"no","exclude_global_add_ons":[],"addons":[],"_links":{"self":[{"href":"https:\/\/www.huntersfriend.eu\/de\/wp-json\/wp\/v2\/product\/280849","targetHints":{"allow":["GET"]}}],"collection":[{"href":"https:\/\/www.huntersfriend.eu\/de\/wp-json\/wp\/v2\/product"}],"about":[{"href":"https:\/\/www.huntersfriend.eu\/de\/wp-json\/wp\/v2\/types\/product"}],"replies":[{"embeddable":true,"href":"https:\/\/www.huntersfriend.eu\/de\/wp-json\/wp\/v2\/comments?post=280849"}],"wp:featuredmedia":[{"embeddable":true,"href":"https:\/\/www.huntersfriend.eu\/de\/wp-json\/wp\/v2\/media\/260497"}],"wp:attachment":[{"href":"https:\/\/www.huntersfriend.eu\/de\/wp-json\/wp\/v2\/media?parent=280849"}],"wp:term":[{"taxonomy":"product_brand","embeddable":true,"href":"https:\/\/www.huntersfriend.eu\/de\/wp-json\/wp\/v2\/product_brand?post=280849"},{"taxonomy":"product_cat","embeddable":true,"href":"https:\/\/www.huntersfriend.eu\/de\/wp-json\/wp\/v2\/product_cat?post=280849"},{"taxonomy":"product_tag","embeddable":true,"href":"https:\/\/www.huntersfriend.eu\/de\/wp-json\/wp\/v2\/product_tag?post=280849"}],"curies":[{"name":"wp","href":"https:\/\/api.w.org\/{rel}","templated":true}]}}