{"id":280848,"date":"2024-01-04T12:29:29","date_gmt":"2025-06-23T08:23:02","guid":{"rendered":"https:\/\/www.huntersfriend.eu\/product\/3m-peltor-bulls-eye-i-gehoerschutz\/"},"modified":"2025-08-10T04:24:10","modified_gmt":"2025-08-10T02:24:10","slug":"3m-peltor-bulls-eye-i-gehoerschutz","status":"publish","type":"product","link":"https:\/\/www.huntersfriend.eu\/de\/produkt\/3m-peltor-bulls-eye-i-gehoerschutz\/","title":{"rendered":"3M Peltor Bull&#8217;s Eye I Geh\u00f6rschutz"},"content":{"rendered":"<p class=\"mds-font_body sps2-pdp_description--benefit\">Reduziert Ger\u00e4uschpegel um bis zu 28 dB, getestet gem\u00e4\u00df EN 352:2020<\/p>\n<p class=\"mds-font_body sps2-pdp_description--benefit\">Konzipiert f\u00fcr den Einsatz bei der Jagd und beim Schie\u00dfsport<\/p>\n<p class=\"mds-font_body sps2-pdp_description--benefit\">Die gepolsterte Metallkopfb\u00fcgel-Konstruktion tr\u00e4gt dazu bei, eine gleichbleibende Kraft \u00fcber den Tag hinweg aufrechtzuerhalten, um zuverl\u00e4ssigen Schutz zu gew\u00e4hrleisten<\/p>\n<ul class=\"sps2-pdp_details--highlights_list\">\n<li class=\"sps2-pdp_details--highlights_item mds-font_paragraph\">Reduziert Ger\u00e4uschpegel um bis zu 28 dB, getestet gem\u00e4\u00df EN 352:2020<\/li>\n<li class=\"sps2-pdp_details--highlights_item mds-font_paragraph\">Konzipiert f\u00fcr den Einsatz bei der Jagd und beim Schie\u00dfsport<\/li>\n<li class=\"sps2-pdp_details--highlights_item mds-font_paragraph\">Die gepolsterte Metallkopfb\u00fcgel-Konstruktion tr\u00e4gt dazu bei, eine gleichbleibende Kraft \u00fcber den Tag hinweg aufrechtzuerhalten, um zuverl\u00e4ssigen Schutz zu gew\u00e4hrleisten<\/li>\n<li class=\"sps2-pdp_details--highlights_item mds-font_paragraph\">Abgeschr\u00e4gte Kapselform, speziell gestaltet, um jegliche Beeintr\u00e4chtigung durch den Gewehrkolben zu vermeiden und somit das Treffen des Ziels zu erleichtern<\/li>\n<li class=\"sps2-pdp_details--highlights_item mds-font_paragraph\">Weiche, breite Fl\u00fcssigkeits- und Schaumstoffpolster bieten optimale Abdichtung bei geringem Druck<\/li>\n<li class=\"sps2-pdp_details--highlights_item mds-font_paragraph\">Polster und Eins\u00e4tze sind als Ersatz-Hygienekits erh\u00e4ltlich<\/li>\n<li class=\"sps2-pdp_details--highlights_item mds-font_paragraph\">Zusammenklappbarer Kopfb\u00fcgel f\u00fcr einfache Aufbewahrung in Tasche oder Beutel<\/li>\n<\/ul>\n","protected":false},"excerpt":{"rendered":"<p>Reduziert Ger\u00e4uschpegel um bis zu 28 dB, getestet gem\u00e4\u00df EN 352:2020 Konzipiert f\u00fcr den Einsatz bei der Jagd und beim Schie\u00dfsport Die gepolsterte Metallkopfb\u00fcgel-Konstruktion tr\u00e4gt dazu bei, eine gleichbleibende Kraft \u00fcber den Tag hinweg aufrechtzuerhalten, um zuverl\u00e4ssigen Schutz zu gew\u00e4hrleisten Reduziert Ger\u00e4uschpegel um bis zu 28 dB, getestet gem\u00e4\u00df EN 352:2020 Konzipiert f\u00fcr den Einsatz [&#8230;]\n","protected":false},"featured_media":260201,"comment_status":"open","ping_status":"closed","template":"","meta":[],"product_brand":[],"product_cat":[1404,1424],"product_tag":[],"class_list":{"0":"post-280848","1":"product","2":"type-product","3":"status-publish","4":"has-post-thumbnail","6":"product_cat-jagdzubehor","7":"product_cat-augen-und-gehorschutz","9":"first","10":"instock","11":"taxable","12":"shipping-taxable","13":"purchasable","14":"product-type-simple"},"composite_virtual":false,"composite_layout":"","composite_add_to_cart_form_location":"","composite_editable_in_cart":false,"composite_sold_individually_context":"","composite_shop_price_calc":"","composite_components":[],"composite_scenarios":[],"group_of_quantity":0,"min_quantity":0,"max_quantity":"","exclude_order_quantity_value_rules":"no","exclude_category_quantity_rules":"no","combine_variations":"no","exclude_global_add_ons":[],"addons":[],"_links":{"self":[{"href":"https:\/\/www.huntersfriend.eu\/de\/wp-json\/wp\/v2\/product\/280848","targetHints":{"allow":["GET"]}}],"collection":[{"href":"https:\/\/www.huntersfriend.eu\/de\/wp-json\/wp\/v2\/product"}],"about":[{"href":"https:\/\/www.huntersfriend.eu\/de\/wp-json\/wp\/v2\/types\/product"}],"replies":[{"embeddable":true,"href":"https:\/\/www.huntersfriend.eu\/de\/wp-json\/wp\/v2\/comments?post=280848"}],"wp:featuredmedia":[{"embeddable":true,"href":"https:\/\/www.huntersfriend.eu\/de\/wp-json\/wp\/v2\/media\/260201"}],"wp:attachment":[{"href":"https:\/\/www.huntersfriend.eu\/de\/wp-json\/wp\/v2\/media?parent=280848"}],"wp:term":[{"taxonomy":"product_brand","embeddable":true,"href":"https:\/\/www.huntersfriend.eu\/de\/wp-json\/wp\/v2\/product_brand?post=280848"},{"taxonomy":"product_cat","embeddable":true,"href":"https:\/\/www.huntersfriend.eu\/de\/wp-json\/wp\/v2\/product_cat?post=280848"},{"taxonomy":"product_tag","embeddable":true,"href":"https:\/\/www.huntersfriend.eu\/de\/wp-json\/wp\/v2\/product_tag?post=280848"}],"curies":[{"name":"wp","href":"https:\/\/api.w.org\/{rel}","templated":true}]}}