{"id":280846,"date":"2024-01-04T12:30:41","date_gmt":"2024-01-04T10:30:41","guid":{"rendered":"https:\/\/www.huntersfriend.eu\/product\/zeiss-secacam-5-wildkamera\/"},"modified":"2025-08-10T04:34:20","modified_gmt":"2025-08-10T02:34:20","slug":"zeiss-secacam-5-wildkamera","status":"publish","type":"product","link":"https:\/\/www.huntersfriend.eu\/de\/produkt\/zeiss-secacam-5-wildkamera\/","title":{"rendered":"ZEISS secacam 5 Wildkamera"},"content":{"rendered":"<p>ZEISS Secacam Wildkameras gew\u00e4hren Ihnen durch detaillierte und kontrastreiche Aufnahmen einen Einblick in Ihr Jagdrevier. Ausgestattet mit 60 schwarzen LEDs f\u00fcr Infrarotblitz und einem \u00e4u\u00dferst empfindlichen CMOS-Sensor k\u00f6nnen ZEISS Secacam Wildkameras selbst in v\u00f6lliger Dunkelheit scharfe, gut beleuchtete Fotos und Videos aufnehmen. Das kompakte Design und das geringe Gewicht der ZEISS Secacam 5 erm\u00f6glichen eine einfache Installation an schwer zug\u00e4nglichen Stellen wie B\u00e4umen, B\u00fcschen oder anderen schwer erreichbaren Bereichen. Dies erm\u00f6glicht den Einsatz in verschiedenen Gel\u00e4ndearten und Lebensr\u00e4umen. ZEISS Secacam Wildkameras bieten attraktive und faire Datenpakete. Sie k\u00f6nnen zwischen einem Prepaid-Service oder mehreren monatlich k\u00fcndbaren Service-Paketen w\u00e4hlen. Keine Vertr\u00e4ge, keine versteckten Geb\u00fchren.     <\/p>\n<p>Anbringen und Aufnehmen ohne Umst\u00e4nde Befestigen Sie die ZEISS Secacam Wildkamera einfach mit dem Gurt, Kabelschloss oder Stativgewinde (Gurt im Lieferumfang enthalten) und beginnen Sie dank der Plug-and-Play-Funktion sofort mit der \u00dcberwachung. Alle Batterien, SD-Speicherkarte und SIM-Karte sind bereits installiert. Einfach zu aktivieren ZEISS Secacam Wildkameras sind sehr benutzerfreundlich, mit voreingestellten Einstellungen, die es Ihnen erm\u00f6glichen, sofort mit dem Aufnehmen zu beginnen. Wenn Sie jedoch \u00c4nderungen vornehmen m\u00f6chten, erleichtern das gro\u00dfe Farbdisplay und die beleuchteten Tasten dies.  <\/p>\n<p>M\u00fchelose Verbindung Im letzten Schritt vor der Aktivierung verbinden Sie Ihre ZEISS Secacam Wildkamera mit der ZEISS Secacam App. Geben Sie den mit der Kamera gelieferten Aktivierungscode in die App ein, um sie zu verbinden. Nun sind Sie bereit, Ihr Jagdrevier mit bester Bildqualit\u00e4t zu \u00fcberwachen. Zuverl\u00e4ssige App-Verbindung Mit der ZEISS Secacam App k\u00f6nnen Sie nicht nur Ihre Wildkamera steuern, sondern sie auch mit Ihren Kontakten teilen. Sie k\u00f6nnen auch die Statusinformationen der Kamera \u00fcberpr\u00fcfen, wie den Batteriestand, den Standort der Kamera auf der Karte einsehen oder die von der Kamera aufgenommenen Bilder in der Galerie betrachten.   <\/p>\n<p>Konzipiert f\u00fcr extreme Bedingungen ZEISS Secacam Wildkameras demonstrieren Spitzenqualit\u00e4t in ihrer Klasse, insbesondere unter h\u00e4rtesten Wetterbedingungen. Eine hochbest\u00e4ndige Dichtung sch\u00fctzt die Wildkamera vor Wasser, und ein robustes Geh\u00e4use h\u00e4lt selbst starkem Regen und Hagel stand. Auch Hitze und Schneefall beeintr\u00e4chtigen den Betrieb der ZEISS Secacam Wildkameras nicht. Schnelle Reaktionszeit Der hochempfindliche Bewegungssensor erkennt Tierbewegungen pr\u00e4zise. Die schnelle Reaktionszeit der ZEISS Secacam (&lt; 0,35 ~ 0,45 Sekunden) f\u00fchrt zu minimaler Bewegungsunsch\u00e4rfe. W\u00e4hrend der Ausl\u00f6sung passt die ZEISS Secacam Wildkamera die Blitzintensit\u00e4t automatisch an, die f\u00fcr Tiere und Menschen unsichtbar ist. Dies verhindert \u00dcberbelichtung und minimiert den Stromverbrauch der Kamera.      <\/p>\n<p>Hauptmerkmale:<\/p>\n<p>&nbsp;<\/p>\n<ul>\n<li>Sichtfeld: 60\u00b0<\/li>\n<li>LED Blitzinformationen: 60 x Schwarz-LED | 940 nM<\/li>\n<li>Blitzreichweite: ~ 30 m<\/li>\n<li>Reaktionszeit: &lt; 0,35 ~ 0,45 s<\/li>\n<li>\u00dcbertragene Bildaufl\u00f6sung: 1920 \u00d7 1440 px<\/li>\n<li>Sensortyp: CMOS<\/li>\n<li>Sensoraufl\u00f6sung: 5 MP (bis zu 12 MP interpoliert)<\/li>\n<li>Bewegungssensor-Reichweite: bis zu 25 m (abh\u00e4ngig von Objektgr\u00f6\u00dfe und Temperaturdifferenz)<\/li>\n<li>Bildschirmgr\u00f6\u00dfe: 2,40&#8243;<\/li>\n<li>Bildschirmtyp: TFT-LCD<\/li>\n<li>Anschl\u00fcsse: USB-C<\/li>\n<li>Stromquelle: 8 AA-Batterien (auch wiederaufladbare LR6 unterst\u00fctzt)<\/li>\n<li>Batteriefach: Integriert<\/li>\n<li>Speicherkarte: SD- oder SDHC-Karte bis zu 32 GB<\/li>\n<li>Mobilfunknetz: LTE (4G)<\/li>\n<li>\u00dcbertragungsprotokoll: HTTPS<\/li>\n<li>Standort: (Bei Kamerastart) GPS<\/li>\n<li>Empfohlene Betriebstemperatur: -20\u00b0C bis +55\u00b0C<\/li>\n<li>Abmessungen: <span style=\"font-size: 14.4px\">L: 130 mm x B: 100 mm x H: 70 mm<\/span><\/li>\n<li><span style=\"font-size: 14.4px\">Gewicht: (Ohne Batterien) <\/span><span style=\"font-size: 14.4px\">320 g<\/span><\/li>\n<\/ul>\n","protected":false},"excerpt":{"rendered":"<p>ZEISS Secacam Wildkameras gew\u00e4hren Ihnen durch detaillierte und kontrastreiche Aufnahmen einen Einblick in Ihr Jagdrevier. Ausgestattet mit 60 schwarzen LEDs f\u00fcr Infrarotblitz und einem \u00e4u\u00dferst empfindlichen CMOS-Sensor k\u00f6nnen ZEISS Secacam Wildkameras selbst in v\u00f6lliger Dunkelheit scharfe, gut beleuchtete Fotos und Videos aufnehmen. Das kompakte Design und das geringe Gewicht der ZEISS Secacam 5 erm\u00f6glichen eine [&#8230;]\n","protected":false},"featured_media":265228,"comment_status":"open","ping_status":"closed","template":"","meta":[],"product_brand":[],"product_cat":[1198],"product_tag":[],"class_list":{"0":"post-280846","1":"product","2":"type-product","3":"status-publish","4":"has-post-thumbnail","6":"product_cat-wildkameras","8":"first","9":"outofstock","10":"taxable","11":"shipping-taxable","12":"purchasable","13":"product-type-simple"},"composite_virtual":false,"composite_layout":"","composite_add_to_cart_form_location":"","composite_editable_in_cart":false,"composite_sold_individually_context":"","composite_shop_price_calc":"","composite_components":[],"composite_scenarios":[],"group_of_quantity":0,"min_quantity":0,"max_quantity":"","exclude_order_quantity_value_rules":"no","exclude_category_quantity_rules":"no","combine_variations":"no","exclude_global_add_ons":[],"addons":[],"_links":{"self":[{"href":"https:\/\/www.huntersfriend.eu\/de\/wp-json\/wp\/v2\/product\/280846","targetHints":{"allow":["GET"]}}],"collection":[{"href":"https:\/\/www.huntersfriend.eu\/de\/wp-json\/wp\/v2\/product"}],"about":[{"href":"https:\/\/www.huntersfriend.eu\/de\/wp-json\/wp\/v2\/types\/product"}],"replies":[{"embeddable":true,"href":"https:\/\/www.huntersfriend.eu\/de\/wp-json\/wp\/v2\/comments?post=280846"}],"wp:featuredmedia":[{"embeddable":true,"href":"https:\/\/www.huntersfriend.eu\/de\/wp-json\/wp\/v2\/media\/265228"}],"wp:attachment":[{"href":"https:\/\/www.huntersfriend.eu\/de\/wp-json\/wp\/v2\/media?parent=280846"}],"wp:term":[{"taxonomy":"product_brand","embeddable":true,"href":"https:\/\/www.huntersfriend.eu\/de\/wp-json\/wp\/v2\/product_brand?post=280846"},{"taxonomy":"product_cat","embeddable":true,"href":"https:\/\/www.huntersfriend.eu\/de\/wp-json\/wp\/v2\/product_cat?post=280846"},{"taxonomy":"product_tag","embeddable":true,"href":"https:\/\/www.huntersfriend.eu\/de\/wp-json\/wp\/v2\/product_tag?post=280846"}],"curies":[{"name":"wp","href":"https:\/\/api.w.org\/{rel}","templated":true}]}}