{"id":280844,"date":"2018-11-19T12:58:50","date_gmt":"2025-06-23T08:19:03","guid":{"rendered":"https:\/\/www.huntersfriend.eu\/product\/saunders-kraftzuguebungsgeraet\/"},"modified":"2025-06-23T10:19:03","modified_gmt":"2025-06-23T08:19:03","slug":"saunders-kraftzuguebungsgeraet","status":"publish","type":"product","link":"https:\/\/www.huntersfriend.eu\/de\/produkt\/saunders-kraftzuguebungsgeraet\/","title":{"rendered":"Saunders Kraftzug\u00fcbungsger\u00e4t"},"content":{"rendered":"<ul>\n<li>Aufw\u00e4rm- und \u00dcbungsband von Saunders.<strong>Hauptmerkmale:<\/strong>\n<ul>\n<li>Integrierter Griff repliziert das Gef\u00fchl eines Bogens.<\/li>\n<li>Kompaktes Design erm\u00f6glicht das \u00dcben an jedem Ort.<\/li>\n<li>Zwei B\u00e4nder f\u00fcr leichtere \u00dcbungen mit hoher Wiederholungszahl oder intensiveren Muskelaufbau.<\/li>\n<li>Das Ziehen beider B\u00e4nder entspricht einem Zuggewicht von 31,75 kg und einer L\u00e4nge von 78,74 cm.<\/li>\n<\/ul>\n<\/li>\n<\/ul>\n","protected":false},"excerpt":{"rendered":"<p>Aufw\u00e4rm- und \u00dcbungsband von Saunders.Hauptmerkmale: Integrierter Griff repliziert das Gef\u00fchl eines Bogens. Kompaktes Design erm\u00f6glicht das \u00dcben an jedem Ort. Zwei B\u00e4nder f\u00fcr leichtere \u00dcbungen mit hoher Wiederholungszahl oder intensiveren Muskelaufbau. Das Ziehen beider B\u00e4nder entspricht einem Zuggewicht von 31,75 kg und einer L\u00e4nge von 78,74 cm.<\/p>\n","protected":false},"featured_media":244324,"comment_status":"open","ping_status":"closed","template":"","meta":[],"product_brand":[],"product_cat":[1256],"product_tag":[],"class_list":{"0":"post-280844","1":"product","2":"type-product","3":"status-publish","4":"has-post-thumbnail","6":"product_cat-verschiedenes-bogenschiessen","8":"first","9":"instock","10":"taxable","11":"shipping-taxable","12":"purchasable","13":"product-type-simple"},"composite_virtual":false,"composite_layout":"","composite_add_to_cart_form_location":"","composite_editable_in_cart":false,"composite_sold_individually_context":"","composite_shop_price_calc":"","composite_components":[],"composite_scenarios":[],"group_of_quantity":0,"min_quantity":0,"max_quantity":"","exclude_order_quantity_value_rules":"no","exclude_category_quantity_rules":"no","combine_variations":"no","exclude_global_add_ons":[],"addons":[],"_links":{"self":[{"href":"https:\/\/www.huntersfriend.eu\/de\/wp-json\/wp\/v2\/product\/280844","targetHints":{"allow":["GET"]}}],"collection":[{"href":"https:\/\/www.huntersfriend.eu\/de\/wp-json\/wp\/v2\/product"}],"about":[{"href":"https:\/\/www.huntersfriend.eu\/de\/wp-json\/wp\/v2\/types\/product"}],"replies":[{"embeddable":true,"href":"https:\/\/www.huntersfriend.eu\/de\/wp-json\/wp\/v2\/comments?post=280844"}],"wp:featuredmedia":[{"embeddable":true,"href":"https:\/\/www.huntersfriend.eu\/de\/wp-json\/wp\/v2\/media\/244324"}],"wp:attachment":[{"href":"https:\/\/www.huntersfriend.eu\/de\/wp-json\/wp\/v2\/media?parent=280844"}],"wp:term":[{"taxonomy":"product_brand","embeddable":true,"href":"https:\/\/www.huntersfriend.eu\/de\/wp-json\/wp\/v2\/product_brand?post=280844"},{"taxonomy":"product_cat","embeddable":true,"href":"https:\/\/www.huntersfriend.eu\/de\/wp-json\/wp\/v2\/product_cat?post=280844"},{"taxonomy":"product_tag","embeddable":true,"href":"https:\/\/www.huntersfriend.eu\/de\/wp-json\/wp\/v2\/product_tag?post=280844"}],"curies":[{"name":"wp","href":"https:\/\/api.w.org\/{rel}","templated":true}]}}