{"id":280842,"date":"2018-11-19T12:58:49","date_gmt":"2025-06-23T08:19:01","guid":{"rendered":"https:\/\/www.huntersfriend.eu\/product\/bucktrail-universalschaerfer\/"},"modified":"2026-03-26T13:44:03","modified_gmt":"2026-03-26T11:44:03","slug":"bucktrail-universalschaerfer","status":"publish","type":"product","link":"https:\/\/www.huntersfriend.eu\/de\/produkt\/bucktrail-universalschaerfer\/","title":{"rendered":"Bucktrail Universalsch\u00e4rfer"},"content":{"rendered":"<p>Universelles Werkzeug zum Verj\u00fcngen von Holzpfeilsch\u00e4ften, um Nocken und Spitzen anzupassen.<\/p>\n<p>Dieses Instrument erm\u00f6glicht die Verj\u00fcngung sowohl von 5\/16- als auch von 11\/32-Zoll-Sch\u00e4ften.<\/p>\n","protected":false},"excerpt":{"rendered":"<p>f\u00fcr Holzsch\u00e4fte 5\/16 und 11\/32 Zoll<\/p>\n","protected":false},"featured_media":210477,"comment_status":"open","ping_status":"closed","template":"","meta":[],"product_brand":[],"product_cat":[2644],"product_tag":[],"class_list":{"0":"post-280842","1":"product","2":"type-product","3":"status-publish","4":"has-post-thumbnail","6":"product_cat-andra-verktyg-for-pilbygge","8":"first","9":"instock","10":"taxable","11":"shipping-taxable","12":"purchasable","13":"product-type-simple"},"composite_virtual":false,"composite_layout":"","composite_add_to_cart_form_location":"","composite_editable_in_cart":false,"composite_sold_individually_context":"","composite_shop_price_calc":"","composite_components":[],"composite_scenarios":[],"group_of_quantity":0,"min_quantity":0,"max_quantity":"","exclude_order_quantity_value_rules":"no","exclude_category_quantity_rules":"no","combine_variations":"no","exclude_global_add_ons":[],"addons":[],"_links":{"self":[{"href":"https:\/\/www.huntersfriend.eu\/de\/wp-json\/wp\/v2\/product\/280842","targetHints":{"allow":["GET"]}}],"collection":[{"href":"https:\/\/www.huntersfriend.eu\/de\/wp-json\/wp\/v2\/product"}],"about":[{"href":"https:\/\/www.huntersfriend.eu\/de\/wp-json\/wp\/v2\/types\/product"}],"replies":[{"embeddable":true,"href":"https:\/\/www.huntersfriend.eu\/de\/wp-json\/wp\/v2\/comments?post=280842"}],"wp:featuredmedia":[{"embeddable":true,"href":"https:\/\/www.huntersfriend.eu\/de\/wp-json\/wp\/v2\/media\/210477"}],"wp:attachment":[{"href":"https:\/\/www.huntersfriend.eu\/de\/wp-json\/wp\/v2\/media?parent=280842"}],"wp:term":[{"taxonomy":"product_brand","embeddable":true,"href":"https:\/\/www.huntersfriend.eu\/de\/wp-json\/wp\/v2\/product_brand?post=280842"},{"taxonomy":"product_cat","embeddable":true,"href":"https:\/\/www.huntersfriend.eu\/de\/wp-json\/wp\/v2\/product_cat?post=280842"},{"taxonomy":"product_tag","embeddable":true,"href":"https:\/\/www.huntersfriend.eu\/de\/wp-json\/wp\/v2\/product_tag?post=280842"}],"curies":[{"name":"wp","href":"https:\/\/api.w.org\/{rel}","templated":true}]}}