{"id":280840,"date":"2024-01-04T12:30:31","date_gmt":"2024-01-04T10:30:31","guid":{"rendered":"https:\/\/www.huntersfriend.eu\/product\/kahles-helia-red-dot\/"},"modified":"2025-06-25T03:26:34","modified_gmt":"2025-06-25T01:26:34","slug":"kahles-helia-red-dot","status":"publish","type":"product","link":"https:\/\/www.huntersfriend.eu\/de\/produkt\/kahles-helia-red-dot\/","title":{"rendered":"Kahles helia Red Dot"},"content":{"rendered":"<p>Das KAHLES HELIA RD wurde f\u00fcr den intuitiven Schuss konzipiert. Es verf\u00fcgt \u00fcber eine einzigartige Anti-Reflexions-Beschichtung f\u00fcr klare Sicht und einen pr\u00e4zisen 2 MOA-Punkt f\u00fcr minimale Zielabdeckung. <\/p>\n<ul>\n<li>Einzigartige Anti-Reflexions-Beschichtung f\u00fcr klare Sicht<\/li>\n<li>Pr\u00e4ziser 2 MOA-Punkt und Easyclick<\/li>\n<li>Picatinny-Montage<\/li>\n<li>4 manuelle Beleuchtungseinstellungen mit intelligentem automatischem Abschalten<\/li>\n<li>Einfacher Batteriewechsel<\/li>\n<\/ul>\n<table>\n<tbody>\n<tr>\n<td><\/td>\n<td><\/td>\n<td><\/td>\n<\/tr>\n<tr>\n<td><strong>HELIA RD<\/strong><\/td>\n<td><\/td>\n<td><\/td>\n<\/tr>\n<tr>\n<td>Vergr\u00f6\u00dferung:<\/td>\n<td>1,0<\/td>\n<td><\/td>\n<\/tr>\n<tr>\n<td>Fenstergr\u00f6\u00dfe:<\/td>\n<td>26 x 22 mm<\/td>\n<td><\/td>\n<\/tr>\n<tr>\n<td>Treffpunktkorrektur \/ Klick:<\/td>\n<td>15 mm \/ 50 m<\/td>\n<td><\/td>\n<\/tr>\n<tr>\n<td>Verstellbereich H \/ S (m \/ 100m):<\/td>\n<td>4,0 \/ 2,5<\/td>\n<td><\/td>\n<\/tr>\n<tr>\n<td>L\u00e4nge:<\/td>\n<td>55 mm<\/td>\n<td><\/td>\n<\/tr>\n<tr>\n<td>Gewicht:<\/td>\n<td>42 g<\/td>\n<td><\/td>\n<\/tr>\n<tr>\n<td>Rotpunktgr\u00f6\u00dfe:<\/td>\n<td>2 MOA<\/td>\n<td><\/td>\n<\/tr>\n<tr>\n<td>Beleuchtungseinstellung (manuell):<\/td>\n<td>4 Stufen<\/td>\n<td><\/td>\n<\/tr>\n<tr>\n<td>Automatisches Licht:<\/td>\n<td>\u2713<\/td>\n<td><\/td>\n<\/tr>\n<tr>\n<td>Batterietyp:<\/td>\n<td>CR2032<\/td>\n<td><\/td>\n<\/tr>\n<tr>\n<td>Gummiabdeckung mit Ersatzbatteriefach:<\/td>\n<td>\u2713<\/td>\n<td><\/td>\n<\/tr>\n<tr>\n<td>Picatinny\/Weaver-Montage:<\/td>\n<td>\u2713<\/td>\n<td><\/td>\n<\/tr>\n<tr>\n<td>Adapterplatte:<\/td>\n<td>&#8211;<\/td>\n<td><\/td>\n<\/tr>\n<tr>\n<td>Garantie:<\/td>\n<td>2 Jahre<\/td>\n<\/tr>\n<\/tbody>\n<\/table>\n","protected":false},"excerpt":{"rendered":"<p>Das KAHLES HELIA RD wurde f\u00fcr den intuitiven Schuss konzipiert. Es verf\u00fcgt \u00fcber eine einzigartige Anti-Reflexions-Beschichtung f\u00fcr klare Sicht und einen pr\u00e4zisen 2 MOA-Punkt f\u00fcr minimale Zielabdeckung. Einzigartige Anti-Reflexions-Beschichtung f\u00fcr klare Sicht Pr\u00e4ziser 2 MOA-Punkt und Easyclick Picatinny-Montage 4 manuelle Beleuchtungseinstellungen mit intelligentem automatischem Abschalten Einfacher Batteriewechsel HELIA RD Vergr\u00f6\u00dferung: 1,0 Fenstergr\u00f6\u00dfe: 26 x 22 [&#8230;]\n","protected":false},"featured_media":261039,"comment_status":"open","ping_status":"closed","template":"","meta":[],"product_brand":[],"product_cat":[1132],"product_tag":[],"class_list":{"0":"post-280840","1":"product","2":"type-product","3":"status-publish","4":"has-post-thumbnail","6":"product_cat-zielfernrohre","8":"first","9":"outofstock","10":"taxable","11":"shipping-taxable","12":"purchasable","13":"product-type-simple"},"composite_virtual":false,"composite_layout":"","composite_add_to_cart_form_location":"","composite_editable_in_cart":false,"composite_sold_individually_context":"","composite_shop_price_calc":"","composite_components":[],"composite_scenarios":[],"group_of_quantity":0,"min_quantity":0,"max_quantity":"","exclude_order_quantity_value_rules":"no","exclude_category_quantity_rules":"no","combine_variations":"no","exclude_global_add_ons":[],"addons":[],"_links":{"self":[{"href":"https:\/\/www.huntersfriend.eu\/de\/wp-json\/wp\/v2\/product\/280840","targetHints":{"allow":["GET"]}}],"collection":[{"href":"https:\/\/www.huntersfriend.eu\/de\/wp-json\/wp\/v2\/product"}],"about":[{"href":"https:\/\/www.huntersfriend.eu\/de\/wp-json\/wp\/v2\/types\/product"}],"replies":[{"embeddable":true,"href":"https:\/\/www.huntersfriend.eu\/de\/wp-json\/wp\/v2\/comments?post=280840"}],"wp:featuredmedia":[{"embeddable":true,"href":"https:\/\/www.huntersfriend.eu\/de\/wp-json\/wp\/v2\/media\/261039"}],"wp:attachment":[{"href":"https:\/\/www.huntersfriend.eu\/de\/wp-json\/wp\/v2\/media?parent=280840"}],"wp:term":[{"taxonomy":"product_brand","embeddable":true,"href":"https:\/\/www.huntersfriend.eu\/de\/wp-json\/wp\/v2\/product_brand?post=280840"},{"taxonomy":"product_cat","embeddable":true,"href":"https:\/\/www.huntersfriend.eu\/de\/wp-json\/wp\/v2\/product_cat?post=280840"},{"taxonomy":"product_tag","embeddable":true,"href":"https:\/\/www.huntersfriend.eu\/de\/wp-json\/wp\/v2\/product_tag?post=280840"}],"curies":[{"name":"wp","href":"https:\/\/api.w.org\/{rel}","templated":true}]}}