{"id":280834,"date":"2024-01-04T12:30:29","date_gmt":"2024-01-04T10:30:29","guid":{"rendered":"https:\/\/www.huntersfriend.eu\/product\/kahles-helia-ti-25\/"},"modified":"2025-11-27T11:14:25","modified_gmt":"2025-11-27T09:14:25","slug":"kahles-helia-ti-25","status":"publish","type":"product","link":"https:\/\/www.huntersfriend.eu\/de\/produkt\/kahles-helia-ti-25\/","title":{"rendered":"Kahles helia TI 25"},"content":{"rendered":"<p>In jedem Detail sind die KAHLES HELIA TI W\u00e4rmebildger\u00e4te radikal f\u00fcr die Jagd optimiert. Sie kombinieren intuitive, einfache Handhabung mit hervorragender Bildleistung. Kein Knopf zu viel, keiner an der falschen Stelle. Kompromisslos einfache und schnelle Erkennung bei Tag und Nacht.   <\/p>\n<ul>\n<li>Radikal einfach und intuitiv \u2013 mit nur 2 Bedienkn\u00f6pfen<\/li>\n<li>Exzellente Bildleistung mit hoher Detailaufl\u00f6sung<\/li>\n<li>Einsatzbereit in nur 2 Sekunden<\/li>\n<li>Intelligente automatische Display-Ein-\/Ausschaltung mit Neigungs- und Bewegungssensor<\/li>\n<li>Sturzsicher, wasserdicht und einsatzbereit bei extremen Temperaturen<\/li>\n<li>Besonders lange Akkulaufzeit \u2013 selbst bei -20\u00b0 Celsius<\/li>\n<li>Ergonomisches, rollsicheres Design und perfekt platzierte Bedienelemente<\/li>\n<\/ul>\n<p><strong>ANSICHTSMODI:<\/strong><\/p>\n<p><img decoding=\"async\" class=\"alignnone size-full wp-image-260628\" src=\"https:\/\/www.huntersfriend.eu\/app\/uploads\/2024\/01\/HELIA-TI-RedOnly.jpg\" alt=\"\" width=\"200\" height=\"133\"> <img decoding=\"async\" class=\"alignnone size-medium wp-image-260631\" src=\"https:\/\/www.huntersfriend.eu\/app\/uploads\/2024\/01\/HELIA-TI-BlackHot.jpg\" alt=\"\" width=\"200\" height=\"133\"> <img decoding=\"async\" class=\"alignnone size-medium wp-image-260634\" src=\"https:\/\/www.huntersfriend.eu\/app\/uploads\/2024\/01\/HELIA-TI-WhiteHot.jpg\" alt=\"\" width=\"200\" height=\"133\"><\/p>\n<p><strong>TECHNISCHE INFORMATIONEN:<\/strong><\/p>\n<table cellspacing=\"0\" cellpadding=\"0\">\n<tbody>\n<tr>\n<td><strong>HELIA <\/strong><\/td>\n<td><strong>TI 25<\/strong><\/td>\n<\/tr>\n<tr>\n<td>Objektivlinse<\/td>\n<td>25 mm, F1.0<\/td>\n<\/tr>\n<tr>\n<td>Sensoraufl\u00f6sung (Pixel)<\/td>\n<td>384\u00d7288; 17 \u03bcm<\/td>\n<\/tr>\n<tr>\n<td>Sensortyp<\/td>\n<td>Ungek\u00fchlte Vanadiumoxid<br \/>\nFocal-Plane-Arrays<\/td>\n<\/tr>\n<tr>\n<td>Thermische Empfindlichkeit \u2013 NETD (mK)<\/td>\n<td>&lt;35<\/td>\n<\/tr>\n<tr>\n<td>Displayaufl\u00f6sung (Pixel)<\/td>\n<td>1.024\u00d7768<\/td>\n<\/tr>\n<tr>\n<td>Display-Bildwiederholrate (Hz)<\/td>\n<td>50<\/td>\n<\/tr>\n<tr>\n<td>Displaytyp<\/td>\n<td>OLED<\/td>\n<\/tr>\n<tr>\n<td>Sichtfeld (\u00b0)<\/td>\n<td>14,88\u00d711,19<\/td>\n<\/tr>\n<tr>\n<td>Sichtfeld (m\/100m)<\/td>\n<td>26<\/td>\n<\/tr>\n<tr>\n<td>Sichtfeld (ft\/100yds)<\/td>\n<td>78<\/td>\n<\/tr>\n<tr>\n<td>Scheinbares Sichtfeld (\u00b0)<\/td>\n<td>25&#215;18,7<\/td>\n<\/tr>\n<tr>\n<td>Optische Vergr\u00f6\u00dferung<\/td>\n<td>1,7<\/td>\n<\/tr>\n<tr>\n<td>Digitaler Zoom<\/td>\n<td>1x, 2x, 4x<\/td>\n<\/tr>\n<tr>\n<td>Erkennung (m)*<\/td>\n<td>1250<\/td>\n<\/tr>\n<tr>\n<td>Wiedererkennung (m)**<\/td>\n<td>417<\/td>\n<\/tr>\n<tr>\n<td>Identifikation (m)***<\/td>\n<td>208<\/td>\n<\/tr>\n<tr>\n<td>Akkutyp<\/td>\n<td>Wiederaufladbarer Lithium-Ionen-Akku<\/td>\n<\/tr>\n<tr>\n<td>Akkulaufzeit<\/td>\n<td>bis zu 8 Stunden<\/td>\n<\/tr>\n<tr>\n<td>Betriebstemperatur (\u00b0C)<\/td>\n<td>-20 \/ +50<\/td>\n<\/tr>\n<tr>\n<td>L\u00e4nge x Breite x H\u00f6he (mm)<\/td>\n<td>198 \u00d7 68 \u00d7 63<\/td>\n<\/tr>\n<tr>\n<td>Gewicht (g)<\/td>\n<td>430<\/td>\n<\/tr>\n<tr>\n<td>Wasserdicht<\/td>\n<td>\u2713<\/td>\n<\/tr>\n<tr>\n<td>Fokus<\/td>\n<td>manuell<\/td>\n<\/tr>\n<tr>\n<td>Startzeit (s)<\/td>\n<td>2<\/td>\n<\/tr>\n<tr>\n<td>Automatische Display-Ein-\/Ausschaltung<\/td>\n<td>\u2713<\/td>\n<\/tr>\n<tr>\n<td>Farbmodi<\/td>\n<td>White Hot, Black Hot, Red Only<\/td>\n<\/tr>\n<tr>\n<td>Garantie<\/td>\n<td>3 Jahre<\/td>\n<\/tr>\n<tr>\n<td>Zubeh\u00f6r (im Lieferumfang enthalten)<\/td>\n<td>Objektivschutzdeckel<br \/>\nTrageriemen mit Schnellverschluss<br \/>\nNeopren-Schutzh\u00fclle<br \/>\nUSB-C Ladekabel<\/td>\n<\/tr>\n<\/tbody>\n<\/table>\n<p>&nbsp;<\/p>\n<p>* Erkennungsentfernung 1,7 x 0,5 \/ 2px (m)<br \/>\n** Wiedererkennungsentfernung 1,7 x 0,5 \/ 6px (m)<br \/>\n*** Identifizierungsentfernung 1,7 x 0,5 \/ 12px (m)<\/p>\n","protected":false},"excerpt":{"rendered":"<p>In jedem Detail sind die KAHLES HELIA TI W\u00e4rmebildger\u00e4te radikal f\u00fcr die Jagd optimiert. Sie kombinieren intuitive, einfache Handhabung mit hervorragender Bildleistung. Kein Knopf zu viel, keiner an der falschen Stelle. Kompromisslos einfache und schnelle Erkennung bei Tag und Nacht. Radikal einfach und intuitiv \u2013 mit nur 2 Bedienkn\u00f6pfen Exzellente Bildleistung mit hoher Detailaufl\u00f6sung Einsatzbereit [&#8230;]\n","protected":false},"featured_media":260644,"comment_status":"open","ping_status":"closed","template":"","meta":[],"product_brand":[],"product_cat":[1376],"product_tag":[],"class_list":{"0":"post-280834","1":"product","2":"type-product","3":"status-publish","4":"has-post-thumbnail","6":"product_cat-warmebildtechnik","8":"first","9":"outofstock","10":"taxable","11":"shipping-taxable","12":"purchasable","13":"product-type-simple"},"composite_virtual":false,"composite_layout":"","composite_add_to_cart_form_location":"","composite_editable_in_cart":false,"composite_sold_individually_context":"","composite_shop_price_calc":"","composite_components":[],"composite_scenarios":[],"group_of_quantity":0,"min_quantity":0,"max_quantity":"","exclude_order_quantity_value_rules":"no","exclude_category_quantity_rules":"no","combine_variations":"no","exclude_global_add_ons":[],"addons":[],"_links":{"self":[{"href":"https:\/\/www.huntersfriend.eu\/de\/wp-json\/wp\/v2\/product\/280834","targetHints":{"allow":["GET"]}}],"collection":[{"href":"https:\/\/www.huntersfriend.eu\/de\/wp-json\/wp\/v2\/product"}],"about":[{"href":"https:\/\/www.huntersfriend.eu\/de\/wp-json\/wp\/v2\/types\/product"}],"replies":[{"embeddable":true,"href":"https:\/\/www.huntersfriend.eu\/de\/wp-json\/wp\/v2\/comments?post=280834"}],"wp:featuredmedia":[{"embeddable":true,"href":"https:\/\/www.huntersfriend.eu\/de\/wp-json\/wp\/v2\/media\/260644"}],"wp:attachment":[{"href":"https:\/\/www.huntersfriend.eu\/de\/wp-json\/wp\/v2\/media?parent=280834"}],"wp:term":[{"taxonomy":"product_brand","embeddable":true,"href":"https:\/\/www.huntersfriend.eu\/de\/wp-json\/wp\/v2\/product_brand?post=280834"},{"taxonomy":"product_cat","embeddable":true,"href":"https:\/\/www.huntersfriend.eu\/de\/wp-json\/wp\/v2\/product_cat?post=280834"},{"taxonomy":"product_tag","embeddable":true,"href":"https:\/\/www.huntersfriend.eu\/de\/wp-json\/wp\/v2\/product_tag?post=280834"}],"curies":[{"name":"wp","href":"https:\/\/api.w.org\/{rel}","templated":true}]}}