{"id":280833,"date":"2024-01-04T12:30:32","date_gmt":"2024-01-04T10:30:32","guid":{"rendered":"https:\/\/www.huntersfriend.eu\/product\/kahles-ballistischer-turm\/"},"modified":"2025-06-23T10:18:47","modified_gmt":"2025-06-23T08:18:47","slug":"kahles-ballistischer-turm","status":"publish","type":"product","link":"https:\/\/www.huntersfriend.eu\/de\/produkt\/kahles-ballistischer-turm\/","title":{"rendered":"Kahles ballistischer Turm"},"content":{"rendered":"<p>Die HELIA ballistischen T\u00fcrme (BT) nehmen die Ungewissheit beim Zielen auf unterschiedliche Schussdistanzen. Sie beeindrucken durch benutzerfreundliche Bedienung und individuelle Anpassung an die Ballistik. HELIA ballistische T\u00fcrme k\u00f6nnen vom Benutzer in wenigen einfachen Schritten montiert werden. Die mitgelieferten, klar erkennbaren Aufkleber bieten die M\u00f6glichkeit, zu 100% pr\u00e4zise Markierungen f\u00fcr individuelle Ballistiken anzubringen, die bei Bedarf schnell und einfach ge\u00e4ndert werden k\u00f6nnen.   <\/p>\n<p>Die HELIA ballistischen T\u00fcrme sind ausschlie\u00dflich f\u00fcr die Zielfernrohre HELIA und HELIA 3 erh\u00e4ltlich.<\/p>\n","protected":false},"excerpt":{"rendered":"<p>Die HELIA ballistischen T\u00fcrme (BT) nehmen die Ungewissheit beim Zielen auf unterschiedliche Schussdistanzen. Sie beeindrucken durch benutzerfreundliche Bedienung und individuelle Anpassung an die Ballistik. HELIA ballistische T\u00fcrme k\u00f6nnen vom Benutzer in wenigen einfachen Schritten montiert werden. Die mitgelieferten, klar erkennbaren Aufkleber bieten die M\u00f6glichkeit, zu 100% pr\u00e4zise Markierungen f\u00fcr individuelle Ballistiken anzubringen, die bei Bedarf [&#8230;]\n","protected":false},"featured_media":261053,"comment_status":"open","ping_status":"closed","template":"","meta":[],"product_brand":[],"product_cat":[1145],"product_tag":[],"class_list":{"0":"post-280833","1":"product","2":"type-product","3":"status-publish","4":"has-post-thumbnail","6":"product_cat-sonstiges","8":"first","9":"outofstock","10":"sale","11":"taxable","12":"shipping-taxable","13":"purchasable","14":"product-type-simple"},"composite_virtual":false,"composite_layout":"","composite_add_to_cart_form_location":"","composite_editable_in_cart":false,"composite_sold_individually_context":"","composite_shop_price_calc":"","composite_components":[],"composite_scenarios":[],"group_of_quantity":0,"min_quantity":0,"max_quantity":"","exclude_order_quantity_value_rules":"no","exclude_category_quantity_rules":"no","combine_variations":"no","exclude_global_add_ons":[],"addons":[],"_links":{"self":[{"href":"https:\/\/www.huntersfriend.eu\/de\/wp-json\/wp\/v2\/product\/280833","targetHints":{"allow":["GET"]}}],"collection":[{"href":"https:\/\/www.huntersfriend.eu\/de\/wp-json\/wp\/v2\/product"}],"about":[{"href":"https:\/\/www.huntersfriend.eu\/de\/wp-json\/wp\/v2\/types\/product"}],"replies":[{"embeddable":true,"href":"https:\/\/www.huntersfriend.eu\/de\/wp-json\/wp\/v2\/comments?post=280833"}],"wp:featuredmedia":[{"embeddable":true,"href":"https:\/\/www.huntersfriend.eu\/de\/wp-json\/wp\/v2\/media\/261053"}],"wp:attachment":[{"href":"https:\/\/www.huntersfriend.eu\/de\/wp-json\/wp\/v2\/media?parent=280833"}],"wp:term":[{"taxonomy":"product_brand","embeddable":true,"href":"https:\/\/www.huntersfriend.eu\/de\/wp-json\/wp\/v2\/product_brand?post=280833"},{"taxonomy":"product_cat","embeddable":true,"href":"https:\/\/www.huntersfriend.eu\/de\/wp-json\/wp\/v2\/product_cat?post=280833"},{"taxonomy":"product_tag","embeddable":true,"href":"https:\/\/www.huntersfriend.eu\/de\/wp-json\/wp\/v2\/product_tag?post=280833"}],"curies":[{"name":"wp","href":"https:\/\/api.w.org\/{rel}","templated":true}]}}