{"id":280830,"date":"2024-01-04T12:30:26","date_gmt":"2025-06-23T08:18:39","guid":{"rendered":"https:\/\/www.huntersfriend.eu\/product\/swarovski-slp-o-50-zf-objektivschutz\/"},"modified":"2025-07-24T05:53:40","modified_gmt":"2025-07-24T03:53:40","slug":"swarovski-slp-o-50-zf-objektivschutz","status":"publish","type":"product","link":"https:\/\/www.huntersfriend.eu\/de\/produkt\/swarovski-slp-o-50-zf-objektivschutz\/","title":{"rendered":"Swarovski SLP-o-50 ZF Objektivschutz"},"content":{"rendered":"<p>Der SLP-O Zielfernrohr-Objektivschutz sch\u00fctzt Objektivlinsen vor den Auswirkungen aller Wetterbedingungen. Die Aluminiumabdeckung kann um 360\u00b0 gedreht werden, l\u00e4sst sich in jede Richtung \u00f6ffnen und verf\u00fcgt \u00fcber einen magnetischen Verschluss. Passend f\u00fcr alle SWAROVSKI OPTIK Zielfernrohre mit 50mm gro\u00dfen Linsen.  <\/p>\n","protected":false},"excerpt":{"rendered":"<p>Der SLP-O Zielfernrohr-Objektivschutz sch\u00fctzt Objektivlinsen vor den Auswirkungen aller Wetterbedingungen. Die Aluminiumabdeckung kann um 360\u00b0 gedreht werden, l\u00e4sst sich in jede Richtung \u00f6ffnen und verf\u00fcgt \u00fcber einen magnetischen Verschluss. Passend f\u00fcr alle SWAROVSKI OPTIK Zielfernrohre mit 50mm gro\u00dfen Linsen.<\/p>\n","protected":false},"featured_media":260321,"comment_status":"open","ping_status":"closed","template":"","meta":[],"product_brand":[],"product_cat":[1412,1132],"product_tag":[],"class_list":{"0":"post-280830","1":"product","2":"type-product","3":"status-publish","4":"has-post-thumbnail","6":"product_cat-fernglaszubehor","7":"product_cat-zielfernrohre","9":"first","10":"instock","11":"taxable","12":"shipping-taxable","13":"purchasable","14":"product-type-simple"},"composite_virtual":false,"composite_layout":"","composite_add_to_cart_form_location":"","composite_editable_in_cart":false,"composite_sold_individually_context":"","composite_shop_price_calc":"","composite_components":[],"composite_scenarios":[],"group_of_quantity":0,"min_quantity":0,"max_quantity":"","exclude_order_quantity_value_rules":"no","exclude_category_quantity_rules":"no","combine_variations":"no","exclude_global_add_ons":[],"addons":[],"_links":{"self":[{"href":"https:\/\/www.huntersfriend.eu\/de\/wp-json\/wp\/v2\/product\/280830","targetHints":{"allow":["GET"]}}],"collection":[{"href":"https:\/\/www.huntersfriend.eu\/de\/wp-json\/wp\/v2\/product"}],"about":[{"href":"https:\/\/www.huntersfriend.eu\/de\/wp-json\/wp\/v2\/types\/product"}],"replies":[{"embeddable":true,"href":"https:\/\/www.huntersfriend.eu\/de\/wp-json\/wp\/v2\/comments?post=280830"}],"wp:featuredmedia":[{"embeddable":true,"href":"https:\/\/www.huntersfriend.eu\/de\/wp-json\/wp\/v2\/media\/260321"}],"wp:attachment":[{"href":"https:\/\/www.huntersfriend.eu\/de\/wp-json\/wp\/v2\/media?parent=280830"}],"wp:term":[{"taxonomy":"product_brand","embeddable":true,"href":"https:\/\/www.huntersfriend.eu\/de\/wp-json\/wp\/v2\/product_brand?post=280830"},{"taxonomy":"product_cat","embeddable":true,"href":"https:\/\/www.huntersfriend.eu\/de\/wp-json\/wp\/v2\/product_cat?post=280830"},{"taxonomy":"product_tag","embeddable":true,"href":"https:\/\/www.huntersfriend.eu\/de\/wp-json\/wp\/v2\/product_tag?post=280830"}],"curies":[{"name":"wp","href":"https:\/\/api.w.org\/{rel}","templated":true}]}}